{"id":2143,"date":"2019-06-10T10:22:06","date_gmt":"2019-06-10T07:22:06","guid":{"rendered":"http:\/\/davas.site\/kaidankiho\/?page_id=2143"},"modified":"2025-12-25T10:03:48","modified_gmt":"2025-12-25T08:03:48","slug":"villas","status":"publish","type":"page","link":"https:\/\/kaidankiho.com\/de\/villas\/","title":{"rendered":"Villas"},"content":{"rendered":"<h1>VILLAS, DIE \u00d6KOLO&#173;GISCHEN LUXUS BIETEN<\/h1>\n<div>\n<p>\u00a0<\/p>\n<p><strong>Unsere vier Villen bieten einen gro\u00dfartigen Rahmen f\u00fcr einen H\u00fcttenurlaub oder eine Tagung. W\u00e4hlen Sie das Ferienhaus, das Ihren Bed\u00fcrfnissen am besten entspricht. Alle Villen sind vorz\u00fcglich ausgestattet.<\/strong><\/p>\n<p>\u00a0<\/p>\n<\/div>\n<div>\n<p><strong>Bei uns k\u00f6nnen Sie sich gut gelaunt in den Luxusvillen entspannen, denn wir haben sowohl in der Bauphase der Villen als auch bei deren Instandhaltung die \u00f6kologischen Aspekte ber\u00fccksichtigt. Wir haben umweltfreundliche Baustoffe und Bautechniken gew\u00e4hlt, ohne dabei auf den Komfort zu verzichten.\u00a0<a href=\"https:\/\/kaidankiho.com\/de\/verantwortlichkeit\/\" target=\"_blank\" rel=\"noopener\">Lesen Sie mehr<\/a><\/strong><\/p>\n<p><strong>Bei uns kommt das Trinkwasser direkt aus dem Wasserhahn und am Strand pl\u00e4tschert sauberes Badewasser!<\/strong><\/p>\n<p><strong>Bei Ihrer Ankunft erhalten Sie eine pers\u00f6nliche Einweisung. Jedes Ferienhaus verf\u00fcgt \u00fcber einen eigenen Strand, einen Steg und ein Boot sowie WLAN. Zur Ausstattung geh\u00f6ren saubere Saunat\u00fccher sowie Bettw\u00e4sche, Toiletten- und K\u00fcchenpapier, \u00f6kologische Reinigungsmittel und Brennholz usw.<\/strong><\/p>\n<p><strong>Detailliertere Ausstattungslisten finden Sie auf der eigenen Pr\u00e4sentationsseite jeder Villa.<\/strong><\/p>\n<\/div>\n<ul>\n<li>\n<p>        <img decoding=\"async\" src=\"\/wp-content\/uploads\/2019\/05\/Kaidan-Kunkku-summer-900.jpg\" alt=\"Valmuska -huvila\"><\/p>\n<h4>Villa Kaidan Kunkku<\/h4>\n<div>\n<p>Holzhaus, 160 m\u00b2<br \/>8 + 2 Schlafpl\u00e4tze<\/p>\n<\/div>\n<p><a href=\"https:\/\/kaidankiho.com\/de\/villas\/kaidan-kunkku\/\">Lesen Sie mehr und buche<\/a><\/p>\n<\/li>\n<li>\n<p>        <img decoding=\"async\" src=\"\/wp-content\/uploads\/2019\/05\/kaidankiho-hapero-kesa.jpg\" alt=\"Valmuska -huvila\"><\/p>\n<h4>Villa Hapero<\/h4>\n<div>\n<p>Holzhaus, 145 m\u00b2<br \/>6 Schlafpl\u00e4tze.<\/p>\n<\/div>\n<p><a href=\"https:\/\/kaidankiho.com\/de\/villas\/hapero\/\">Lesen Sie mehr und buche<\/a><\/p>\n<\/li>\n<li>\n<p>        <img decoding=\"async\" src=\"\/wp-content\/uploads\/2019\/05\/Kilpikonna-kesa-900.jpg\" alt=\"Valmuska -huvila\"><\/p>\n<h4>Villa Kilpikonna <\/h4>\n<div>\n<p>Holzhaus, 115 m\u00b2<br \/>6 Schlafpl\u00e4tze<\/p>\n<\/div>\n<p><a href=\"https:\/\/kaidankiho.com\/de\/villas\/kilpikonna\/\">Lesen Sie mehr und buche<\/a><\/p>\n<\/li>\n<\/ul>\n<p><!--more--><br \/>\n<!-- {\"type\":\"layout\",\"children\":[{\"type\":\"section\",\"props\":{\"image_position\":\"center-center\",\"style\":\"secondary\",\"title_breakpoint\":\"xl\",\"title_position\":\"top-left\",\"title_rotation\":\"left\",\"vertical_align\":\"\",\"width\":\"large\"},\"children\":[{\"type\":\"row\",\"props\":{\"layout\":\"1-2,1-2\"},\"children\":[{\"type\":\"column\",\"props\":{\"image_position\":\"center-center\",\"position_sticky_breakpoint\":\"m\",\"width_medium\":\"1-2\"},\"children\":[{\"type\":\"headline\",\"props\":{\"content\":\"VILLAS, DIE \\u00d6KOLO&#173;GISCHEN LUXUS BIETEN\",\"title_element\":\"h1\",\"title_style\":\"heading-small\"}},{\"type\":\"text\",\"props\":{\"column_breakpoint\":\"m\",\"content\":\"\n\n<p>\\u00a0<\\\/p>\\n\n\n<p><strong>Unsere vier Villen bieten einen gro\\u00dfartigen Rahmen f\\u00fcr einen H\\u00fcttenurlaub oder eine Tagung. W\\u00e4hlen Sie das Ferienhaus, das Ihren Bed\\u00fcrfnissen am besten entspricht. Alle Villen sind vorz\\u00fcglich ausgestattet.<\\\/strong><\\\/p>\\n\n\n<p>\\u00a0<\\\/p>\",\"margin\":\"default\"}}]},{\"type\":\"column\",\"props\":{\"image_position\":\"center-center\",\"position_sticky_breakpoint\":\"m\",\"width_medium\":\"1-2\"},\"children\":[{\"type\":\"text\",\"props\":{\"column_breakpoint\":\"m\",\"content\":\"\n\n<p><strong>Bei uns k\\u00f6nnen Sie sich gut gelaunt in den Luxusvillen entspannen, denn wir haben sowohl in der Bauphase der Villen als auch bei deren Instandhaltung die \\u00f6kologischen Aspekte ber\\u00fccksichtigt. Wir haben umweltfreundliche Baustoffe und Bautechniken gew\\u00e4hlt, ohne dabei auf den Komfort zu verzichten.\\u00a0<a href=\\\"https:\\\/\\\/kaidankiho.com\\\/de\\\/verantwortlichkeit\\\/\\\" target=\\\"_blank\\\" rel=\\\"noopener\\\">Lesen Sie mehr<\\\/a><\\\/strong><\\\/p>\\n\n\n<p><strong>Bei uns kommt das Trinkwasser direkt aus dem Wasserhahn und am Strand pl\\u00e4tschert sauberes Badewasser!<\\\/strong><\\\/p>\\n\n\n<p><strong>Bei Ihrer Ankunft erhalten Sie eine pers\\u00f6nliche Einweisung. Jedes Ferienhaus verf\\u00fcgt \\u00fcber einen eigenen Strand, einen Steg und ein Boot sowie WLAN. Zur Ausstattung geh\\u00f6ren saubere Saunat\\u00fccher sowie Bettw\\u00e4sche, Toiletten- und K\\u00fcchenpapier, \\u00f6kologische Reinigungsmittel und Brennholz usw.<\\\/strong><\\\/p>\\n\n\n<p><strong>Detailliertere Ausstattungslisten finden Sie auf der eigenen Pr\\u00e4sentationsseite jeder Villa.<\\\/strong><\\\/p>\",\"margin\":\"default\"}}]}]}]},{\"type\":\"section\",\"props\":{\"image_position\":\"center-center\",\"style\":\"default\",\"title_breakpoint\":\"xl\",\"title_position\":\"top-left\",\"title_rotation\":\"left\",\"vertical_align\":\"\",\"width\":\"large\"},\"children\":[{\"type\":\"row\",\"children\":[{\"type\":\"column\",\"props\":{\"image_position\":\"center-center\",\"position_sticky_breakpoint\":\"m\",\"width_medium\":\"1-1\"},\"children\":[{\"type\":\"grid\",\"props\":{\"content_column_breakpoint\":\"m\",\"filter_align\":\"left\",\"filter_all\":true,\"filter_grid_breakpoint\":\"m\",\"filter_grid_width\":\"auto\",\"filter_position\":\"top\",\"filter_style\":\"tab\",\"grid_default\":\"1\",\"grid_medium\":\"3\",\"grid_small\":\"2\",\"icon_width\":80,\"image_align\":\"between\",\"image_border\":\"rounded\",\"image_grid_breakpoint\":\"m\",\"image_grid_width\":\"1-2\",\"image_svg_color\":\"emphasis\",\"item_animation\":true,\"lightbox_bg_close\":true,\"link_style\":\"\",\"link_text\":\"Lesen Sie mehr und buche\",\"margin\":\"default\",\"margin_remove_top\":true,\"meta_align\":\"below-title\",\"meta_element\":\"div\",\"meta_style\":\"\",\"panel_image_no_padding\":true,\"panel_link\":true,\"panel_link_hover\":\"true\",\"panel_padding\":\"small\",\"panel_style\":\"card-default\",\"parallax_easing\":\"1\",\"show_content\":true,\"show_hover_image\":true,\"show_hover_video\":true,\"show_image\":true,\"show_link\":true,\"show_meta\":true,\"show_title\":true,\"show_video\":true,\"title_align\":\"top\",\"title_element\":\"h4\",\"title_grid_breakpoint\":\"m\",\"title_grid_width\":\"1-2\",\"title_hover_style\":\"reset\",\"title_style\":\"h4\"},\"children\":[{\"type\":\"grid_item\",\"props\":{\"content\":\"\n\n<p>Holzhaus, 160 m\\u00b2<br \\\/>8 + 2 Schlafpl\\u00e4tze<\\\/p>\",\"image\":\"wp-content\\\/uploads\\\/2019\\\/05\\\/Kaidan-Kunkku-summer-900.jpg\",\"image_alt\":\"Valmuska -huvila\",\"link\":\"de\\\/villas\\\/kaidan-kunkku\\\/\",\"meta\":\"\",\"title\":\"Villa Kaidan Kunkku\"}},{\"type\":\"grid_item\",\"props\":{\"content\":\"\n\n<p>Holzhaus, 145 m\\u00b2<br \\\/>6 Schlafpl\\u00e4tze.<\\\/p>\",\"image\":\"wp-content\\\/uploads\\\/2019\\\/05\\\/kaidankiho-hapero-kesa.jpg\",\"image_alt\":\"Valmuska -huvila\",\"link\":\"de\\\/villas\\\/hapero\\\/\",\"meta\":\"\",\"title\":\"Villa Hapero\"}},{\"type\":\"grid_item\",\"props\":{\"content\":\"\n\n<p>Holzhaus, 115 m\\u00b2<br \\\/>6 Schlafpl\\u00e4tze<\\\/p>\",\"image\":\"wp-content\\\/uploads\\\/2019\\\/05\\\/Kilpikonna-kesa-900.jpg\",\"image_alt\":\"Valmuska -huvila\",\"link\":\"de\\\/villas\\\/kilpikonna\\\/\",\"meta\":\"\",\"title\":\"Villa Kilpikonna \"}}],\"name\":\"kohteet de 2\"}]}]}]}],\"version\":\"4.5.32\"} --><\/p>\n","protected":false},"excerpt":{"rendered":"<p>VILLAS, DIE \u00d6KOLO&#173;GISCHEN LUXUS BIETEN \u00a0 Unsere vier Villen bieten einen gro\u00dfartigen Rahmen f\u00fcr einen H\u00fcttenurlaub oder eine Tagung. W\u00e4hlen Sie das Ferienhaus, das Ihren Bed\u00fcrfnissen am besten entspricht. Alle Villen sind vorz\u00fcglich ausgestattet. \u00a0 Bei uns k\u00f6nnen Sie sich gut gelaunt in den Luxusvillen entspannen, denn wir haben sowohl in der Bauphase der Villen [&hellip;]<\/p>\n","protected":false},"author":1,"featured_media":2056,"parent":0,"menu_order":0,"comment_status":"closed","ping_status":"closed","template":"","meta":{"footnotes":""},"class_list":["post-2143","page","type-page","status-publish","has-post-thumbnail","hentry","wpautop"],"yoast_head":"<!-- This site is optimized with the Yoast SEO plugin v27.3 - https:\/\/yoast.com\/product\/yoast-seo-wordpress\/ -->\n<title>Villas - Kaidan Kiho, Ferienh\u00e4user im Mikkeli, Finland<\/title>\n<meta name=\"description\" content=\"In unseren luxuri\u00f6sen Ferienh\u00e4usern k\u00f6nnen Sie ruhigen Gewissens entspannen, Instandhaltung unserer H\u00e4user erfolgen stets nach \u00f6kologischen Standards.\" \/>\n<meta name=\"robots\" content=\"index, follow, max-snippet:-1, max-image-preview:large, max-video-preview:-1\" \/>\n<link rel=\"canonical\" href=\"https:\/\/kaidankiho.com\/de\/villas\/\" \/>\n<meta property=\"og:locale\" content=\"de_DE\" \/>\n<meta property=\"og:type\" content=\"article\" \/>\n<meta property=\"og:title\" content=\"Villas - Kaidan Kiho, Ferienh\u00e4user im Mikkeli, Finland\" \/>\n<meta property=\"og:description\" content=\"In unseren luxuri\u00f6sen Ferienh\u00e4usern k\u00f6nnen Sie ruhigen Gewissens entspannen, Instandhaltung unserer H\u00e4user erfolgen stets nach \u00f6kologischen Standards.\" \/>\n<meta property=\"og:url\" content=\"https:\/\/kaidankiho.com\/de\/villas\/\" \/>\n<meta property=\"og:site_name\" content=\"Kaidan Kiho, Ferienh\u00e4user im Mikkeli, Finland\" \/>\n<meta property=\"article:publisher\" content=\"https:\/\/www.facebook.com\/kaidankiho\" \/>\n<meta property=\"article:modified_time\" content=\"2025-12-25T08:03:48+00:00\" \/>\n<meta property=\"og:image\" content=\"https:\/\/kaidankiho.com\/wp-content\/uploads\/2019\/06\/kaidankiho-kaidankunkku-kesa.jpg\" \/>\n\t<meta property=\"og:image:width\" content=\"1900\" \/>\n\t<meta property=\"og:image:height\" content=\"900\" \/>\n\t<meta property=\"og:image:type\" content=\"image\/jpeg\" \/>\n<meta name=\"twitter:card\" content=\"summary_large_image\" \/>\n<meta name=\"twitter:label1\" content=\"Gesch\u00e4tzte Lesezeit\" \/>\n\t<meta name=\"twitter:data1\" content=\"1\u00a0Minute\" \/>\n<script type=\"application\/ld+json\" class=\"yoast-schema-graph\">{\"@context\":\"https:\\\/\\\/schema.org\",\"@graph\":[{\"@type\":\"WebPage\",\"@id\":\"https:\\\/\\\/kaidankiho.com\\\/de\\\/villas\\\/\",\"url\":\"https:\\\/\\\/kaidankiho.com\\\/de\\\/villas\\\/\",\"name\":\"Villas - Kaidan Kiho, Ferienh\u00e4user im Mikkeli, Finland\",\"isPartOf\":{\"@id\":\"https:\\\/\\\/kaidankiho.com\\\/de\\\/#website\"},\"primaryImageOfPage\":{\"@id\":\"https:\\\/\\\/kaidankiho.com\\\/de\\\/villas\\\/#primaryimage\"},\"image\":{\"@id\":\"https:\\\/\\\/kaidankiho.com\\\/de\\\/villas\\\/#primaryimage\"},\"thumbnailUrl\":\"https:\\\/\\\/kaidankiho.com\\\/wp-content\\\/uploads\\\/2019\\\/06\\\/kaidankiho-kaidankunkku-kesa.jpg\",\"datePublished\":\"2019-06-10T07:22:06+00:00\",\"dateModified\":\"2025-12-25T08:03:48+00:00\",\"description\":\"In unseren luxuri\u00f6sen Ferienh\u00e4usern k\u00f6nnen Sie ruhigen Gewissens entspannen, Instandhaltung unserer H\u00e4user erfolgen stets nach \u00f6kologischen Standards.\",\"breadcrumb\":{\"@id\":\"https:\\\/\\\/kaidankiho.com\\\/de\\\/villas\\\/#breadcrumb\"},\"inLanguage\":\"de\",\"potentialAction\":[{\"@type\":\"ReadAction\",\"target\":[\"https:\\\/\\\/kaidankiho.com\\\/de\\\/villas\\\/\"]}]},{\"@type\":\"ImageObject\",\"inLanguage\":\"de\",\"@id\":\"https:\\\/\\\/kaidankiho.com\\\/de\\\/villas\\\/#primaryimage\",\"url\":\"https:\\\/\\\/kaidankiho.com\\\/wp-content\\\/uploads\\\/2019\\\/06\\\/kaidankiho-kaidankunkku-kesa.jpg\",\"contentUrl\":\"https:\\\/\\\/kaidankiho.com\\\/wp-content\\\/uploads\\\/2019\\\/06\\\/kaidankiho-kaidankunkku-kesa.jpg\",\"width\":1900,\"height\":900},{\"@type\":\"BreadcrumbList\",\"@id\":\"https:\\\/\\\/kaidankiho.com\\\/de\\\/villas\\\/#breadcrumb\",\"itemListElement\":[{\"@type\":\"ListItem\",\"position\":1,\"name\":\"Home\",\"item\":\"https:\\\/\\\/kaidankiho.com\\\/de\\\/\"},{\"@type\":\"ListItem\",\"position\":2,\"name\":\"Villas\"}]},{\"@type\":\"WebSite\",\"@id\":\"https:\\\/\\\/kaidankiho.com\\\/de\\\/#website\",\"url\":\"https:\\\/\\\/kaidankiho.com\\\/de\\\/\",\"name\":\"Kaidan Kiho, Mikkelin Ristiina\",\"description\":\"Vuokrahuviloita\",\"publisher\":{\"@id\":\"https:\\\/\\\/kaidankiho.com\\\/de\\\/#organization\"},\"alternateName\":\"Korkeatasoisia vuokrahuviloita\",\"potentialAction\":[{\"@type\":\"SearchAction\",\"target\":{\"@type\":\"EntryPoint\",\"urlTemplate\":\"https:\\\/\\\/kaidankiho.com\\\/de\\\/?s={search_term_string}\"},\"query-input\":{\"@type\":\"PropertyValueSpecification\",\"valueRequired\":true,\"valueName\":\"search_term_string\"}}],\"inLanguage\":\"de\"},{\"@type\":\"Organization\",\"@id\":\"https:\\\/\\\/kaidankiho.com\\\/de\\\/#organization\",\"name\":\"Kaidan kiho\",\"url\":\"https:\\\/\\\/kaidankiho.com\\\/de\\\/\",\"logo\":{\"@type\":\"ImageObject\",\"inLanguage\":\"de\",\"@id\":\"https:\\\/\\\/kaidankiho.com\\\/de\\\/#\\\/schema\\\/logo\\\/image\\\/\",\"url\":\"https:\\\/\\\/kaidankiho.com\\\/wp-content\\\/uploads\\\/2019\\\/06\\\/kaidankiho-fav.png\",\"contentUrl\":\"https:\\\/\\\/kaidankiho.com\\\/wp-content\\\/uploads\\\/2019\\\/06\\\/kaidankiho-fav.png\",\"width\":54,\"height\":54,\"caption\":\"Kaidan kiho\"},\"image\":{\"@id\":\"https:\\\/\\\/kaidankiho.com\\\/de\\\/#\\\/schema\\\/logo\\\/image\\\/\"},\"sameAs\":[\"https:\\\/\\\/www.facebook.com\\\/kaidankiho\",\"https:\\\/\\\/www.instagram.com\\\/\"]}]}<\/script>\n<!-- \/ Yoast SEO plugin. -->","yoast_head_json":{"title":"Villas - Kaidan Kiho, Ferienh\u00e4user im Mikkeli, Finland","description":"In unseren luxuri\u00f6sen Ferienh\u00e4usern k\u00f6nnen Sie ruhigen Gewissens entspannen, Instandhaltung unserer H\u00e4user erfolgen stets nach \u00f6kologischen Standards.","robots":{"index":"index","follow":"follow","max-snippet":"max-snippet:-1","max-image-preview":"max-image-preview:large","max-video-preview":"max-video-preview:-1"},"canonical":"https:\/\/kaidankiho.com\/de\/villas\/","og_locale":"de_DE","og_type":"article","og_title":"Villas - Kaidan Kiho, Ferienh\u00e4user im Mikkeli, Finland","og_description":"In unseren luxuri\u00f6sen Ferienh\u00e4usern k\u00f6nnen Sie ruhigen Gewissens entspannen, Instandhaltung unserer H\u00e4user erfolgen stets nach \u00f6kologischen Standards.","og_url":"https:\/\/kaidankiho.com\/de\/villas\/","og_site_name":"Kaidan Kiho, Ferienh\u00e4user im Mikkeli, Finland","article_publisher":"https:\/\/www.facebook.com\/kaidankiho","article_modified_time":"2025-12-25T08:03:48+00:00","og_image":[{"width":1900,"height":900,"url":"https:\/\/kaidankiho.com\/wp-content\/uploads\/2019\/06\/kaidankiho-kaidankunkku-kesa.jpg","type":"image\/jpeg"}],"twitter_card":"summary_large_image","twitter_misc":{"Gesch\u00e4tzte Lesezeit":"1\u00a0Minute"},"schema":{"@context":"https:\/\/schema.org","@graph":[{"@type":"WebPage","@id":"https:\/\/kaidankiho.com\/de\/villas\/","url":"https:\/\/kaidankiho.com\/de\/villas\/","name":"Villas - Kaidan Kiho, Ferienh\u00e4user im Mikkeli, Finland","isPartOf":{"@id":"https:\/\/kaidankiho.com\/de\/#website"},"primaryImageOfPage":{"@id":"https:\/\/kaidankiho.com\/de\/villas\/#primaryimage"},"image":{"@id":"https:\/\/kaidankiho.com\/de\/villas\/#primaryimage"},"thumbnailUrl":"https:\/\/kaidankiho.com\/wp-content\/uploads\/2019\/06\/kaidankiho-kaidankunkku-kesa.jpg","datePublished":"2019-06-10T07:22:06+00:00","dateModified":"2025-12-25T08:03:48+00:00","description":"In unseren luxuri\u00f6sen Ferienh\u00e4usern k\u00f6nnen Sie ruhigen Gewissens entspannen, Instandhaltung unserer H\u00e4user erfolgen stets nach \u00f6kologischen Standards.","breadcrumb":{"@id":"https:\/\/kaidankiho.com\/de\/villas\/#breadcrumb"},"inLanguage":"de","potentialAction":[{"@type":"ReadAction","target":["https:\/\/kaidankiho.com\/de\/villas\/"]}]},{"@type":"ImageObject","inLanguage":"de","@id":"https:\/\/kaidankiho.com\/de\/villas\/#primaryimage","url":"https:\/\/kaidankiho.com\/wp-content\/uploads\/2019\/06\/kaidankiho-kaidankunkku-kesa.jpg","contentUrl":"https:\/\/kaidankiho.com\/wp-content\/uploads\/2019\/06\/kaidankiho-kaidankunkku-kesa.jpg","width":1900,"height":900},{"@type":"BreadcrumbList","@id":"https:\/\/kaidankiho.com\/de\/villas\/#breadcrumb","itemListElement":[{"@type":"ListItem","position":1,"name":"Home","item":"https:\/\/kaidankiho.com\/de\/"},{"@type":"ListItem","position":2,"name":"Villas"}]},{"@type":"WebSite","@id":"https:\/\/kaidankiho.com\/de\/#website","url":"https:\/\/kaidankiho.com\/de\/","name":"Kaidan Kiho, Mikkelin Ristiina","description":"Vuokrahuviloita","publisher":{"@id":"https:\/\/kaidankiho.com\/de\/#organization"},"alternateName":"Korkeatasoisia vuokrahuviloita","potentialAction":[{"@type":"SearchAction","target":{"@type":"EntryPoint","urlTemplate":"https:\/\/kaidankiho.com\/de\/?s={search_term_string}"},"query-input":{"@type":"PropertyValueSpecification","valueRequired":true,"valueName":"search_term_string"}}],"inLanguage":"de"},{"@type":"Organization","@id":"https:\/\/kaidankiho.com\/de\/#organization","name":"Kaidan kiho","url":"https:\/\/kaidankiho.com\/de\/","logo":{"@type":"ImageObject","inLanguage":"de","@id":"https:\/\/kaidankiho.com\/de\/#\/schema\/logo\/image\/","url":"https:\/\/kaidankiho.com\/wp-content\/uploads\/2019\/06\/kaidankiho-fav.png","contentUrl":"https:\/\/kaidankiho.com\/wp-content\/uploads\/2019\/06\/kaidankiho-fav.png","width":54,"height":54,"caption":"Kaidan kiho"},"image":{"@id":"https:\/\/kaidankiho.com\/de\/#\/schema\/logo\/image\/"},"sameAs":["https:\/\/www.facebook.com\/kaidankiho","https:\/\/www.instagram.com\/"]}]}},"_links":{"self":[{"href":"https:\/\/kaidankiho.com\/de\/wp-json\/wp\/v2\/pages\/2143","targetHints":{"allow":["GET"]}}],"collection":[{"href":"https:\/\/kaidankiho.com\/de\/wp-json\/wp\/v2\/pages"}],"about":[{"href":"https:\/\/kaidankiho.com\/de\/wp-json\/wp\/v2\/types\/page"}],"author":[{"embeddable":true,"href":"https:\/\/kaidankiho.com\/de\/wp-json\/wp\/v2\/users\/1"}],"replies":[{"embeddable":true,"href":"https:\/\/kaidankiho.com\/de\/wp-json\/wp\/v2\/comments?post=2143"}],"version-history":[{"count":0,"href":"https:\/\/kaidankiho.com\/de\/wp-json\/wp\/v2\/pages\/2143\/revisions"}],"wp:featuredmedia":[{"embeddable":true,"href":"https:\/\/kaidankiho.com\/de\/wp-json\/wp\/v2\/media\/2056"}],"wp:attachment":[{"href":"https:\/\/kaidankiho.com\/de\/wp-json\/wp\/v2\/media?parent=2143"}],"curies":[{"name":"wp","href":"https:\/\/api.w.org\/{rel}","templated":true}]}}