{"id":2365,"date":"2019-06-10T15:33:47","date_gmt":"2019-06-10T12:33:47","guid":{"rendered":"http:\/\/davas.site\/kaidankiho\/?page_id=2365"},"modified":"2024-03-01T12:46:36","modified_gmt":"2024-03-01T10:46:36","slug":"dinge-zu-tun","status":"publish","type":"page","link":"https:\/\/kaidankiho.com\/de\/dinge-zu-tun\/","title":{"rendered":"Dinge zu tun"},"content":{"rendered":"<h1>Dinge zu tun<\/h1>\n<div>\n<p><strong>Als besonderes Extra hat das Haus Kaidan Kunkku eine beliebte Rauchsauna zu bieten, in der Sie bis in die Morgenstunden saunieren k\u00f6nnen. Es besteht bei allen Ferienh\u00e4usern die M\u00f6glichkeit, einen privaten Badezuber zu mieten (zum selbst heizen oder fertig beheizt). Das weitere Angebot umfasst eine Strandsauna, Grillh\u00fctte, Elektromotoren, Badem\u00e4ntel, Fahrr\u00e4der, Schneeschuhe und Karaoke-Maschinen. <\/strong><\/p>\n<p><strong>Der Wald und der See bieten gro\u00dfartige M\u00f6glichkeiten f\u00fcr verschiedene spannende Aktivit\u00e4ten. Angeltouren ins Saimaa-Gebiet einschlie\u00dflich Angellizenz und Wanderausfl\u00fcge k\u00f6nnen nach den W\u00fcnschen der G\u00e4ste organisiert werden. <\/strong><\/p>\n<p><strong>Gegen eine kleine Geb\u00fchr liefert Gastgeberin Leena au\u00dferdem Fr\u00fchst\u00fcck, Kaffee oder sonstige Speisen direkt an die H\u00fctte. Gastgeber Esko beim Grillen von Lachs auf offenem Feuer zuzusehen ist ebenso ein Erlebnis wie die Besichtigung der Netze unter der Eisfl\u00e4che im Winter. Und wenn es dann Zeit f\u00fcr die Heimreise ist, brauchen Sie sich um nichts mehr zu k\u00fcmmern, denn wir \u00fcbernehmen die Endreinigung.<\/strong><\/p>\n<\/div>\n<ul>\n<li>\n<p>        <img decoding=\"async\" src=\"\/wp-content\/uploads\/2019\/05\/smoke-sauna.jpg\" alt=\"Rauchsauna\"><\/p>\n<h4>Rauchsauna<\/h4>\n<div>\n<p>In der Rauchsauna Sie bis in die Morgenstunden saunieren k\u00f6nnen.<\/p>\n<\/p>\n<\/div>\n<\/li>\n<li>\n<p>        <img decoding=\"async\" src=\"\/wp-content\/uploads\/2019\/05\/kaidankiho_kylpypalju.jpg\" alt=\"Badezuber\"><\/p>\n<h4>Badezuber<\/h4>\n<div>\n<p>Saunaabende, Junggesellenabschiede, Geburtstagsfeiern, Weihnachtsfeiern oder gem\u00fctliche Familienabende. Der Zuber hat einen Durchmesser von 175 cm x 185 cm. Die Beheizung erfolgt per integriertem Holzofen. Bietet Platz f\u00fcr 6-8 Personen.<\/p>\n<\/div>\n<p><a href=\"\/de\/dinge-zu-tun\/kylpypalju\/\"><\/a><\/p>\n<\/li>\n<li>\n<p>        <img decoding=\"async\" src=\"\/wp-content\/uploads\/2019\/05\/Valmuska-kokous.jpg\" alt=\"Gruppen und treffen\"><\/p>\n<h4>Gruppen und Treffen<\/h4>\n<div>\n<p>Sammeln Sie Ihr Team und genie\u00dfen Sie ein anderes Team Tag, Treffen oder Training in Kaidan Kiho.<\/p>\n<\/div>\n<\/li>\n<li>\n<p>        <img decoding=\"async\" src=\"\/wp-content\/uploads\/2021\/04\/pyorailya_valmuska-pieni.jpg\" alt=\"\"><\/p>\n<h4>Radfahren<\/h4>\n<div>\n<p data-pm-slice=\"1 1 []\">Mieten Sie ein Elektrofahrrad.<\/p>\n<\/div>\n<p><a href=\"https:\/\/kaidankiho.johku.com\/de_DE\/leihausrustung\/elektrofahrrad\"><\/a><\/p>\n<\/li>\n<\/ul>\n<p><!--more--><br \/>\n<!-- {\"name\":\"majoituskoonti\",\"type\":\"layout\",\"children\":[{\"type\":\"section\",\"props\":{\"image_position\":\"center-center\",\"padding_remove_top\":false,\"style\":\"secondary\",\"title_breakpoint\":\"xl\",\"title_position\":\"top-left\",\"title_rotation\":\"left\",\"vertical_align\":\"middle\",\"width\":\"large\"},\"children\":[{\"type\":\"row\",\"props\":{\"layout\":\"1-2,1-2\"},\"children\":[{\"type\":\"column\",\"props\":{\"image_position\":\"center-center\",\"position_sticky_breakpoint\":\"m\",\"width_medium\":\"1-2\"},\"children\":[{\"type\":\"headline\",\"props\":{\"content\":\"Dinge zu tun\",\"title_element\":\"h1\",\"title_style\":\"heading-small\"}}]},{\"type\":\"column\",\"props\":{\"image_position\":\"center-center\",\"position_sticky_breakpoint\":\"m\",\"width_medium\":\"1-2\"},\"children\":[{\"type\":\"text\",\"props\":{\"column_breakpoint\":\"m\",\"content\":\"\n\n<p><strong>Als besonderes Extra hat das Haus Kaidan Kunkku eine beliebte Rauchsauna zu bieten, in der Sie bis in die Morgenstunden saunieren k\\u00f6nnen. Es besteht bei allen Ferienh\\u00e4usern die M\\u00f6glichkeit, einen privaten Badezuber zu mieten (zum selbst heizen oder fertig beheizt). Das weitere Angebot umfasst eine Strandsauna, Grillh\\u00fctte, Elektromotoren, Badem\\u00e4ntel, Fahrr\\u00e4der, Schneeschuhe und Karaoke-Maschinen. <\\\/strong><\\\/p>\\n\n\n<p><strong>Der Wald und der See bieten gro\\u00dfartige M\\u00f6glichkeiten f\\u00fcr verschiedene spannende Aktivit\\u00e4ten. Angeltouren ins Saimaa-Gebiet einschlie\\u00dflich Angellizenz und Wanderausfl\\u00fcge k\\u00f6nnen nach den W\\u00fcnschen der G\\u00e4ste organisiert werden. <\\\/strong><\\\/p>\\n\n\n<p><strong>Gegen eine kleine Geb\\u00fchr liefert Gastgeberin Leena au\\u00dferdem Fr\\u00fchst\\u00fcck, Kaffee oder sonstige Speisen direkt an die H\\u00fctte. Gastgeber Esko beim Grillen von Lachs auf offenem Feuer zuzusehen ist ebenso ein Erlebnis wie die Besichtigung der Netze unter der Eisfl\\u00e4che im Winter. Und wenn es dann Zeit f\\u00fcr die Heimreise ist, brauchen Sie sich um nichts mehr zu k\\u00fcmmern, denn wir \\u00fcbernehmen die Endreinigung.<\\\/strong><\\\/p>\",\"margin\":\"default\",\"maxwidth\":\"xlarge\"}}]}]}]},{\"type\":\"section\",\"props\":{\"image_position\":\"center-center\",\"style\":\"default\",\"title_breakpoint\":\"xl\",\"title_position\":\"top-left\",\"title_rotation\":\"left\",\"vertical_align\":\"middle\",\"width\":\"large\"},\"children\":[{\"type\":\"row\",\"children\":[{\"type\":\"column\",\"props\":{\"image_position\":\"center-center\",\"position_sticky_breakpoint\":\"m\",\"width_medium\":\"1-1\"},\"children\":[{\"type\":\"grid\",\"props\":{\"content_column_breakpoint\":\"m\",\"filter_align\":\"left\",\"filter_all\":true,\"filter_grid_breakpoint\":\"m\",\"filter_grid_width\":\"auto\",\"filter_position\":\"top\",\"filter_style\":\"tab\",\"grid_default\":\"1\",\"grid_medium\":\"4\",\"grid_small\":\"2\",\"icon_width\":80,\"image_align\":\"between\",\"image_border\":\"rounded\",\"image_grid_breakpoint\":\"m\",\"image_grid_width\":\"1-2\",\"image_svg_color\":\"emphasis\",\"item_animation\":true,\"link_style\":\"default\",\"link_text\":\"\",\"margin\":\"default\",\"margin_remove_top\":true,\"meta_align\":\"below-title\",\"meta_element\":\"div\",\"meta_style\":\"\",\"panel_image_no_padding\":true,\"panel_link\":true,\"panel_padding\":\"small\",\"panel_style\":\"card-default\",\"parallax_easing\":\"1\",\"show_content\":true,\"show_image\":true,\"show_link\":true,\"show_meta\":true,\"show_title\":true,\"title_align\":\"top\",\"title_element\":\"h4\",\"title_grid_breakpoint\":\"m\",\"title_grid_width\":\"1-2\",\"title_hover_style\":\"reset\",\"title_style\":\"h4\"},\"children\":[{\"type\":\"grid_item\",\"props\":{\"content\":\"\n\n<p>In der Rauchsauna Sie bis in die Morgenstunden saunieren k\\u00f6nnen.<\\\/p>\\n\n\n<p><\\\/p>\",\"image\":\"wp-content\\\/uploads\\\/2019\\\/05\\\/smoke-sauna.jpg\",\"image_alt\":\"Rauchsauna\",\"meta\":\"\",\"title\":\"Rauchsauna\"}},{\"type\":\"grid_item\",\"props\":{\"content\":\"\n\n<p>Saunaabende, Junggesellenabschiede, Geburtstagsfeiern, Weihnachtsfeiern oder gem\\u00fctliche Familienabende. Der Zuber hat einen Durchmesser von 175 cm x 185 cm. Die Beheizung erfolgt per integriertem Holzofen. Bietet Platz f\\u00fcr 6-8 Personen.<\\\/p>\",\"image\":\"wp-content\\\/uploads\\\/2019\\\/05\\\/kaidankiho_kylpypalju.jpg\",\"image_alt\":\"Badezuber\",\"link\":\"de\\\/dinge-zu-tun\\\/kylpypalju\\\/\",\"meta\":\"\",\"title\":\"Badezuber\"}},{\"type\":\"grid_item\",\"props\":{\"content\":\"\n\n<p>Sammeln Sie Ihr Team und genie\\u00dfen Sie ein anderes Team Tag, Treffen oder Training in Kaidan Kiho.<\\\/p>\",\"image\":\"wp-content\\\/uploads\\\/2019\\\/05\\\/Valmuska-kokous.jpg\",\"image_alt\":\"Gruppen und treffen\",\"meta\":\"\",\"title\":\"Gruppen und Treffen\"}},{\"type\":\"grid_item\",\"props\":{\"content\":\"\n\n<p data-pm-slice=\\\"1 1 []\\\">Mieten Sie ein Elektrofahrrad.<\\\/p>\",\"image\":\"wp-content\\\/uploads\\\/2021\\\/04\\\/pyorailya_valmuska-pieni.jpg\",\"link\":\"https:\\\/\\\/kaidankiho.johku.com\\\/de_DE\\\/leihausrustung\\\/elektrofahrrad\",\"title\":\"Radfahren\"}}],\"name\":\"kohteet Grid\"}]}]}]}],\"version\":\"4.2.1\"} --><\/p>\n","protected":false},"excerpt":{"rendered":"<p>Dinge zu tun Als besonderes Extra hat das Haus Kaidan Kunkku eine beliebte Rauchsauna zu bieten, in der Sie bis in die Morgenstunden saunieren k\u00f6nnen. Es besteht bei allen Ferienh\u00e4usern die M\u00f6glichkeit, einen privaten Badezuber zu mieten (zum selbst heizen oder fertig beheizt). Das weitere Angebot umfasst eine Strandsauna, Grillh\u00fctte, Elektromotoren, Badem\u00e4ntel, Fahrr\u00e4der, Schneeschuhe und [&hellip;]<\/p>\n","protected":false},"author":1,"featured_media":0,"parent":0,"menu_order":0,"comment_status":"closed","ping_status":"closed","template":"","meta":{"footnotes":""},"class_list":["post-2365","page","type-page","status-publish","hentry","wpautop"],"yoast_head":"<!-- This site is optimized with the Yoast SEO plugin v27.3 - https:\/\/yoast.com\/product\/yoast-seo-wordpress\/ -->\n<title>Dinge zu tun - Kaidan Kiho, Ferienh\u00e4user im Mikkeli, Finland<\/title>\n<meta name=\"description\" content=\"M\u00f6glichkeit, einen privaten Badezuber und Rauchsauna zu mieten. Spannende Aktivit\u00e4ten. Auh Fahrr\u00e4der, Schneeschuhe und Karaoke-Maschinen.\" \/>\n<meta name=\"robots\" content=\"index, follow, max-snippet:-1, max-image-preview:large, max-video-preview:-1\" \/>\n<link rel=\"canonical\" href=\"https:\/\/kaidankiho.com\/de\/dinge-zu-tun\/\" \/>\n<meta property=\"og:locale\" content=\"de_DE\" \/>\n<meta property=\"og:type\" content=\"article\" \/>\n<meta property=\"og:title\" content=\"Dinge zu tun - Kaidan Kiho, Ferienh\u00e4user im Mikkeli, Finland\" \/>\n<meta property=\"og:description\" content=\"M\u00f6glichkeit, einen privaten Badezuber und Rauchsauna zu mieten. Spannende Aktivit\u00e4ten. Auh Fahrr\u00e4der, Schneeschuhe und Karaoke-Maschinen.\" \/>\n<meta property=\"og:url\" content=\"https:\/\/kaidankiho.com\/de\/dinge-zu-tun\/\" \/>\n<meta property=\"og:site_name\" content=\"Kaidan Kiho, Ferienh\u00e4user im Mikkeli, Finland\" \/>\n<meta property=\"article:publisher\" content=\"https:\/\/www.facebook.com\/kaidankiho\" \/>\n<meta property=\"article:modified_time\" content=\"2024-03-01T10:46:36+00:00\" \/>\n<meta property=\"og:image\" content=\"https:\/\/kaidankiho.com\/wp-content\/uploads\/2019\/05\/kaidankiho-kilpikonna-kilpikonna-summer.jpg\" \/>\n\t<meta property=\"og:image:width\" content=\"900\" \/>\n\t<meta property=\"og:image:height\" content=\"600\" \/>\n\t<meta property=\"og:image:type\" content=\"image\/jpeg\" \/>\n<meta name=\"twitter:card\" content=\"summary_large_image\" \/>\n<meta name=\"twitter:label1\" content=\"Gesch\u00e4tzte Lesezeit\" \/>\n\t<meta name=\"twitter:data1\" content=\"3\u00a0Minuten\" \/>\n<script type=\"application\/ld+json\" class=\"yoast-schema-graph\">{\"@context\":\"https:\\\/\\\/schema.org\",\"@graph\":[{\"@type\":\"WebPage\",\"@id\":\"https:\\\/\\\/kaidankiho.com\\\/de\\\/dinge-zu-tun\\\/\",\"url\":\"https:\\\/\\\/kaidankiho.com\\\/de\\\/dinge-zu-tun\\\/\",\"name\":\"Dinge zu tun - Kaidan Kiho, Ferienh\u00e4user im Mikkeli, Finland\",\"isPartOf\":{\"@id\":\"https:\\\/\\\/kaidankiho.com\\\/de\\\/#website\"},\"datePublished\":\"2019-06-10T12:33:47+00:00\",\"dateModified\":\"2024-03-01T10:46:36+00:00\",\"description\":\"M\u00f6glichkeit, einen privaten Badezuber und Rauchsauna zu mieten. Spannende Aktivit\u00e4ten. Auh Fahrr\u00e4der, Schneeschuhe und Karaoke-Maschinen.\",\"breadcrumb\":{\"@id\":\"https:\\\/\\\/kaidankiho.com\\\/de\\\/dinge-zu-tun\\\/#breadcrumb\"},\"inLanguage\":\"de\",\"potentialAction\":[{\"@type\":\"ReadAction\",\"target\":[\"https:\\\/\\\/kaidankiho.com\\\/de\\\/dinge-zu-tun\\\/\"]}]},{\"@type\":\"BreadcrumbList\",\"@id\":\"https:\\\/\\\/kaidankiho.com\\\/de\\\/dinge-zu-tun\\\/#breadcrumb\",\"itemListElement\":[{\"@type\":\"ListItem\",\"position\":1,\"name\":\"Home\",\"item\":\"https:\\\/\\\/kaidankiho.com\\\/de\\\/\"},{\"@type\":\"ListItem\",\"position\":2,\"name\":\"Dinge zu tun\"}]},{\"@type\":\"WebSite\",\"@id\":\"https:\\\/\\\/kaidankiho.com\\\/de\\\/#website\",\"url\":\"https:\\\/\\\/kaidankiho.com\\\/de\\\/\",\"name\":\"Kaidan Kiho, Mikkelin Ristiina\",\"description\":\"Vuokrahuviloita\",\"publisher\":{\"@id\":\"https:\\\/\\\/kaidankiho.com\\\/de\\\/#organization\"},\"alternateName\":\"Korkeatasoisia vuokrahuviloita\",\"potentialAction\":[{\"@type\":\"SearchAction\",\"target\":{\"@type\":\"EntryPoint\",\"urlTemplate\":\"https:\\\/\\\/kaidankiho.com\\\/de\\\/?s={search_term_string}\"},\"query-input\":{\"@type\":\"PropertyValueSpecification\",\"valueRequired\":true,\"valueName\":\"search_term_string\"}}],\"inLanguage\":\"de\"},{\"@type\":\"Organization\",\"@id\":\"https:\\\/\\\/kaidankiho.com\\\/de\\\/#organization\",\"name\":\"Kaidan kiho\",\"url\":\"https:\\\/\\\/kaidankiho.com\\\/de\\\/\",\"logo\":{\"@type\":\"ImageObject\",\"inLanguage\":\"de\",\"@id\":\"https:\\\/\\\/kaidankiho.com\\\/de\\\/#\\\/schema\\\/logo\\\/image\\\/\",\"url\":\"https:\\\/\\\/kaidankiho.com\\\/wp-content\\\/uploads\\\/2019\\\/06\\\/kaidankiho-fav.png\",\"contentUrl\":\"https:\\\/\\\/kaidankiho.com\\\/wp-content\\\/uploads\\\/2019\\\/06\\\/kaidankiho-fav.png\",\"width\":54,\"height\":54,\"caption\":\"Kaidan kiho\"},\"image\":{\"@id\":\"https:\\\/\\\/kaidankiho.com\\\/de\\\/#\\\/schema\\\/logo\\\/image\\\/\"},\"sameAs\":[\"https:\\\/\\\/www.facebook.com\\\/kaidankiho\",\"https:\\\/\\\/www.instagram.com\\\/\"]}]}<\/script>\n<!-- \/ Yoast SEO plugin. -->","yoast_head_json":{"title":"Dinge zu tun - Kaidan Kiho, Ferienh\u00e4user im Mikkeli, Finland","description":"M\u00f6glichkeit, einen privaten Badezuber und Rauchsauna zu mieten. Spannende Aktivit\u00e4ten. Auh Fahrr\u00e4der, Schneeschuhe und Karaoke-Maschinen.","robots":{"index":"index","follow":"follow","max-snippet":"max-snippet:-1","max-image-preview":"max-image-preview:large","max-video-preview":"max-video-preview:-1"},"canonical":"https:\/\/kaidankiho.com\/de\/dinge-zu-tun\/","og_locale":"de_DE","og_type":"article","og_title":"Dinge zu tun - Kaidan Kiho, Ferienh\u00e4user im Mikkeli, Finland","og_description":"M\u00f6glichkeit, einen privaten Badezuber und Rauchsauna zu mieten. Spannende Aktivit\u00e4ten. Auh Fahrr\u00e4der, Schneeschuhe und Karaoke-Maschinen.","og_url":"https:\/\/kaidankiho.com\/de\/dinge-zu-tun\/","og_site_name":"Kaidan Kiho, Ferienh\u00e4user im Mikkeli, Finland","article_publisher":"https:\/\/www.facebook.com\/kaidankiho","article_modified_time":"2024-03-01T10:46:36+00:00","og_image":[{"width":900,"height":600,"url":"https:\/\/kaidankiho.com\/wp-content\/uploads\/2019\/05\/kaidankiho-kilpikonna-kilpikonna-summer.jpg","type":"image\/jpeg"}],"twitter_card":"summary_large_image","twitter_misc":{"Gesch\u00e4tzte Lesezeit":"3\u00a0Minuten"},"schema":{"@context":"https:\/\/schema.org","@graph":[{"@type":"WebPage","@id":"https:\/\/kaidankiho.com\/de\/dinge-zu-tun\/","url":"https:\/\/kaidankiho.com\/de\/dinge-zu-tun\/","name":"Dinge zu tun - Kaidan Kiho, Ferienh\u00e4user im Mikkeli, Finland","isPartOf":{"@id":"https:\/\/kaidankiho.com\/de\/#website"},"datePublished":"2019-06-10T12:33:47+00:00","dateModified":"2024-03-01T10:46:36+00:00","description":"M\u00f6glichkeit, einen privaten Badezuber und Rauchsauna zu mieten. Spannende Aktivit\u00e4ten. Auh Fahrr\u00e4der, Schneeschuhe und Karaoke-Maschinen.","breadcrumb":{"@id":"https:\/\/kaidankiho.com\/de\/dinge-zu-tun\/#breadcrumb"},"inLanguage":"de","potentialAction":[{"@type":"ReadAction","target":["https:\/\/kaidankiho.com\/de\/dinge-zu-tun\/"]}]},{"@type":"BreadcrumbList","@id":"https:\/\/kaidankiho.com\/de\/dinge-zu-tun\/#breadcrumb","itemListElement":[{"@type":"ListItem","position":1,"name":"Home","item":"https:\/\/kaidankiho.com\/de\/"},{"@type":"ListItem","position":2,"name":"Dinge zu tun"}]},{"@type":"WebSite","@id":"https:\/\/kaidankiho.com\/de\/#website","url":"https:\/\/kaidankiho.com\/de\/","name":"Kaidan Kiho, Mikkelin Ristiina","description":"Vuokrahuviloita","publisher":{"@id":"https:\/\/kaidankiho.com\/de\/#organization"},"alternateName":"Korkeatasoisia vuokrahuviloita","potentialAction":[{"@type":"SearchAction","target":{"@type":"EntryPoint","urlTemplate":"https:\/\/kaidankiho.com\/de\/?s={search_term_string}"},"query-input":{"@type":"PropertyValueSpecification","valueRequired":true,"valueName":"search_term_string"}}],"inLanguage":"de"},{"@type":"Organization","@id":"https:\/\/kaidankiho.com\/de\/#organization","name":"Kaidan kiho","url":"https:\/\/kaidankiho.com\/de\/","logo":{"@type":"ImageObject","inLanguage":"de","@id":"https:\/\/kaidankiho.com\/de\/#\/schema\/logo\/image\/","url":"https:\/\/kaidankiho.com\/wp-content\/uploads\/2019\/06\/kaidankiho-fav.png","contentUrl":"https:\/\/kaidankiho.com\/wp-content\/uploads\/2019\/06\/kaidankiho-fav.png","width":54,"height":54,"caption":"Kaidan kiho"},"image":{"@id":"https:\/\/kaidankiho.com\/de\/#\/schema\/logo\/image\/"},"sameAs":["https:\/\/www.facebook.com\/kaidankiho","https:\/\/www.instagram.com\/"]}]}},"_links":{"self":[{"href":"https:\/\/kaidankiho.com\/de\/wp-json\/wp\/v2\/pages\/2365","targetHints":{"allow":["GET"]}}],"collection":[{"href":"https:\/\/kaidankiho.com\/de\/wp-json\/wp\/v2\/pages"}],"about":[{"href":"https:\/\/kaidankiho.com\/de\/wp-json\/wp\/v2\/types\/page"}],"author":[{"embeddable":true,"href":"https:\/\/kaidankiho.com\/de\/wp-json\/wp\/v2\/users\/1"}],"replies":[{"embeddable":true,"href":"https:\/\/kaidankiho.com\/de\/wp-json\/wp\/v2\/comments?post=2365"}],"version-history":[{"count":0,"href":"https:\/\/kaidankiho.com\/de\/wp-json\/wp\/v2\/pages\/2365\/revisions"}],"wp:attachment":[{"href":"https:\/\/kaidankiho.com\/de\/wp-json\/wp\/v2\/media?parent=2365"}],"curies":[{"name":"wp","href":"https:\/\/api.w.org\/{rel}","templated":true}]}}