{"id":2374,"date":"2019-06-10T15:43:39","date_gmt":"2019-06-10T12:43:39","guid":{"rendered":"http:\/\/davas.site\/kaidankiho\/?page_id=2374"},"modified":"2019-12-05T13:02:34","modified_gmt":"2019-12-05T11:02:34","slug":"verantwortlichkeit","status":"publish","type":"page","link":"https:\/\/kaidankiho.com\/de\/verantwortlichkeit\/","title":{"rendered":"Verantwort&#173;lichkeit"},"content":{"rendered":"<p><img decoding=\"async\" class=\"alignright wp-image-185\" src=\"https:\/\/kaidankiho.com\/wp-content\/uploads\/2019\/05\/greenkey_logo-238x300.jpg\" alt=\"\" width=\"155\" height=\"195\" \/>In Mai 2018 wurden wir mit dem Green Key Label ausgezeichnet. Diese Pr\u00e4mie beweist, dass wir zur Verminderung der Umweltbelastung uns bem\u00fchen, unsere MitarbeiterInnen und G\u00e4ste zu umweltgerechtem Handeln bewusst machen, und Energie und Wasser effizient nutzen. Somit reduzieren wir die Umweltvertr\u00e4glichkeit unserer Cottages.<\/p>\n<p>Kaidan Kiho bietet sch\u00f6ne und luxuri\u00f6sen Ferienh\u00e4user, wo unsere G\u00e4ste \u00fcber einen \u00f6kologischen, umweltfreundlichen und erholsamen Urlaub sich freuen k\u00f6nnen.<\/p>\n<p>Kaidan Kiho bietet den idealen Rahmen f\u00fcr einen komfortablen Urlaub und kreative Tagungen. In unseren luxuri\u00f6sen Ferienh\u00e4usern k\u00f6nnen Sie ruhigen Gewissens entspannen, denn Planung und Instandhaltung unserer H\u00e4user erfolgen stets nach hohen \u00f6kologischen Standards.<\/p>\n<p>Unsere Ferienh\u00e4user sind aus dem Holz benachbarter W\u00e4lder und damit aus traditionellem finnischem Material gebaut. F\u00fcr die Isolierung zwischen den Holzbalken wird Flachs aus dem Feldbau und f\u00fcr die Ger\u00e4usch- und W\u00e4rmed\u00e4mmung der D\u00e4cher \u00d6kowolle aus recycelten Papierfasern eingesetzt. Uula-Farben geben den H\u00e4usern einen nat\u00fcrlichen Anstrich und die Verkleidung wurde unter Ber\u00fccksichtigung von Haltbarkeit und Reinigungsfreundlichkeit ausgew\u00e4hlt. Die Au\u00dfenbereiche wurden so nat\u00fcrlich wie m\u00f6glich belassen. Der Bau wurde von \u00f6rtlichen Anbietern realisiert.<\/p>\n<p>Die Technik der Ferienh\u00e4user beruht ebenfalls auf \u00f6kologischen Gesichtspunkten. Im Sommer erfolgt die K\u00fchlung in den meisten H\u00e4usern nicht durch energieverschwendendes \u00d6ffnen der Fenster, sondern kontrolliert \u00fcber eine Luftw\u00e4rmepumpe, die sich automatisch abschaltet, wenn die T\u00fcr \u00fcber eine l\u00e4ngere Zeit offen steht. Die L\u00fcftungsanlage ist mit einer W\u00e4rmer\u00fcckgewinnung ausgestattet. Die Duschen sind mit Timern versehen und die Toiletten funktionieren mit Unterdruck, was bis zu 230.000 Liter Brunnenwasser pro Jahr einspart. Die Ferienh\u00e4user werden \u00fcber Erdw\u00e4rmpumpen aus dem See beheizt und mit Warmwasser versorgt.<\/p>\n<p>Die Abwasserbehandlung erfolgt vor Ort auf dem Grundst\u00fcck. Das Brunnenwasser ist trinkbar. Die Abf\u00e4lle der Ferienh\u00e4user werden getrennt und die Bioabf\u00e4lle kompostiert. In der N\u00e4he der Rauchsaunas befinden sich auch Trockentoiletten. Das Feuerholz stammt aus dem eigenen Wald. Wir bieten Anleitungen zum energiesparenden Saunieren. Alle verwendeten Waschmittel sind umweltfreundlich. Im Hofbereich befinden sich zahlreiche Vogelh\u00e4uschen, deren Bewohner nicht nur nett zu beobachten sind, sondern die auch l\u00e4stige M\u00fccken fernhalten.<\/p>\n<p>Die Umgebung bietet viele M\u00f6glichkeiten f\u00fcr eine \u00f6kologische Freizeitgestaltung, darunter Spazierg\u00e4nge, Radtouren, Angelausfl\u00fcge oder das Sammeln von Beeren und Pilzen. Die Boote sind mit umweltfreundlichen Elektromotoren ausgestattet.<\/p>\n<p>\u201dWir handeln verantwortungsbewusst und bei uns sind alle Menschen gleichwertig. Von unserem Verantwortungsbewusstsein gegen\u00fcber der Umwelt zeugt das Green-Key-Zertifikat, mit dem wir f\u00fcr unsere Umweltarbeit ausgezeichnet wurden, und zudem geh\u00f6ren wir zum Netzwerk <a href=\"https:\/\/www.gaytravelfinland.com\/\" target=\"_blank\" rel=\"noopener noreferrer\">We speak Gay<\/a>. Mit Gleichwertigkeit meinen wir bei Kaidan Kiho, dass wir alle Menschen respektvoll und gleichwertig behandeln, unabh\u00e4ngig von ihrem Geschlecht, ihrem Alter, ihrer ethnischen oder nationalen Herkunft, ihrer Nationalit\u00e4t, ihrer Sprache, ihrem Glauben oder ihrer \u00dcberzeugung, ihrer Anschauungen, ihrer Invalidit\u00e4t, ihres Gesundheitszustands, ihrer sexuellen Orientierung oder anderen mit der Person in Verbindung stehenden Gr\u00fcnden.\u201d<\/p>\n","protected":false},"excerpt":{"rendered":"<p>In Mai 2018 wurden wir mit dem Green Key Label ausgezeichnet. Diese Pr\u00e4mie beweist, dass wir zur Verminderung der Umweltbelastung uns bem\u00fchen, unsere MitarbeiterInnen und G\u00e4ste zu umweltgerechtem Handeln bewusst machen, und Energie und Wasser effizient nutzen. Somit reduzieren wir die Umweltvertr\u00e4glichkeit unserer Cottages. Kaidan Kiho bietet sch\u00f6ne und luxuri\u00f6sen Ferienh\u00e4user, wo unsere G\u00e4ste \u00fcber [&hellip;]<\/p>\n","protected":false},"author":1,"featured_media":0,"parent":0,"menu_order":0,"comment_status":"closed","ping_status":"closed","template":"","meta":{"footnotes":""},"class_list":["post-2374","page","type-page","status-publish","hentry","wpautop"],"yoast_head":"<!-- This site is optimized with the Yoast SEO plugin v27.3 - https:\/\/yoast.com\/product\/yoast-seo-wordpress\/ -->\n<title>Verantwort&#173;lichkeit - Kaidan Kiho, Ferienh\u00e4user im Mikkeli, Finland<\/title>\n<meta name=\"robots\" content=\"index, follow, max-snippet:-1, max-image-preview:large, max-video-preview:-1\" \/>\n<link rel=\"canonical\" href=\"https:\/\/kaidankiho.com\/de\/verantwortlichkeit\/\" \/>\n<meta property=\"og:locale\" content=\"de_DE\" \/>\n<meta property=\"og:type\" content=\"article\" \/>\n<meta property=\"og:title\" content=\"Verantwort&#173;lichkeit - Kaidan Kiho, Ferienh\u00e4user im Mikkeli, Finland\" \/>\n<meta property=\"og:description\" content=\"In Mai 2018 wurden wir mit dem Green Key Label ausgezeichnet. Diese Pr\u00e4mie beweist, dass wir zur Verminderung der Umweltbelastung uns bem\u00fchen, unsere MitarbeiterInnen und G\u00e4ste zu umweltgerechtem Handeln bewusst machen, und Energie und Wasser effizient nutzen. Somit reduzieren wir die Umweltvertr\u00e4glichkeit unserer Cottages. Kaidan Kiho bietet sch\u00f6ne und luxuri\u00f6sen Ferienh\u00e4user, wo unsere G\u00e4ste \u00fcber [&hellip;]\" \/>\n<meta property=\"og:url\" content=\"https:\/\/kaidankiho.com\/de\/verantwortlichkeit\/\" \/>\n<meta property=\"og:site_name\" content=\"Kaidan Kiho, Ferienh\u00e4user im Mikkeli, Finland\" \/>\n<meta property=\"article:publisher\" content=\"https:\/\/www.facebook.com\/kaidankiho\" \/>\n<meta property=\"article:modified_time\" content=\"2019-12-05T11:02:34+00:00\" \/>\n<meta property=\"og:image\" content=\"https:\/\/kaidankiho.com\/wp-content\/uploads\/2019\/05\/greenkey_logo-238x300.jpg\" \/>\n<meta name=\"twitter:card\" content=\"summary_large_image\" \/>\n<meta name=\"twitter:label1\" content=\"Gesch\u00e4tzte Lesezeit\" \/>\n\t<meta name=\"twitter:data1\" content=\"2\u00a0Minuten\" \/>\n<script type=\"application\/ld+json\" class=\"yoast-schema-graph\">{\"@context\":\"https:\\\/\\\/schema.org\",\"@graph\":[{\"@type\":\"WebPage\",\"@id\":\"https:\\\/\\\/kaidankiho.com\\\/de\\\/verantwortlichkeit\\\/\",\"url\":\"https:\\\/\\\/kaidankiho.com\\\/de\\\/verantwortlichkeit\\\/\",\"name\":\"Verantwort&#173;lichkeit - Kaidan Kiho, Ferienh\u00e4user im Mikkeli, Finland\",\"isPartOf\":{\"@id\":\"https:\\\/\\\/kaidankiho.com\\\/de\\\/#website\"},\"primaryImageOfPage\":{\"@id\":\"https:\\\/\\\/kaidankiho.com\\\/de\\\/verantwortlichkeit\\\/#primaryimage\"},\"image\":{\"@id\":\"https:\\\/\\\/kaidankiho.com\\\/de\\\/verantwortlichkeit\\\/#primaryimage\"},\"thumbnailUrl\":\"https:\\\/\\\/kaidankiho.com\\\/wp-content\\\/uploads\\\/2019\\\/05\\\/greenkey_logo-238x300.jpg\",\"datePublished\":\"2019-06-10T12:43:39+00:00\",\"dateModified\":\"2019-12-05T11:02:34+00:00\",\"breadcrumb\":{\"@id\":\"https:\\\/\\\/kaidankiho.com\\\/de\\\/verantwortlichkeit\\\/#breadcrumb\"},\"inLanguage\":\"de\",\"potentialAction\":[{\"@type\":\"ReadAction\",\"target\":[\"https:\\\/\\\/kaidankiho.com\\\/de\\\/verantwortlichkeit\\\/\"]}]},{\"@type\":\"ImageObject\",\"inLanguage\":\"de\",\"@id\":\"https:\\\/\\\/kaidankiho.com\\\/de\\\/verantwortlichkeit\\\/#primaryimage\",\"url\":\"https:\\\/\\\/kaidankiho.com\\\/wp-content\\\/uploads\\\/2019\\\/05\\\/greenkey_logo-238x300.jpg\",\"contentUrl\":\"https:\\\/\\\/kaidankiho.com\\\/wp-content\\\/uploads\\\/2019\\\/05\\\/greenkey_logo-238x300.jpg\"},{\"@type\":\"BreadcrumbList\",\"@id\":\"https:\\\/\\\/kaidankiho.com\\\/de\\\/verantwortlichkeit\\\/#breadcrumb\",\"itemListElement\":[{\"@type\":\"ListItem\",\"position\":1,\"name\":\"Home\",\"item\":\"https:\\\/\\\/kaidankiho.com\\\/de\\\/\"},{\"@type\":\"ListItem\",\"position\":2,\"name\":\"Verantwort&#173;lichkeit\"}]},{\"@type\":\"WebSite\",\"@id\":\"https:\\\/\\\/kaidankiho.com\\\/de\\\/#website\",\"url\":\"https:\\\/\\\/kaidankiho.com\\\/de\\\/\",\"name\":\"Kaidan Kiho, Mikkelin Ristiina\",\"description\":\"Vuokrahuviloita\",\"publisher\":{\"@id\":\"https:\\\/\\\/kaidankiho.com\\\/de\\\/#organization\"},\"alternateName\":\"Korkeatasoisia vuokrahuviloita\",\"potentialAction\":[{\"@type\":\"SearchAction\",\"target\":{\"@type\":\"EntryPoint\",\"urlTemplate\":\"https:\\\/\\\/kaidankiho.com\\\/de\\\/?s={search_term_string}\"},\"query-input\":{\"@type\":\"PropertyValueSpecification\",\"valueRequired\":true,\"valueName\":\"search_term_string\"}}],\"inLanguage\":\"de\"},{\"@type\":\"Organization\",\"@id\":\"https:\\\/\\\/kaidankiho.com\\\/de\\\/#organization\",\"name\":\"Kaidan kiho\",\"url\":\"https:\\\/\\\/kaidankiho.com\\\/de\\\/\",\"logo\":{\"@type\":\"ImageObject\",\"inLanguage\":\"de\",\"@id\":\"https:\\\/\\\/kaidankiho.com\\\/de\\\/#\\\/schema\\\/logo\\\/image\\\/\",\"url\":\"https:\\\/\\\/kaidankiho.com\\\/wp-content\\\/uploads\\\/2019\\\/06\\\/kaidankiho-fav.png\",\"contentUrl\":\"https:\\\/\\\/kaidankiho.com\\\/wp-content\\\/uploads\\\/2019\\\/06\\\/kaidankiho-fav.png\",\"width\":54,\"height\":54,\"caption\":\"Kaidan kiho\"},\"image\":{\"@id\":\"https:\\\/\\\/kaidankiho.com\\\/de\\\/#\\\/schema\\\/logo\\\/image\\\/\"},\"sameAs\":[\"https:\\\/\\\/www.facebook.com\\\/kaidankiho\",\"https:\\\/\\\/www.instagram.com\\\/\"]}]}<\/script>\n<!-- \/ Yoast SEO plugin. -->","yoast_head_json":{"title":"Verantwort&#173;lichkeit - Kaidan Kiho, Ferienh\u00e4user im Mikkeli, Finland","robots":{"index":"index","follow":"follow","max-snippet":"max-snippet:-1","max-image-preview":"max-image-preview:large","max-video-preview":"max-video-preview:-1"},"canonical":"https:\/\/kaidankiho.com\/de\/verantwortlichkeit\/","og_locale":"de_DE","og_type":"article","og_title":"Verantwort&#173;lichkeit - Kaidan Kiho, Ferienh\u00e4user im Mikkeli, Finland","og_description":"In Mai 2018 wurden wir mit dem Green Key Label ausgezeichnet. Diese Pr\u00e4mie beweist, dass wir zur Verminderung der Umweltbelastung uns bem\u00fchen, unsere MitarbeiterInnen und G\u00e4ste zu umweltgerechtem Handeln bewusst machen, und Energie und Wasser effizient nutzen. Somit reduzieren wir die Umweltvertr\u00e4glichkeit unserer Cottages. Kaidan Kiho bietet sch\u00f6ne und luxuri\u00f6sen Ferienh\u00e4user, wo unsere G\u00e4ste \u00fcber [&hellip;]","og_url":"https:\/\/kaidankiho.com\/de\/verantwortlichkeit\/","og_site_name":"Kaidan Kiho, Ferienh\u00e4user im Mikkeli, Finland","article_publisher":"https:\/\/www.facebook.com\/kaidankiho","article_modified_time":"2019-12-05T11:02:34+00:00","og_image":[{"url":"https:\/\/kaidankiho.com\/wp-content\/uploads\/2019\/05\/greenkey_logo-238x300.jpg","type":"","width":"","height":""}],"twitter_card":"summary_large_image","twitter_misc":{"Gesch\u00e4tzte Lesezeit":"2\u00a0Minuten"},"schema":{"@context":"https:\/\/schema.org","@graph":[{"@type":"WebPage","@id":"https:\/\/kaidankiho.com\/de\/verantwortlichkeit\/","url":"https:\/\/kaidankiho.com\/de\/verantwortlichkeit\/","name":"Verantwort&#173;lichkeit - Kaidan Kiho, Ferienh\u00e4user im Mikkeli, Finland","isPartOf":{"@id":"https:\/\/kaidankiho.com\/de\/#website"},"primaryImageOfPage":{"@id":"https:\/\/kaidankiho.com\/de\/verantwortlichkeit\/#primaryimage"},"image":{"@id":"https:\/\/kaidankiho.com\/de\/verantwortlichkeit\/#primaryimage"},"thumbnailUrl":"https:\/\/kaidankiho.com\/wp-content\/uploads\/2019\/05\/greenkey_logo-238x300.jpg","datePublished":"2019-06-10T12:43:39+00:00","dateModified":"2019-12-05T11:02:34+00:00","breadcrumb":{"@id":"https:\/\/kaidankiho.com\/de\/verantwortlichkeit\/#breadcrumb"},"inLanguage":"de","potentialAction":[{"@type":"ReadAction","target":["https:\/\/kaidankiho.com\/de\/verantwortlichkeit\/"]}]},{"@type":"ImageObject","inLanguage":"de","@id":"https:\/\/kaidankiho.com\/de\/verantwortlichkeit\/#primaryimage","url":"https:\/\/kaidankiho.com\/wp-content\/uploads\/2019\/05\/greenkey_logo-238x300.jpg","contentUrl":"https:\/\/kaidankiho.com\/wp-content\/uploads\/2019\/05\/greenkey_logo-238x300.jpg"},{"@type":"BreadcrumbList","@id":"https:\/\/kaidankiho.com\/de\/verantwortlichkeit\/#breadcrumb","itemListElement":[{"@type":"ListItem","position":1,"name":"Home","item":"https:\/\/kaidankiho.com\/de\/"},{"@type":"ListItem","position":2,"name":"Verantwort&#173;lichkeit"}]},{"@type":"WebSite","@id":"https:\/\/kaidankiho.com\/de\/#website","url":"https:\/\/kaidankiho.com\/de\/","name":"Kaidan Kiho, Mikkelin Ristiina","description":"Vuokrahuviloita","publisher":{"@id":"https:\/\/kaidankiho.com\/de\/#organization"},"alternateName":"Korkeatasoisia vuokrahuviloita","potentialAction":[{"@type":"SearchAction","target":{"@type":"EntryPoint","urlTemplate":"https:\/\/kaidankiho.com\/de\/?s={search_term_string}"},"query-input":{"@type":"PropertyValueSpecification","valueRequired":true,"valueName":"search_term_string"}}],"inLanguage":"de"},{"@type":"Organization","@id":"https:\/\/kaidankiho.com\/de\/#organization","name":"Kaidan kiho","url":"https:\/\/kaidankiho.com\/de\/","logo":{"@type":"ImageObject","inLanguage":"de","@id":"https:\/\/kaidankiho.com\/de\/#\/schema\/logo\/image\/","url":"https:\/\/kaidankiho.com\/wp-content\/uploads\/2019\/06\/kaidankiho-fav.png","contentUrl":"https:\/\/kaidankiho.com\/wp-content\/uploads\/2019\/06\/kaidankiho-fav.png","width":54,"height":54,"caption":"Kaidan kiho"},"image":{"@id":"https:\/\/kaidankiho.com\/de\/#\/schema\/logo\/image\/"},"sameAs":["https:\/\/www.facebook.com\/kaidankiho","https:\/\/www.instagram.com\/"]}]}},"_links":{"self":[{"href":"https:\/\/kaidankiho.com\/de\/wp-json\/wp\/v2\/pages\/2374","targetHints":{"allow":["GET"]}}],"collection":[{"href":"https:\/\/kaidankiho.com\/de\/wp-json\/wp\/v2\/pages"}],"about":[{"href":"https:\/\/kaidankiho.com\/de\/wp-json\/wp\/v2\/types\/page"}],"author":[{"embeddable":true,"href":"https:\/\/kaidankiho.com\/de\/wp-json\/wp\/v2\/users\/1"}],"replies":[{"embeddable":true,"href":"https:\/\/kaidankiho.com\/de\/wp-json\/wp\/v2\/comments?post=2374"}],"version-history":[{"count":0,"href":"https:\/\/kaidankiho.com\/de\/wp-json\/wp\/v2\/pages\/2374\/revisions"}],"wp:attachment":[{"href":"https:\/\/kaidankiho.com\/de\/wp-json\/wp\/v2\/media?parent=2374"}],"curies":[{"name":"wp","href":"https:\/\/api.w.org\/{rel}","templated":true}]}}