{"id":2488,"date":"2019-09-10T09:29:13","date_gmt":"2019-09-10T06:29:13","guid":{"rendered":"http:\/\/davas.site\/kaidankiho\/?page_id=2488"},"modified":"2021-10-25T12:21:02","modified_gmt":"2021-10-25T09:21:02","slug":"badezuber","status":"publish","type":"page","link":"https:\/\/kaidankiho.com\/de\/dinge-zu-tun\/badezuber\/","title":{"rendered":"Badezuber"},"content":{"rendered":"<h1>\n<p>Badezuber<\/p>\n<\/h1>\n<div>\n<p>Saunaabende, Junggesellenabschiede, Geburtstagsfeiern, Weihnachtsfeiern oder gem\u00fctliche Familienabende. Der Zuber hat einen Durchmesser von 175 cm x 185 cm und fasst 1600 Liter. Die Beheizung erfolgt per integriertem Holzofen. Bietet Platz f\u00fcr 6-8 Personen.<\/p>\n<\/div>\n<div>\n<p>Der Badezuber kann per Fahrzeuganh\u00e4nger an den gew\u00fcnschten Ort transportiert werden.<br \/>Die empfohlene Wassertemperatur von 35\u201340 \u00b0C ist nach ca. 3 Stunden erreicht.<\/p>\n<\/div>\n<div>\n<h4>Preise f\u00fcr Kaidan Kiho-Ferienh\u00e4user<\/h4>\n<ul>\n<li>Tagesgeb\u00fchr 90 \u20ac<\/li>\n<li>Tagesgeb\u00fchr Fr\u2013So 110 \u20ac<\/li>\n<li>Komplettes Wochenende 190 \u20ac<\/li>\n<li>Beheizung 120 \u20ac<\/li>\n<\/ul>\n<\/div>\n<p><!--more--><br \/>\n<!-- {\"name\":\"palvelut\",\"type\":\"layout\",\"children\":[{\"type\":\"section\",\"props\":{\"style\":\"default\",\"width\":\"\",\"vertical_align\":\"middle\",\"title_position\":\"top-left\",\"title_rotation\":\"left\",\"title_breakpoint\":\"xl\",\"image_position\":\"center-center\",\"text_color\":\"light\",\"padding\":\"large\",\"padding_remove_bottom\":false,\"padding_remove_top\":false,\"image\":\"wp-content\\\/uploads\\\/2019\\\/05\\\/kaidankiho_kylpypalju.jpg\",\"image_size\":\"cover\"},\"children\":[{\"type\":\"row\",\"children\":[{\"type\":\"column\",\"props\":{\"image_position\":\"center-center\",\"media_overlay_gradient\":\"\",\"width_medium\":\"1-1\"},\"children\":[{\"type\":\"headline\",\"props\":{\"title_element\":\"h1\",\"title_style\":\"heading-large\",\"text_align\":\"center\",\"content\":\"\n\n<p>Badezuber<\\\/p>\",\"block_align\":\"center\"}}]}]}]},{\"name\":\"Hero\",\"type\":\"section\",\"props\":{\"style\":\"muted\",\"width\":\"\",\"vertical_align\":\"middle\",\"title_position\":\"top-left\",\"title_rotation\":\"left\",\"title_breakpoint\":\"xl\",\"image_position\":\"center-center\",\"overlap\":false,\"padding_remove_top\":false,\"animation_delay\":false},\"children\":[{\"type\":\"row\",\"props\":{\"layout\":\"1-3,1-3,1-3\",\"width\":\"large\"},\"children\":[{\"type\":\"column\",\"props\":{\"image_position\":\"center-center\",\"media_overlay_gradient\":\"\",\"width_medium\":\"1-3\"},\"children\":[{\"name\":\"\",\"type\":\"text\",\"props\":{\"margin\":\"default\",\"column_breakpoint\":\"l\",\"content\":\"\n\n<p>Saunaabende, Junggesellenabschiede, Geburtstagsfeiern, Weihnachtsfeiern oder gem\\u00fctliche Familienabende. Der Zuber hat einen Durchmesser von 175 cm x 185 cm und fasst 1600 Liter. Die Beheizung erfolgt per integriertem Holzofen. Bietet Platz f\\u00fcr 6-8 Personen.<\\\/p>\",\"text_align_fallback\":\"left\",\"column_divider\":false}}]},{\"type\":\"column\",\"props\":{\"image_position\":\"center-center\",\"media_overlay_gradient\":\"\",\"padding\":\"xsmall\",\"width_medium\":\"1-3\"},\"children\":[{\"type\":\"text\",\"props\":{\"margin\":\"default\",\"column_breakpoint\":\"m\",\"content\":\"\n\n<p>Der Badezuber kann per Fahrzeuganh\\u00e4nger an den gew\\u00fcnschten Ort transportiert werden.<br \\\/>Die empfohlene Wassertemperatur von 35\\u201340 \\u00b0C ist nach ca. 3 Stunden erreicht.<\\\/p>\"}}]},{\"type\":\"column\",\"props\":{\"image_position\":\"center-center\",\"media_overlay_gradient\":\"\",\"width_medium\":\"1-3\"},\"children\":[{\"type\":\"text\",\"props\":{\"margin\":\"default\",\"column_breakpoint\":\"m\",\"content\":\"\n\n<h4>Preise f\\u00fcr Kaidan Kiho-Ferienh\\u00e4user<\\\/h4>\\n\n\n<ul>\\n\n\n<li>Tagesgeb\\u00fchr 90 \\u20ac<\\\/li>\\n\n\n<li>Tagesgeb\\u00fchr Fr\\u2013So 110 \\u20ac<\\\/li>\\n\n\n<li>Komplettes Wochenende 190 \\u20ac<\\\/li>\\n\n\n<li>Beheizung 120 \\u20ac<\\\/li>\\n<\\\/ul>\"}}]}]}]}],\"version\":\"2.6.8\"} --><\/p>\n","protected":false},"excerpt":{"rendered":"<p>Badezuber Saunaabende, Junggesellenabschiede, Geburtstagsfeiern, Weihnachtsfeiern oder gem\u00fctliche Familienabende. Der Zuber hat einen Durchmesser von 175 cm x 185 cm und fasst 1600 Liter. Die Beheizung erfolgt per integriertem Holzofen. Bietet Platz f\u00fcr 6-8 Personen. Der Badezuber kann per Fahrzeuganh\u00e4nger an den gew\u00fcnschten Ort transportiert werden.Die empfohlene Wassertemperatur von 35\u201340 \u00b0C ist nach ca. 3 Stunden [&hellip;]<\/p>\n","protected":false},"author":1,"featured_media":807,"parent":2365,"menu_order":0,"comment_status":"closed","ping_status":"closed","template":"","meta":{"footnotes":""},"class_list":["post-2488","page","type-page","status-publish","has-post-thumbnail","hentry","wpautop"],"yoast_head":"<!-- This site is optimized with the Yoast SEO plugin v27.0 - https:\/\/yoast.com\/product\/yoast-seo-wordpress\/ -->\n<title>Badezuber - Kaidan Kiho, Ferienh\u00e4user im Mikkeli, Finland<\/title>\n<meta name=\"description\" content=\"Saunaabende, Junggesellenabschiede, Geburtstagsfeiern, Weihnachtsfeiern oder Familienabende. Der Badezuber kann gew\u00fcnschten Ort transportiert werden.\" \/>\n<meta name=\"robots\" content=\"index, follow, max-snippet:-1, max-image-preview:large, max-video-preview:-1\" \/>\n<link rel=\"canonical\" href=\"https:\/\/kaidankiho.com\/de\/dinge-zu-tun\/badezuber\/\" \/>\n<meta property=\"og:locale\" content=\"de_DE\" \/>\n<meta property=\"og:type\" content=\"article\" \/>\n<meta property=\"og:title\" content=\"Badezuber - Kaidan Kiho, Ferienh\u00e4user im Mikkeli, Finland\" \/>\n<meta property=\"og:description\" content=\"Saunaabende, Junggesellenabschiede, Geburtstagsfeiern, Weihnachtsfeiern oder Familienabende. Der Badezuber kann gew\u00fcnschten Ort transportiert werden.\" \/>\n<meta property=\"og:url\" content=\"https:\/\/kaidankiho.com\/de\/dinge-zu-tun\/badezuber\/\" \/>\n<meta property=\"og:site_name\" content=\"Kaidan Kiho, Ferienh\u00e4user im Mikkeli, Finland\" \/>\n<meta property=\"article:publisher\" content=\"https:\/\/www.facebook.com\/kaidankiho\" \/>\n<meta property=\"article:modified_time\" content=\"2021-10-25T09:21:02+00:00\" \/>\n<meta property=\"og:image\" content=\"https:\/\/kaidankiho.com\/wp-content\/uploads\/2019\/05\/kaidankiho_palju4.jpg\" \/>\n\t<meta property=\"og:image:width\" content=\"1000\" \/>\n\t<meta property=\"og:image:height\" content=\"664\" \/>\n\t<meta property=\"og:image:type\" content=\"image\/jpeg\" \/>\n<meta name=\"twitter:card\" content=\"summary_large_image\" \/>\n<script type=\"application\/ld+json\" class=\"yoast-schema-graph\">{\"@context\":\"https:\/\/schema.org\",\"@graph\":[{\"@type\":\"WebPage\",\"@id\":\"https:\/\/kaidankiho.com\/de\/dinge-zu-tun\/badezuber\/\",\"url\":\"https:\/\/kaidankiho.com\/de\/dinge-zu-tun\/badezuber\/\",\"name\":\"Badezuber - Kaidan Kiho, Ferienh\u00e4user im Mikkeli, Finland\",\"isPartOf\":{\"@id\":\"https:\/\/kaidankiho.com\/de\/#website\"},\"primaryImageOfPage\":{\"@id\":\"https:\/\/kaidankiho.com\/de\/dinge-zu-tun\/badezuber\/#primaryimage\"},\"image\":{\"@id\":\"https:\/\/kaidankiho.com\/de\/dinge-zu-tun\/badezuber\/#primaryimage\"},\"thumbnailUrl\":\"https:\/\/kaidankiho.com\/wp-content\/uploads\/2019\/05\/kaidankiho_palju4.jpg\",\"datePublished\":\"2019-09-10T06:29:13+00:00\",\"dateModified\":\"2021-10-25T09:21:02+00:00\",\"description\":\"Saunaabende, Junggesellenabschiede, Geburtstagsfeiern, Weihnachtsfeiern oder Familienabende. Der Badezuber kann gew\u00fcnschten Ort transportiert werden.\",\"breadcrumb\":{\"@id\":\"https:\/\/kaidankiho.com\/de\/dinge-zu-tun\/badezuber\/#breadcrumb\"},\"inLanguage\":\"de\",\"potentialAction\":[{\"@type\":\"ReadAction\",\"target\":[\"https:\/\/kaidankiho.com\/de\/dinge-zu-tun\/badezuber\/\"]}]},{\"@type\":\"ImageObject\",\"inLanguage\":\"de\",\"@id\":\"https:\/\/kaidankiho.com\/de\/dinge-zu-tun\/badezuber\/#primaryimage\",\"url\":\"https:\/\/kaidankiho.com\/wp-content\/uploads\/2019\/05\/kaidankiho_palju4.jpg\",\"contentUrl\":\"https:\/\/kaidankiho.com\/wp-content\/uploads\/2019\/05\/kaidankiho_palju4.jpg\",\"width\":1000,\"height\":664},{\"@type\":\"BreadcrumbList\",\"@id\":\"https:\/\/kaidankiho.com\/de\/dinge-zu-tun\/badezuber\/#breadcrumb\",\"itemListElement\":[{\"@type\":\"ListItem\",\"position\":1,\"name\":\"Home\",\"item\":\"https:\/\/kaidankiho.com\/de\/\"},{\"@type\":\"ListItem\",\"position\":2,\"name\":\"Dinge zu tun\",\"item\":\"https:\/\/kaidankiho.com\/de\/dinge-zu-tun\/\"},{\"@type\":\"ListItem\",\"position\":3,\"name\":\"Badezuber\"}]},{\"@type\":\"WebSite\",\"@id\":\"https:\/\/kaidankiho.com\/de\/#website\",\"url\":\"https:\/\/kaidankiho.com\/de\/\",\"name\":\"Kaidan Kiho, Mikkelin Ristiina\",\"description\":\"Vuokrahuviloita\",\"publisher\":{\"@id\":\"https:\/\/kaidankiho.com\/de\/#organization\"},\"alternateName\":\"Korkeatasoisia vuokrahuviloita\",\"potentialAction\":[{\"@type\":\"SearchAction\",\"target\":{\"@type\":\"EntryPoint\",\"urlTemplate\":\"https:\/\/kaidankiho.com\/de\/?s={search_term_string}\"},\"query-input\":{\"@type\":\"PropertyValueSpecification\",\"valueRequired\":true,\"valueName\":\"search_term_string\"}}],\"inLanguage\":\"de\"},{\"@type\":\"Organization\",\"@id\":\"https:\/\/kaidankiho.com\/de\/#organization\",\"name\":\"Kaidan kiho\",\"url\":\"https:\/\/kaidankiho.com\/de\/\",\"logo\":{\"@type\":\"ImageObject\",\"inLanguage\":\"de\",\"@id\":\"https:\/\/kaidankiho.com\/de\/#\/schema\/logo\/image\/\",\"url\":\"https:\/\/kaidankiho.com\/wp-content\/uploads\/2019\/06\/kaidankiho-fav.png\",\"contentUrl\":\"https:\/\/kaidankiho.com\/wp-content\/uploads\/2019\/06\/kaidankiho-fav.png\",\"width\":54,\"height\":54,\"caption\":\"Kaidan kiho\"},\"image\":{\"@id\":\"https:\/\/kaidankiho.com\/de\/#\/schema\/logo\/image\/\"},\"sameAs\":[\"https:\/\/www.facebook.com\/kaidankiho\",\"https:\/\/www.instagram.com\/\"]}]}<\/script>\n<!-- \/ Yoast SEO plugin. -->","yoast_head_json":{"title":"Badezuber - Kaidan Kiho, Ferienh\u00e4user im Mikkeli, Finland","description":"Saunaabende, Junggesellenabschiede, Geburtstagsfeiern, Weihnachtsfeiern oder Familienabende. Der Badezuber kann gew\u00fcnschten Ort transportiert werden.","robots":{"index":"index","follow":"follow","max-snippet":"max-snippet:-1","max-image-preview":"max-image-preview:large","max-video-preview":"max-video-preview:-1"},"canonical":"https:\/\/kaidankiho.com\/de\/dinge-zu-tun\/badezuber\/","og_locale":"de_DE","og_type":"article","og_title":"Badezuber - Kaidan Kiho, Ferienh\u00e4user im Mikkeli, Finland","og_description":"Saunaabende, Junggesellenabschiede, Geburtstagsfeiern, Weihnachtsfeiern oder Familienabende. Der Badezuber kann gew\u00fcnschten Ort transportiert werden.","og_url":"https:\/\/kaidankiho.com\/de\/dinge-zu-tun\/badezuber\/","og_site_name":"Kaidan Kiho, Ferienh\u00e4user im Mikkeli, Finland","article_publisher":"https:\/\/www.facebook.com\/kaidankiho","article_modified_time":"2021-10-25T09:21:02+00:00","og_image":[{"width":1000,"height":664,"url":"https:\/\/kaidankiho.com\/wp-content\/uploads\/2019\/05\/kaidankiho_palju4.jpg","type":"image\/jpeg"}],"twitter_card":"summary_large_image","schema":{"@context":"https:\/\/schema.org","@graph":[{"@type":"WebPage","@id":"https:\/\/kaidankiho.com\/de\/dinge-zu-tun\/badezuber\/","url":"https:\/\/kaidankiho.com\/de\/dinge-zu-tun\/badezuber\/","name":"Badezuber - Kaidan Kiho, Ferienh\u00e4user im Mikkeli, Finland","isPartOf":{"@id":"https:\/\/kaidankiho.com\/de\/#website"},"primaryImageOfPage":{"@id":"https:\/\/kaidankiho.com\/de\/dinge-zu-tun\/badezuber\/#primaryimage"},"image":{"@id":"https:\/\/kaidankiho.com\/de\/dinge-zu-tun\/badezuber\/#primaryimage"},"thumbnailUrl":"https:\/\/kaidankiho.com\/wp-content\/uploads\/2019\/05\/kaidankiho_palju4.jpg","datePublished":"2019-09-10T06:29:13+00:00","dateModified":"2021-10-25T09:21:02+00:00","description":"Saunaabende, Junggesellenabschiede, Geburtstagsfeiern, Weihnachtsfeiern oder Familienabende. Der Badezuber kann gew\u00fcnschten Ort transportiert werden.","breadcrumb":{"@id":"https:\/\/kaidankiho.com\/de\/dinge-zu-tun\/badezuber\/#breadcrumb"},"inLanguage":"de","potentialAction":[{"@type":"ReadAction","target":["https:\/\/kaidankiho.com\/de\/dinge-zu-tun\/badezuber\/"]}]},{"@type":"ImageObject","inLanguage":"de","@id":"https:\/\/kaidankiho.com\/de\/dinge-zu-tun\/badezuber\/#primaryimage","url":"https:\/\/kaidankiho.com\/wp-content\/uploads\/2019\/05\/kaidankiho_palju4.jpg","contentUrl":"https:\/\/kaidankiho.com\/wp-content\/uploads\/2019\/05\/kaidankiho_palju4.jpg","width":1000,"height":664},{"@type":"BreadcrumbList","@id":"https:\/\/kaidankiho.com\/de\/dinge-zu-tun\/badezuber\/#breadcrumb","itemListElement":[{"@type":"ListItem","position":1,"name":"Home","item":"https:\/\/kaidankiho.com\/de\/"},{"@type":"ListItem","position":2,"name":"Dinge zu tun","item":"https:\/\/kaidankiho.com\/de\/dinge-zu-tun\/"},{"@type":"ListItem","position":3,"name":"Badezuber"}]},{"@type":"WebSite","@id":"https:\/\/kaidankiho.com\/de\/#website","url":"https:\/\/kaidankiho.com\/de\/","name":"Kaidan Kiho, Mikkelin Ristiina","description":"Vuokrahuviloita","publisher":{"@id":"https:\/\/kaidankiho.com\/de\/#organization"},"alternateName":"Korkeatasoisia vuokrahuviloita","potentialAction":[{"@type":"SearchAction","target":{"@type":"EntryPoint","urlTemplate":"https:\/\/kaidankiho.com\/de\/?s={search_term_string}"},"query-input":{"@type":"PropertyValueSpecification","valueRequired":true,"valueName":"search_term_string"}}],"inLanguage":"de"},{"@type":"Organization","@id":"https:\/\/kaidankiho.com\/de\/#organization","name":"Kaidan kiho","url":"https:\/\/kaidankiho.com\/de\/","logo":{"@type":"ImageObject","inLanguage":"de","@id":"https:\/\/kaidankiho.com\/de\/#\/schema\/logo\/image\/","url":"https:\/\/kaidankiho.com\/wp-content\/uploads\/2019\/06\/kaidankiho-fav.png","contentUrl":"https:\/\/kaidankiho.com\/wp-content\/uploads\/2019\/06\/kaidankiho-fav.png","width":54,"height":54,"caption":"Kaidan kiho"},"image":{"@id":"https:\/\/kaidankiho.com\/de\/#\/schema\/logo\/image\/"},"sameAs":["https:\/\/www.facebook.com\/kaidankiho","https:\/\/www.instagram.com\/"]}]}},"_links":{"self":[{"href":"https:\/\/kaidankiho.com\/de\/wp-json\/wp\/v2\/pages\/2488","targetHints":{"allow":["GET"]}}],"collection":[{"href":"https:\/\/kaidankiho.com\/de\/wp-json\/wp\/v2\/pages"}],"about":[{"href":"https:\/\/kaidankiho.com\/de\/wp-json\/wp\/v2\/types\/page"}],"author":[{"embeddable":true,"href":"https:\/\/kaidankiho.com\/de\/wp-json\/wp\/v2\/users\/1"}],"replies":[{"embeddable":true,"href":"https:\/\/kaidankiho.com\/de\/wp-json\/wp\/v2\/comments?post=2488"}],"version-history":[{"count":0,"href":"https:\/\/kaidankiho.com\/de\/wp-json\/wp\/v2\/pages\/2488\/revisions"}],"up":[{"embeddable":true,"href":"https:\/\/kaidankiho.com\/de\/wp-json\/wp\/v2\/pages\/2365"}],"wp:featuredmedia":[{"embeddable":true,"href":"https:\/\/kaidankiho.com\/de\/wp-json\/wp\/v2\/media\/807"}],"wp:attachment":[{"href":"https:\/\/kaidankiho.com\/de\/wp-json\/wp\/v2\/media?parent=2488"}],"curies":[{"name":"wp","href":"https:\/\/api.w.org\/{rel}","templated":true}]}}