{"id":9612,"date":"2022-12-11T19:35:19","date_gmt":"2022-12-11T17:35:19","guid":{"rendered":"https:\/\/kaidankiho.com\/?page_id=9612"},"modified":"2023-10-19T13:17:31","modified_gmt":"2023-10-19T10:17:31","slug":"reservierungsbedingungen","status":"publish","type":"page","link":"https:\/\/kaidankiho.com\/de\/reservierungsbedingungen\/","title":{"rendered":"Reservierungsbedingungen"},"content":{"rendered":"<h1><strong>Kaidan Kihos Reservierungsbedingungen f\u00fcr die Ferienh\u00e4user Kaidan Kunkku, Kilpikonna, Valmuska und Hapero und Landgut Tuukkala B&amp;B<\/strong><\/h1>\n<p>&nbsp;<\/p>\n<p>Auf die Vermietung von Unterk\u00fcnften durch Kaidan Kiho sind die folgenden Bedingungen anwendbar. Die Bedingungen werden f\u00fcr beide Parteien verbindlich mit Leistung der in diesen Bedingungen angef\u00fchrten Anzahlung durch den Gast. Diese Bedingungen gelten sowohl beim Verkauf innerhalb Finnlands als auch im Rahmen internationaler Gesch\u00e4fte. Die Bedingungen sind bis auf Weiteres g\u00fcltig; das Recht auf \u00c4nderungen wird vorbehalten. Auf Reservierungen sind vorrangig diese Bedingungen anwendbar. Hilfsweise gilt finnisches Recht.<\/p>\n<p>&nbsp;<\/p>\n<h2><strong>Vorl\u00e4ufige Reservierung, Reservierung und Bezahlung <\/strong><\/h2>\n<p>Kaidan Kiho kann nach eigenem Ermessen vorl\u00e4ufige Reservierungen entgegennehmen. Eine vorl\u00e4ufige Reservierung wird in eine gew\u00f6hnliche Reservierung umgewandelt und in Rechnung gestellt, wenn der Gast diese nicht bis zum Best\u00e4tigungstermin storniert hat. Die Reservierung gilt als best\u00e4tigt, wenn der Gast die Anzahlung (25 % des Mietpreises f\u00fcr das Ferienhaus) bis zu dem in der Best\u00e4tigung genannten F\u00e4lligkeitstermin geleistet hat. Die Restzahlung ist sp\u00e4testens 30 Tage vor Anreise f\u00e4llig. Erfolgt die Reservierung weniger als 30 Tage vor dem reservierten Zeitraum, werden Anzahlung und Restzahlung in einer Gesamtrechnung berechnet. Zahlt der Gast nicht bis zum F\u00e4lligkeitstermin, kann Kaidan Kiho die Reservierung einseitig stornieren und die Unterkunft anderweitig zur Vermietung anbieten. Storniert der Gast seine Reservierung nicht und bleibt die Unterkunft aufgrund der (nicht schriftlich stornierten) bestehenden, unbezahlten Reservierung unvermietet, wird die Reservierungsgeb\u00fchr vom Gast eingefordert. Nach Begleichung der Rechnung erh\u00e4lt der Gast Anweisungen zur Schl\u00fcsselabholung sowie eine Anfahrtsbeschreibung zum Ferienhaus.<\/p>\n<p>Der Gast hat seine E-Mail-Adresse und eine Telefonnummer anzugeben, an welche der T\u00fcrcode gegebenenfalls gesendet werden kann. F\u00fcr eine zus\u00e4tzliche Sendung des Codes\/Schl\u00fcssels wird ein Entgelt gem\u00e4\u00df der g\u00fcltigen Preisliste erhoben.<\/p>\n<p>&nbsp;<\/p>\n<h2><strong>Payment service provider<\/strong><\/h2>\n<p>Visma Payments Oy (2486559-4) acts as an implementer of the payment handling service and as a Payment Service Provider. Visma Payments Oy will be shown as the recipient in the invoice and Visma Payments Oy will forward the payment to the merchant.<\/p>\n<p>Visma Payments Oy is an authorized Payment Institution. For reclamations, please contact the website you made your payment to.<\/p>\n<p>Visma Payments Oy, business ID 2486559-4<\/p>\n<p>Brahenkatu 4<\/p>\n<p>53100 Lappeenranta<\/p>\n<p>Phone: +358 9 3154 2037<\/p>\n<p>www.paytrail.com<\/p>\n<p>&nbsp;<\/p>\n<p>Netbanks<\/p>\n<p>Visma Payments Oy (FI24865594) provides netbank related payment transfer services in co-operation with Finnish banks and credit institutions. For consumer the service works exactly the same way as traditional web payments.<\/p>\n<p><strong>\u00a0<\/strong><\/p>\n<h2><strong>Stornierung und \u00c4nderungen von Reservierungen<\/strong><\/h2>\n<p>Eine Stornierung ist immer schriftlich gegen\u00fcber Kaidan Kiho vorzunehmen. Die Stornierung gilt zu dem Zeitpunkt der Kenntnisnahme der Stornierung durch Kaidan Kiho als erfolgt. Im Falle einer Stornierung der Reservierung wird stets die bis dahin entrichtete Anzahlung einbehalten. Erfolgt die Stornierung der Reservierung sp\u00e4ter als 30 Tage vor Beginn des Reservierungszeitraums, wird der Gesamtpreis der Reservierung f\u00e4llig. Kann Kaidan Kiho das Ferienhaus an einen anderen Gast vermieten, wird die Mietgeb\u00fchr entsprechend der vom neuen Gast erhaltenen Miete zur\u00fcckerstattet. Die Anzahlung in H\u00f6he von 25 % wird jedoch nicht zur\u00fcckgezahlt. Stornierungen sind unverz\u00fcglich zur Kenntnis zu bringen. \u00c4ndert der Gast den Reservierungszeitraum, wird dies als Stornierung der vorherigen Reservierung und als neue Reservierung betrachtet.<\/p>\n<p>Wir empfehlen den Abschluss einer Reiseversicherung, die auch Reisestornierungskosten deckt.<\/p>\n<p>&nbsp;<\/p>\n<h2><strong>Stornierungsrecht von Kaidan Kiho<\/strong><\/h2>\n<p>Kaidan Kiho hat das Recht, die Reservierung zu stornieren oder die Erbringung der Dienstleistung abzubrechen, wenn h\u00f6here Gewalt, wie zum Beispiel Feuer, Naturkatastrophen, amtliche Ma\u00dfnahmen, Streiks oder ein \u00e4hnlicher, unvorhersehbarer Umstand au\u00dferhalb des annehmbaren Machtbereichs von Kaidan Kiho, die Erbringung der Dienstleistung verhindert oder wesentlich erschwert. Im Falle einer Stornierung wird dem Gast die geleistete Zahlung in vollem Umfang zur\u00fcckerstattet, oder im Falle eines Abbruchs der dem nicht erbrachten Teil der Dienstleistung entsprechende Betrag.<\/p>\n<p>Kaidan Kiho wird den Gast unverz\u00fcglich \u00fcber das Auftreten eines Hindernisses unterrichten, aufgrund dessen die Dienstleistung nicht erbracht werden kann.<\/p>\n<p>Die Haftung von Kaidan Kiho ist auf die R\u00fcckzahlung des erhaltenen Betrags beschr\u00e4nkt.<\/p>\n<p>&nbsp;<\/p>\n<h2><strong>\u00dcbergabe, Nutzung und R\u00fcckgabe der Schl\u00fcssel <\/strong><\/h2>\n<p>Die Unterkunft steht dem Gast ab 16:00 Uhr am Tag der Anreise bis 12:00 Uhr am Abreisetag zur Verf\u00fcgung. Bez\u00fcglich der Schl\u00fcssel zum Ferienhaus werden gesonderte Vereinbarungen getroffen. Bei Verlust des Schl\u00fcssels werden die tats\u00e4chlichen Kosten f\u00fcr den Austausch des Schlosses in Rechnung gestellt.<strong>\u00a0<\/strong><\/p>\n<p><strong>\u00a0<\/strong><\/p>\n<h2><strong>Aufenthalt im Ferienhaus<\/strong><\/h2>\n<p>Bestandteil der Miete eines Ferienhauses ist das Recht zu seiner freien Nutzung. Das Abstellen eines Wohnwagens oder Wohnmobils sowie der Aufbau eines Zelts auf dem Grundst\u00fcck erfordern die Genehmigung des Vermieters. Die Nutzung von Bettw\u00e4sche ist obligatorisch. Die Reinigung des Ferienhauses w\u00e4hrend des Aufenthalts wird vom Gast selbst durchgef\u00fchrt. Wir erwarten, dass der Gast den M\u00fcll hinausbringt und genutzte Gegenst\u00e4nde an ihren urspr\u00fcnglichen Platz zur\u00fcckstellt. Die Endreinigung ist zwar im Mietpreis inbegriffen, es wird jedoch erwartet, dass die Unterkunft in normalem Zustand hinterlassen wird, d. h. M\u00f6bel und sonstige Ausstattung m\u00fcssen intakt und an dem f\u00fcr sie vorgesehenen Ort zu finden sein, der M\u00fcll muss hinausgebracht und m\u00f6gliche Flecken usw. beseitigt worden sein.<\/p>\n<p>Die Nutzung von Kerzen, Teelichtern und Fackeln ist ausschlie\u00dflich an den hierf\u00fcr vorgesehenen Stellen und unter Verwendung von Untersetzern aus Metall, Keramik oder Glas gestattet und es ist daf\u00fcr Sorge zu tragen, dass das Stearin nicht aus dem Untersetzer austreten kann.<\/p>\n<p>Offenes Feuer im Saunabereich ist verboten. Die Nutzung von Birkenquasten ist sowohl in den Saunas des Hauptgeb\u00e4udes als auch in der Rauchsauna untersagt.<\/p>\n<p>Das Trocknen von Pilzen, Beeren und Fischen ist nur im Umluftofen in der K\u00fcche gestattet. Entspricht der Zustand des Ferienhauses nach der Nutzung nicht den oben genannten Anforderungen und muss der Hausverwalter es vor Nutzung durch den n\u00e4chsten Gast gesondert reinigen lassen, wird f\u00fcr die Sonderreinigung nachtr\u00e4glich eine Geb\u00fchr von 50 \u20ac\/angebrochene Stunde, inkl. 24 % MwSt., erhoben.<\/p>\n<p>Die Geschwindigkeitsbegrenzung f\u00fcr Motorboote auf dem See betr\u00e4gt 9 km\/h. Die Nutzung von Wasserscootern ist untersagt.<\/p>\n<p>Die Grillh\u00fctte\/Sauna der H\u00e4user Hapero und Valmuska stehen im Zeitraum 28.04. \u201331.10. zur Verf\u00fcgung.<\/p>\n<p>&nbsp;<\/p>\n<h2><strong>Winterdienst<\/strong><\/h2>\n<p>Um Gl\u00e4ttebildung auf Treppen, Terrassen, Wegen, Stra\u00dfen und Stegen vorzubeugen, ist Streugut in einem gesonderten Beh\u00e4lter vorgesehen. W\u00e4hrend des Aufenthalts hat der Gast im angemessenen Umfang f\u00fcr die Vorbeugung von Glatteis Sorge zu tragen. Ist kein Streugut mehr vorhanden, hat der Gast dies dem Hausverwalter mitzuteilen.<\/p>\n<p>M\u00f6gliche Unf\u00e4lle aufgrund von Gl\u00e4tte sind dem Hausverwalter unverz\u00fcglich zu melden. Erfolgt die Meldung nicht unverz\u00fcglich an den Hausverwalter, erlischt die Haftung von Kaidan Kiho. Ebenso haftet Kaidan Kiho nicht f\u00fcr Verletzungen von G\u00e4sten aufgrund von Ausrutschunf\u00e4llen unter dem Einfluss von Alkohol oder sonstigen Rauschmitteln.<\/p>\n<p>&nbsp;<\/p>\n<h2><strong>Eisloch am Ferienhaus Kaidan Kunkku <\/strong><\/h2>\n<p>Das Eisloch befindet sich am Ende des Stegs und wird den Winter \u00fcber mittels eines Str\u00f6mungsgenerators offen gehalten. Bitte beachten Sie, dass die Eisdecke gro\u00dffl\u00e4chig und nicht nur unmittelbar am Loch instabil ist. Das Betreten der Eisfl\u00e4che in einem Radius von 30 Metern um das Eisloch ist verboten.<\/p>\n<p>Der Hausverwalter wird versuchen, die Gehwege zum Eisloch in m\u00f6glichst gutem Zustand zu halten. Dennoch ist es bei raschen Wetterumschw\u00fcngen m\u00f6glich, dass sich auf den Wegen und Treppen Gl\u00e4tte bildet. In solchen F\u00e4llen muss der Gast besonders vorsichtig sein und auf den Wegen bei Bedarf Schnee r\u00e4umen und streuen. Bei Bedarf sollte der Hausverwalter kontaktiert werden.<\/p>\n<p>Die Nutzung des Eislochs unter dem Einfluss von Alkohol oder sonstigen Rauschmitteln ist untersagt.<\/p>\n<p>Der Gast muss Kenntnis dar\u00fcber haben, ob sein gesundheitlicher Zustand Eislochschwimmen erlaubt.<\/p>\n<p>Wir empfehlen den G\u00e4sten, eigene Badeschuhe und Bademantel mitzunehmen!<\/p>\n<p>&nbsp;<\/p>\n<h2><strong>Sch\u00e4den, M\u00e4ngel und Reklamationen<\/strong><\/h2>\n<p>Alle Beanstandungen in Bezug auf die Reservierung und den Zustand des Ferienhauses sind unverz\u00fcglich an den Verwalter des Ferienhauses zu richten, damit die Unzul\u00e4nglichkeiten den M\u00f6glichkeiten entsprechend behoben oder kompensiert werden k\u00f6nnen. Kann das Problem nicht sofort beseitigt werden, ist die Angelegenheit unmittelbar beim Eigent\u00fcmer schriftlich zu reklamieren. Nachtr\u00e4gliche Beschwerden werden nicht ber\u00fccksichtigt. Gleicherma\u00dfen hat der Gast die Pflicht, die von ihm am Ferienhaus und dessen Ausstattung verursachten Sch\u00e4den unverz\u00fcglich zu melden und zu ersetzen. Sch\u00e4den, die nicht gemeldet wurden, werden nachtr\u00e4glich gem\u00e4\u00df den tats\u00e4chlichen Kosten in Rechnung gestellt. Gelangen der Gast und Kaidan Kiho bez\u00fcglich der vorgenannten Punkte zu keinem Konsens, kann der Gast die Streitigkeit der finnischen Verbraucherbeschwerdestelle zur Bearbeitung vorlegen. Sollte auch dies zu keiner L\u00f6sung f\u00fchren, wird die Streitsache vor dem am Sitz von Kaidan Kiho zust\u00e4ndigen Gericht verhandelt.<\/p>\n<p>&nbsp;<\/p>\n<h2><strong>Personenzahl<\/strong><\/h2>\n<p>Die h\u00f6chstzul\u00e4ssige Personenzahl f\u00fcr das Ferienhaus entspricht der Anzahl an Schlafpl\u00e4tzen im Haus (Betten und Zusatzbetten). Die Personenzahl ist bei der Reservierung anzugeben und darf nicht \u00fcberschritten werden. F\u00fcr nicht gemeldete Zusatzpersonen wird eine Zusatzgeb\u00fchr in H\u00f6he von 60 \u20ac\/Person\/Tag in bar erhoben.<\/p>\n<p>Die Nutzung eigener Zusatzbetten ist nur nach gesonderter Vereinbarung m\u00f6glich. Das \u00dcbernachten auf Sofas ist untersagt.<\/p>\n<p>&nbsp;<\/p>\n<h2><strong>Rauchen, Haustiere<\/strong><\/h2>\n<p>Rauchen ist nur au\u00dferhalb des Ferienhauses im dem daf\u00fcr vorgesehenen Bereich gestattet. F\u00fcr unbefugtes Rauchen im Inneren des Hauses wird eine Strafe in H\u00f6he von 200 \u20ac erhoben. Das Mitbringen von Haustieren ist nach Vereinbarung in den Ferienh\u00e4usern Valmuska und Hapero gestattet. In den H\u00e4usern Kaidan Kunkku und Kilpikonna sind Haustiere verboten. F\u00fcr nicht genehmigte Haustiere wird eine Zusatzgeb\u00fchr in H\u00f6he von 200 \u20ac\/Tier\/Tag in bar erhoben.<\/p>\n<p>Kaidan Kiho haftet nicht f\u00fcr durch unbefugtes Rauchen oder Tiere verursachte Unannehmlichkeiten wie beispielsweise Allergien der G\u00e4ste. Die Erkrankung eines Tieres berechtigt nicht zur Stornierung der Reservierung.<\/p>\n<p>&nbsp;<\/p>\n<p>Kaidan Kiho<\/p>\n<p>Tel.: Esko +358 50 5278814 und Leena +358 45 6349299<\/p>\n<p>E-Mail: <a href=\"mailto:info@kaidankiho.com\">info@kaidankiho.com<\/a><\/p>\n<p>www: <a href=\"http:\/\/www.kaidankiho.com\">https:\/\/www.kaidankiho.com<\/a><\/p>\n","protected":false},"excerpt":{"rendered":"<p>Kaidan Kihos Reservierungsbedingungen f\u00fcr die Ferienh\u00e4user Kaidan Kunkku, Kilpikonna, Valmuska und Hapero und Landgut Tuukkala B&amp;B &nbsp; Auf die Vermietung von Unterk\u00fcnften durch Kaidan Kiho sind die folgenden Bedingungen anwendbar. Die Bedingungen werden f\u00fcr beide Parteien verbindlich mit Leistung der in diesen Bedingungen angef\u00fchrten Anzahlung durch den Gast. Diese Bedingungen gelten sowohl beim Verkauf innerhalb [&hellip;]<\/p>\n","protected":false},"author":5,"featured_media":0,"parent":0,"menu_order":0,"comment_status":"closed","ping_status":"closed","template":"","meta":{"footnotes":""},"class_list":["post-9612","page","type-page","status-publish","hentry","wpautop"],"yoast_head":"<!-- This site is optimized with the Yoast SEO plugin v27.0 - https:\/\/yoast.com\/product\/yoast-seo-wordpress\/ -->\n<title>Reservierungsbedingungen - Kaidan Kiho, Ferienh\u00e4user im Mikkeli, Finland<\/title>\n<meta name=\"robots\" content=\"index, follow, max-snippet:-1, max-image-preview:large, max-video-preview:-1\" \/>\n<link rel=\"canonical\" href=\"https:\/\/kaidankiho.com\/de\/reservierungsbedingungen\/\" \/>\n<meta property=\"og:locale\" content=\"de_DE\" \/>\n<meta property=\"og:type\" content=\"article\" \/>\n<meta property=\"og:title\" content=\"Reservierungsbedingungen - Kaidan Kiho, Ferienh\u00e4user im Mikkeli, Finland\" \/>\n<meta property=\"og:description\" content=\"Kaidan Kihos Reservierungsbedingungen f\u00fcr die Ferienh\u00e4user Kaidan Kunkku, Kilpikonna, Valmuska und Hapero und Landgut Tuukkala B&amp;B &nbsp; Auf die Vermietung von Unterk\u00fcnften durch Kaidan Kiho sind die folgenden Bedingungen anwendbar. Die Bedingungen werden f\u00fcr beide Parteien verbindlich mit Leistung der in diesen Bedingungen angef\u00fchrten Anzahlung durch den Gast. Diese Bedingungen gelten sowohl beim Verkauf innerhalb [&hellip;]\" \/>\n<meta property=\"og:url\" content=\"https:\/\/kaidankiho.com\/de\/reservierungsbedingungen\/\" \/>\n<meta property=\"og:site_name\" content=\"Kaidan Kiho, Ferienh\u00e4user im Mikkeli, Finland\" \/>\n<meta property=\"article:publisher\" content=\"https:\/\/www.facebook.com\/kaidankiho\" \/>\n<meta property=\"article:modified_time\" content=\"2023-10-19T10:17:31+00:00\" \/>\n<meta property=\"og:image\" content=\"https:\/\/kaidankiho.com\/wp-content\/uploads\/2019\/05\/kaidankiho-kilpikonna-kilpikonna-summer.jpg\" \/>\n\t<meta property=\"og:image:width\" content=\"900\" \/>\n\t<meta property=\"og:image:height\" content=\"600\" \/>\n\t<meta property=\"og:image:type\" content=\"image\/jpeg\" \/>\n<meta name=\"twitter:card\" content=\"summary_large_image\" \/>\n<meta name=\"twitter:label1\" content=\"Gesch\u00e4tzte Lesezeit\" \/>\n\t<meta name=\"twitter:data1\" content=\"10\u00a0Minuten\" \/>\n<script type=\"application\/ld+json\" class=\"yoast-schema-graph\">{\"@context\":\"https:\/\/schema.org\",\"@graph\":[{\"@type\":\"WebPage\",\"@id\":\"https:\/\/kaidankiho.com\/de\/reservierungsbedingungen\/\",\"url\":\"https:\/\/kaidankiho.com\/de\/reservierungsbedingungen\/\",\"name\":\"Reservierungsbedingungen - Kaidan Kiho, Ferienh\u00e4user im Mikkeli, Finland\",\"isPartOf\":{\"@id\":\"https:\/\/kaidankiho.com\/de\/#website\"},\"datePublished\":\"2022-12-11T17:35:19+00:00\",\"dateModified\":\"2023-10-19T10:17:31+00:00\",\"breadcrumb\":{\"@id\":\"https:\/\/kaidankiho.com\/de\/reservierungsbedingungen\/#breadcrumb\"},\"inLanguage\":\"de\",\"potentialAction\":[{\"@type\":\"ReadAction\",\"target\":[\"https:\/\/kaidankiho.com\/de\/reservierungsbedingungen\/\"]}]},{\"@type\":\"BreadcrumbList\",\"@id\":\"https:\/\/kaidankiho.com\/de\/reservierungsbedingungen\/#breadcrumb\",\"itemListElement\":[{\"@type\":\"ListItem\",\"position\":1,\"name\":\"Home\",\"item\":\"https:\/\/kaidankiho.com\/de\/\"},{\"@type\":\"ListItem\",\"position\":2,\"name\":\"Reservierungsbedingungen\"}]},{\"@type\":\"WebSite\",\"@id\":\"https:\/\/kaidankiho.com\/de\/#website\",\"url\":\"https:\/\/kaidankiho.com\/de\/\",\"name\":\"Kaidan Kiho, Mikkelin Ristiina\",\"description\":\"Vuokrahuviloita\",\"publisher\":{\"@id\":\"https:\/\/kaidankiho.com\/de\/#organization\"},\"alternateName\":\"Korkeatasoisia vuokrahuviloita\",\"potentialAction\":[{\"@type\":\"SearchAction\",\"target\":{\"@type\":\"EntryPoint\",\"urlTemplate\":\"https:\/\/kaidankiho.com\/de\/?s={search_term_string}\"},\"query-input\":{\"@type\":\"PropertyValueSpecification\",\"valueRequired\":true,\"valueName\":\"search_term_string\"}}],\"inLanguage\":\"de\"},{\"@type\":\"Organization\",\"@id\":\"https:\/\/kaidankiho.com\/de\/#organization\",\"name\":\"Kaidan kiho\",\"url\":\"https:\/\/kaidankiho.com\/de\/\",\"logo\":{\"@type\":\"ImageObject\",\"inLanguage\":\"de\",\"@id\":\"https:\/\/kaidankiho.com\/de\/#\/schema\/logo\/image\/\",\"url\":\"https:\/\/kaidankiho.com\/wp-content\/uploads\/2019\/06\/kaidankiho-fav.png\",\"contentUrl\":\"https:\/\/kaidankiho.com\/wp-content\/uploads\/2019\/06\/kaidankiho-fav.png\",\"width\":54,\"height\":54,\"caption\":\"Kaidan kiho\"},\"image\":{\"@id\":\"https:\/\/kaidankiho.com\/de\/#\/schema\/logo\/image\/\"},\"sameAs\":[\"https:\/\/www.facebook.com\/kaidankiho\",\"https:\/\/www.instagram.com\/\"]}]}<\/script>\n<!-- \/ Yoast SEO plugin. -->","yoast_head_json":{"title":"Reservierungsbedingungen - Kaidan Kiho, Ferienh\u00e4user im Mikkeli, Finland","robots":{"index":"index","follow":"follow","max-snippet":"max-snippet:-1","max-image-preview":"max-image-preview:large","max-video-preview":"max-video-preview:-1"},"canonical":"https:\/\/kaidankiho.com\/de\/reservierungsbedingungen\/","og_locale":"de_DE","og_type":"article","og_title":"Reservierungsbedingungen - Kaidan Kiho, Ferienh\u00e4user im Mikkeli, Finland","og_description":"Kaidan Kihos Reservierungsbedingungen f\u00fcr die Ferienh\u00e4user Kaidan Kunkku, Kilpikonna, Valmuska und Hapero und Landgut Tuukkala B&amp;B &nbsp; Auf die Vermietung von Unterk\u00fcnften durch Kaidan Kiho sind die folgenden Bedingungen anwendbar. Die Bedingungen werden f\u00fcr beide Parteien verbindlich mit Leistung der in diesen Bedingungen angef\u00fchrten Anzahlung durch den Gast. Diese Bedingungen gelten sowohl beim Verkauf innerhalb [&hellip;]","og_url":"https:\/\/kaidankiho.com\/de\/reservierungsbedingungen\/","og_site_name":"Kaidan Kiho, Ferienh\u00e4user im Mikkeli, Finland","article_publisher":"https:\/\/www.facebook.com\/kaidankiho","article_modified_time":"2023-10-19T10:17:31+00:00","og_image":[{"width":900,"height":600,"url":"https:\/\/kaidankiho.com\/wp-content\/uploads\/2019\/05\/kaidankiho-kilpikonna-kilpikonna-summer.jpg","type":"image\/jpeg"}],"twitter_card":"summary_large_image","twitter_misc":{"Gesch\u00e4tzte Lesezeit":"10\u00a0Minuten"},"schema":{"@context":"https:\/\/schema.org","@graph":[{"@type":"WebPage","@id":"https:\/\/kaidankiho.com\/de\/reservierungsbedingungen\/","url":"https:\/\/kaidankiho.com\/de\/reservierungsbedingungen\/","name":"Reservierungsbedingungen - Kaidan Kiho, Ferienh\u00e4user im Mikkeli, Finland","isPartOf":{"@id":"https:\/\/kaidankiho.com\/de\/#website"},"datePublished":"2022-12-11T17:35:19+00:00","dateModified":"2023-10-19T10:17:31+00:00","breadcrumb":{"@id":"https:\/\/kaidankiho.com\/de\/reservierungsbedingungen\/#breadcrumb"},"inLanguage":"de","potentialAction":[{"@type":"ReadAction","target":["https:\/\/kaidankiho.com\/de\/reservierungsbedingungen\/"]}]},{"@type":"BreadcrumbList","@id":"https:\/\/kaidankiho.com\/de\/reservierungsbedingungen\/#breadcrumb","itemListElement":[{"@type":"ListItem","position":1,"name":"Home","item":"https:\/\/kaidankiho.com\/de\/"},{"@type":"ListItem","position":2,"name":"Reservierungsbedingungen"}]},{"@type":"WebSite","@id":"https:\/\/kaidankiho.com\/de\/#website","url":"https:\/\/kaidankiho.com\/de\/","name":"Kaidan Kiho, Mikkelin Ristiina","description":"Vuokrahuviloita","publisher":{"@id":"https:\/\/kaidankiho.com\/de\/#organization"},"alternateName":"Korkeatasoisia vuokrahuviloita","potentialAction":[{"@type":"SearchAction","target":{"@type":"EntryPoint","urlTemplate":"https:\/\/kaidankiho.com\/de\/?s={search_term_string}"},"query-input":{"@type":"PropertyValueSpecification","valueRequired":true,"valueName":"search_term_string"}}],"inLanguage":"de"},{"@type":"Organization","@id":"https:\/\/kaidankiho.com\/de\/#organization","name":"Kaidan kiho","url":"https:\/\/kaidankiho.com\/de\/","logo":{"@type":"ImageObject","inLanguage":"de","@id":"https:\/\/kaidankiho.com\/de\/#\/schema\/logo\/image\/","url":"https:\/\/kaidankiho.com\/wp-content\/uploads\/2019\/06\/kaidankiho-fav.png","contentUrl":"https:\/\/kaidankiho.com\/wp-content\/uploads\/2019\/06\/kaidankiho-fav.png","width":54,"height":54,"caption":"Kaidan kiho"},"image":{"@id":"https:\/\/kaidankiho.com\/de\/#\/schema\/logo\/image\/"},"sameAs":["https:\/\/www.facebook.com\/kaidankiho","https:\/\/www.instagram.com\/"]}]}},"_links":{"self":[{"href":"https:\/\/kaidankiho.com\/de\/wp-json\/wp\/v2\/pages\/9612","targetHints":{"allow":["GET"]}}],"collection":[{"href":"https:\/\/kaidankiho.com\/de\/wp-json\/wp\/v2\/pages"}],"about":[{"href":"https:\/\/kaidankiho.com\/de\/wp-json\/wp\/v2\/types\/page"}],"author":[{"embeddable":true,"href":"https:\/\/kaidankiho.com\/de\/wp-json\/wp\/v2\/users\/5"}],"replies":[{"embeddable":true,"href":"https:\/\/kaidankiho.com\/de\/wp-json\/wp\/v2\/comments?post=9612"}],"version-history":[{"count":0,"href":"https:\/\/kaidankiho.com\/de\/wp-json\/wp\/v2\/pages\/9612\/revisions"}],"wp:attachment":[{"href":"https:\/\/kaidankiho.com\/de\/wp-json\/wp\/v2\/media?parent=9612"}],"curies":[{"name":"wp","href":"https:\/\/api.w.org\/{rel}","templated":true}]}}