{"id":2518,"date":"2019-05-16T16:11:30","date_gmt":"2019-05-16T13:11:30","guid":{"rendered":"http:\/\/davas.site\/kaidankiho\/majoitus\/"},"modified":"2025-12-25T10:03:24","modified_gmt":"2025-12-25T08:03:24","slug":"villas","status":"publish","type":"page","link":"https:\/\/kaidankiho.com\/fr\/villas\/","title":{"rendered":"Villas"},"content":{"rendered":"<h1>\n<p>UN S\u00c9JOUR DANS UN CHALET DE VACANCES PLEIN DE LUXE \u00c9COLOGIQUE<\/p>\n<\/h1>\n<div>\n<p>Nos quatre maisons de vacances offrent un cadre id\u00e9al pour un s\u00e9jour priv\u00e9 ou une r\u00e9union de travail. Choisissez l\u2019h\u00e9bergement qui vous correspond le mieux.<\/p>\n<p>Toutes nos maisons de vacances sont enti\u00e8rement \u00e9quip\u00e9es de tout ce dont vous avez besoin.<\/p>\n<\/div>\n<div>\n<p>Vous pourrez vous d\u00e9tendre dans nos maisons de vacances de luxe avec la conscience tranquille, car elles ont \u00e9t\u00e9 construites et sont entretenues dans le respect de l\u2019environnement. Nous avons choisi les mat\u00e9riaux de construction et les installations techniques pour leur respect de crit\u00e8res \u00e9cologiques stricts, sans pour autant l\u00e9siner sur le confort. <a href=\"https:\/\/kaidankiho.com\/fr\/vastuullisuus-fr\/\" target=\"_blank\" rel=\"noopener\">En savoir plus<\/a><\/p>\n<p>Dans nos maisons de vacances, vous disposez d\u2019eau potable directement au robinet et pouvez vous rendre \u00e0 la plage toute proche pour vous baigner dans une eau limpide!<\/p>\n<p>\u00c0 votre arriv\u00e9e, vous serez accueillis en personne pour une visite guid\u00e9e des lieux. Chacune de nos maisons de vacances poss\u00e8de sa propre plage, une jet\u00e9e, un bateau et une connexion internet sans fil. Vous y trouverez aussi des housses de protection propres pour les si\u00e8ges du sauna, du linge de lit, du papier hygi\u00e9nique et du papier essuie-tout, des produits de nettoyage \u00e9cologiques, du bois de chauffage, etc.<\/p>\n<p>Consultez la page de pr\u00e9sentation de chacune de nos maisons de vacances pour une liste plus pr\u00e9cise des \u00e9quipements pr\u00e9vus.<\/p>\n<\/div>\n<ul>\n<li>\n<p>        <img decoding=\"async\" src=\"\/wp-content\/uploads\/2019\/05\/Kaidan-Kunkku-summer-900.jpg\" alt=\"Valmuska -huvila\"><\/p>\n<h4>Kaidan Kunkku -villa<\/h4>\n<div>\n<p>8 + 2 personnes. 160 m\u00b2. 3 chambre 2 \u00e9tages.<\/p>\n<\/div>\n<p><a href=\"https:\/\/kaidankiho.com\/huvila-kaidan-kunkku\/\">Lire plus &#038; Online<\/a><\/p>\n<\/li>\n<li>\n<p>        <img decoding=\"async\" src=\"\/wp-content\/uploads\/2019\/05\/Kilpikonna-kesa-900.jpg\" alt=\"Valmuska -huvila\"><\/p>\n<h4>Kilpikonna -villa<\/h4>\n<div>\n<p>6 personnes. 115 m\u00b2. 2 chambres et mezzanine.<\/p>\n<\/div>\n<p><a href=\"https:\/\/kaidankiho.com\/fr\/villas\/kilpikonna\/\">Lire plus &#038; Online<\/a><\/p>\n<\/li>\n<li>\n<p>        <img decoding=\"async\" src=\"\/wp-content\/uploads\/2019\/05\/kaidankiho-valmuska-summer.jpg\" alt=\"Valmuska -huvila\"><\/p>\n<h4>Hapero -villa<\/h4>\n<div>\n<p>6 personnes. 145 m\u00b2. 3 chambres avec salle de bains respective.<\/p>\n<\/div>\n<p><a href=\"https:\/\/kaidankiho.com\/fr\/villas\/hapero\/\">Lire plus &#038; Online<\/a><\/p>\n<\/li>\n<\/ul>\n<p><!--more--><br \/>\n<!-- {\"name\":\"majoitus alku suomi\",\"type\":\"layout\",\"children\":[{\"type\":\"section\",\"props\":{\"image_position\":\"center-center\",\"style\":\"secondary\",\"title_breakpoint\":\"xl\",\"title_position\":\"top-left\",\"title_rotation\":\"left\",\"vertical_align\":\"\",\"width\":\"large\"},\"children\":[{\"type\":\"row\",\"props\":{\"layout\":\"1-2,1-2\"},\"children\":[{\"type\":\"column\",\"props\":{\"image_position\":\"center-center\",\"position_sticky_breakpoint\":\"m\",\"width_medium\":\"1-2\"},\"children\":[{\"type\":\"headline\",\"props\":{\"content\":\"\n\n<p>UN S\\u00c9JOUR DANS UN CHALET DE VACANCES PLEIN DE LUXE \\u00c9COLOGIQUE<\\\/p>\",\"title_element\":\"h1\",\"title_style\":\"heading-small\"}},{\"type\":\"text\",\"props\":{\"column_breakpoint\":\"m\",\"content\":\"\n\n<p>Nos quatre maisons de vacances offrent un cadre id\\u00e9al pour un s\\u00e9jour priv\\u00e9 ou une r\\u00e9union de travail. Choisissez l\\u2019h\\u00e9bergement qui vous correspond le mieux.<\\\/p>\\n\n\n<p>Toutes nos maisons de vacances sont enti\\u00e8rement \\u00e9quip\\u00e9es de tout ce dont vous avez besoin.<\\\/p>\",\"margin\":\"default\"}}]},{\"type\":\"column\",\"props\":{\"image_position\":\"center-center\",\"position_sticky_breakpoint\":\"m\",\"width_medium\":\"1-2\"},\"children\":[{\"type\":\"text\",\"props\":{\"column_breakpoint\":\"m\",\"content\":\"\n\n<p>Vous pourrez vous d\\u00e9tendre dans nos maisons de vacances de luxe avec la conscience tranquille, car elles ont \\u00e9t\\u00e9 construites et sont entretenues dans le respect de l\\u2019environnement. Nous avons choisi les mat\\u00e9riaux de construction et les installations techniques pour leur respect de crit\\u00e8res \\u00e9cologiques stricts, sans pour autant l\\u00e9siner sur le confort. <a href=\\\"https:\\\/\\\/kaidankiho.com\\\/fr\\\/vastuullisuus-fr\\\/\\\" target=\\\"_blank\\\" rel=\\\"noopener\\\">En savoir plus<\\\/a><\\\/p>\\n\n\n<p>Dans nos maisons de vacances, vous disposez d\\u2019eau potable directement au robinet et pouvez vous rendre \\u00e0 la plage toute proche pour vous baigner dans une eau limpide!<\\\/p>\\n\n\n<p>\\u00c0 votre arriv\\u00e9e, vous serez accueillis en personne pour une visite guid\\u00e9e des lieux. Chacune de nos maisons de vacances poss\\u00e8de sa propre plage, une jet\\u00e9e, un bateau et une connexion internet sans fil. Vous y trouverez aussi des housses de protection propres pour les si\\u00e8ges du sauna, du linge de lit, du papier hygi\\u00e9nique et du papier essuie-tout, des produits de nettoyage \\u00e9cologiques, du bois de chauffage, etc.<\\\/p>\\n\n\n<p>Consultez la page de pr\\u00e9sentation de chacune de nos maisons de vacances pour une liste plus pr\\u00e9cise des \\u00e9quipements pr\\u00e9vus.<\\\/p>\",\"margin\":\"default\",\"maxwidth\":\"xlarge\"}}]}]}]},{\"type\":\"section\",\"props\":{\"image_position\":\"center-center\",\"style\":\"default\",\"title_breakpoint\":\"xl\",\"title_position\":\"top-left\",\"title_rotation\":\"left\",\"vertical_align\":\"\",\"width\":\"large\"},\"children\":[{\"type\":\"row\",\"children\":[{\"type\":\"column\",\"props\":{\"image_position\":\"center-center\",\"position_sticky_breakpoint\":\"m\",\"width_medium\":\"1-1\"},\"children\":[{\"type\":\"grid\",\"props\":{\"content_column_breakpoint\":\"m\",\"filter_align\":\"left\",\"filter_all\":true,\"filter_grid_breakpoint\":\"m\",\"filter_grid_width\":\"auto\",\"filter_position\":\"top\",\"filter_style\":\"tab\",\"grid_default\":\"1\",\"grid_medium\":\"3\",\"grid_small\":\"2\",\"icon_width\":80,\"image_align\":\"between\",\"image_border\":\"rounded\",\"image_grid_breakpoint\":\"m\",\"image_grid_width\":\"1-2\",\"image_svg_color\":\"emphasis\",\"item_animation\":true,\"lightbox_bg_close\":true,\"link_style\":\"text\",\"link_text\":\"Lire plus & Online\",\"margin\":\"default\",\"margin_remove_top\":true,\"meta_align\":\"below-title\",\"meta_element\":\"div\",\"meta_style\":\"\",\"panel_image_no_padding\":true,\"panel_link\":true,\"panel_link_hover\":\"true\",\"panel_padding\":\"small\",\"panel_style\":\"card-default\",\"parallax_easing\":\"1\",\"show_content\":true,\"show_hover_image\":true,\"show_hover_video\":true,\"show_image\":true,\"show_link\":true,\"show_meta\":true,\"show_title\":true,\"show_video\":true,\"title_align\":\"top\",\"title_element\":\"h4\",\"title_grid_breakpoint\":\"m\",\"title_grid_width\":\"1-2\",\"title_hover_style\":\"reset\",\"title_style\":\"h4\"},\"children\":[{\"type\":\"grid_item\",\"props\":{\"content\":\"\n\n<p>8 + 2 personnes. 160 m\\u00b2. 3 chambre 2 \\u00e9tages.<\\\/p>\",\"image\":\"wp-content\\\/uploads\\\/2019\\\/05\\\/Kaidan-Kunkku-summer-900.jpg\",\"image_alt\":\"Valmuska -huvila\",\"link\":\"huvila-kaidan-kunkku\\\/\",\"meta\":\"\",\"title\":\"Kaidan Kunkku -villa\"}},{\"type\":\"grid_item\",\"props\":{\"content\":\"\n\n<p>6 personnes. 115 m\\u00b2. 2 chambres et mezzanine.<\\\/p>\",\"image\":\"wp-content\\\/uploads\\\/2019\\\/05\\\/Kilpikonna-kesa-900.jpg\",\"image_alt\":\"Valmuska -huvila\",\"link\":\"majoitus\\\/kilpikonna\\\/\",\"meta\":\"\",\"title\":\"Kilpikonna -villa\"}},{\"type\":\"grid_item\",\"props\":{\"content\":\"\n\n<p>6 personnes. 145 m\\u00b2. 3 chambres avec salle de bains respective.<\\\/p>\",\"image\":\"wp-content\\\/uploads\\\/2019\\\/05\\\/kaidankiho-valmuska-summer.jpg\",\"image_alt\":\"Valmuska -huvila\",\"link\":\"majoitus\\\/hapero\\\/\",\"meta\":\"\",\"title\":\"Hapero -villa\"}}],\"name\":\"kohteet fr 2\"}]}]}]}],\"version\":\"4.5.32\"} --><\/p>\n","protected":false},"excerpt":{"rendered":"<p>UN S\u00c9JOUR DANS UN CHALET DE VACANCES PLEIN DE LUXE \u00c9COLOGIQUE Nos quatre maisons de vacances offrent un cadre id\u00e9al pour un s\u00e9jour priv\u00e9 ou une r\u00e9union de travail. Choisissez l\u2019h\u00e9bergement qui vous correspond le mieux. Toutes nos maisons de vacances sont enti\u00e8rement \u00e9quip\u00e9es de tout ce dont vous avez besoin. Vous pourrez vous d\u00e9tendre [&hellip;]<\/p>\n","protected":false},"author":1,"featured_media":0,"parent":0,"menu_order":0,"comment_status":"closed","ping_status":"closed","template":"","meta":{"footnotes":""},"class_list":["post-2518","page","type-page","status-publish","hentry","wpautop"],"yoast_head":"<!-- This site is optimized with the Yoast SEO plugin v27.3 - https:\/\/yoast.com\/product\/yoast-seo-wordpress\/ -->\n<title>Villas - Kaidan Kiho Villas, Mikkeli, Finland<\/title>\n<meta name=\"description\" content=\"Nelj\u00e4 huvilaamme tarjoavat upeat puitteet m\u00f6kkilomalle tai kokoukselle. Jokaisessa m\u00f6kiss\u00e4 on oma ranta, laituri ja vene.\" \/>\n<meta name=\"robots\" content=\"index, follow, max-snippet:-1, max-image-preview:large, max-video-preview:-1\" \/>\n<link rel=\"canonical\" href=\"https:\/\/kaidankiho.com\/fr\/villas\/\" \/>\n<meta property=\"og:locale\" content=\"fr_FR\" \/>\n<meta property=\"og:type\" content=\"article\" \/>\n<meta property=\"og:title\" content=\"Villas - Kaidan Kiho Villas, Mikkeli, Finland\" \/>\n<meta property=\"og:description\" content=\"Nelj\u00e4 huvilaamme tarjoavat upeat puitteet m\u00f6kkilomalle tai kokoukselle. Jokaisessa m\u00f6kiss\u00e4 on oma ranta, laituri ja vene.\" \/>\n<meta property=\"og:url\" content=\"https:\/\/kaidankiho.com\/fr\/villas\/\" \/>\n<meta property=\"og:site_name\" content=\"Kaidan Kiho Villas, Mikkeli, Finland\" \/>\n<meta property=\"article:publisher\" content=\"https:\/\/www.facebook.com\/kaidankiho\" \/>\n<meta property=\"article:modified_time\" content=\"2025-12-25T08:03:24+00:00\" \/>\n<meta property=\"og:image\" content=\"https:\/\/kaidankiho.com\/wp-content\/uploads\/2019\/05\/kaidankiho-kilpikonna-kilpikonna-summer.jpg\" \/>\n\t<meta property=\"og:image:width\" content=\"900\" \/>\n\t<meta property=\"og:image:height\" content=\"600\" \/>\n\t<meta property=\"og:image:type\" content=\"image\/jpeg\" \/>\n<meta name=\"twitter:card\" content=\"summary_large_image\" \/>\n<meta name=\"twitter:label1\" content=\"Dur\u00e9e de lecture estim\u00e9e\" \/>\n\t<meta name=\"twitter:data1\" content=\"1 minute\" \/>\n<script type=\"application\/ld+json\" class=\"yoast-schema-graph\">{\"@context\":\"https:\\\/\\\/schema.org\",\"@graph\":[{\"@type\":\"WebPage\",\"@id\":\"https:\\\/\\\/kaidankiho.com\\\/fr\\\/villas\\\/\",\"url\":\"https:\\\/\\\/kaidankiho.com\\\/fr\\\/villas\\\/\",\"name\":\"Villas - Kaidan Kiho Villas, Mikkeli, Finland\",\"isPartOf\":{\"@id\":\"https:\\\/\\\/kaidankiho.com\\\/fr\\\/#website\"},\"datePublished\":\"2019-05-16T13:11:30+00:00\",\"dateModified\":\"2025-12-25T08:03:24+00:00\",\"description\":\"Nelj\u00e4 huvilaamme tarjoavat upeat puitteet m\u00f6kkilomalle tai kokoukselle. Jokaisessa m\u00f6kiss\u00e4 on oma ranta, laituri ja vene.\",\"breadcrumb\":{\"@id\":\"https:\\\/\\\/kaidankiho.com\\\/fr\\\/villas\\\/#breadcrumb\"},\"inLanguage\":\"fr-FR\",\"potentialAction\":[{\"@type\":\"ReadAction\",\"target\":[\"https:\\\/\\\/kaidankiho.com\\\/fr\\\/villas\\\/\"]}]},{\"@type\":\"BreadcrumbList\",\"@id\":\"https:\\\/\\\/kaidankiho.com\\\/fr\\\/villas\\\/#breadcrumb\",\"itemListElement\":[{\"@type\":\"ListItem\",\"position\":1,\"name\":\"Home\",\"item\":\"https:\\\/\\\/kaidankiho.com\\\/fr\\\/\"},{\"@type\":\"ListItem\",\"position\":2,\"name\":\"Villas\"}]},{\"@type\":\"WebSite\",\"@id\":\"https:\\\/\\\/kaidankiho.com\\\/fr\\\/#website\",\"url\":\"https:\\\/\\\/kaidankiho.com\\\/fr\\\/\",\"name\":\"Kaidan Kiho, Mikkelin Ristiina\",\"description\":\"Vuokrahuviloita\",\"publisher\":{\"@id\":\"https:\\\/\\\/kaidankiho.com\\\/fr\\\/#organization\"},\"alternateName\":\"Korkeatasoisia vuokrahuviloita\",\"potentialAction\":[{\"@type\":\"SearchAction\",\"target\":{\"@type\":\"EntryPoint\",\"urlTemplate\":\"https:\\\/\\\/kaidankiho.com\\\/fr\\\/?s={search_term_string}\"},\"query-input\":{\"@type\":\"PropertyValueSpecification\",\"valueRequired\":true,\"valueName\":\"search_term_string\"}}],\"inLanguage\":\"fr-FR\"},{\"@type\":\"Organization\",\"@id\":\"https:\\\/\\\/kaidankiho.com\\\/fr\\\/#organization\",\"name\":\"Kaidan kiho\",\"url\":\"https:\\\/\\\/kaidankiho.com\\\/fr\\\/\",\"logo\":{\"@type\":\"ImageObject\",\"inLanguage\":\"fr-FR\",\"@id\":\"https:\\\/\\\/kaidankiho.com\\\/fr\\\/#\\\/schema\\\/logo\\\/image\\\/\",\"url\":\"https:\\\/\\\/kaidankiho.com\\\/wp-content\\\/uploads\\\/2019\\\/06\\\/kaidankiho-fav.png\",\"contentUrl\":\"https:\\\/\\\/kaidankiho.com\\\/wp-content\\\/uploads\\\/2019\\\/06\\\/kaidankiho-fav.png\",\"width\":54,\"height\":54,\"caption\":\"Kaidan kiho\"},\"image\":{\"@id\":\"https:\\\/\\\/kaidankiho.com\\\/fr\\\/#\\\/schema\\\/logo\\\/image\\\/\"},\"sameAs\":[\"https:\\\/\\\/www.facebook.com\\\/kaidankiho\",\"https:\\\/\\\/www.instagram.com\\\/\"]}]}<\/script>\n<!-- \/ Yoast SEO plugin. -->","yoast_head_json":{"title":"Villas - Kaidan Kiho Villas, Mikkeli, Finland","description":"Nelj\u00e4 huvilaamme tarjoavat upeat puitteet m\u00f6kkilomalle tai kokoukselle. Jokaisessa m\u00f6kiss\u00e4 on oma ranta, laituri ja vene.","robots":{"index":"index","follow":"follow","max-snippet":"max-snippet:-1","max-image-preview":"max-image-preview:large","max-video-preview":"max-video-preview:-1"},"canonical":"https:\/\/kaidankiho.com\/fr\/villas\/","og_locale":"fr_FR","og_type":"article","og_title":"Villas - Kaidan Kiho Villas, Mikkeli, Finland","og_description":"Nelj\u00e4 huvilaamme tarjoavat upeat puitteet m\u00f6kkilomalle tai kokoukselle. Jokaisessa m\u00f6kiss\u00e4 on oma ranta, laituri ja vene.","og_url":"https:\/\/kaidankiho.com\/fr\/villas\/","og_site_name":"Kaidan Kiho Villas, Mikkeli, Finland","article_publisher":"https:\/\/www.facebook.com\/kaidankiho","article_modified_time":"2025-12-25T08:03:24+00:00","og_image":[{"width":900,"height":600,"url":"https:\/\/kaidankiho.com\/wp-content\/uploads\/2019\/05\/kaidankiho-kilpikonna-kilpikonna-summer.jpg","type":"image\/jpeg"}],"twitter_card":"summary_large_image","twitter_misc":{"Dur\u00e9e de lecture estim\u00e9e":"1 minute"},"schema":{"@context":"https:\/\/schema.org","@graph":[{"@type":"WebPage","@id":"https:\/\/kaidankiho.com\/fr\/villas\/","url":"https:\/\/kaidankiho.com\/fr\/villas\/","name":"Villas - Kaidan Kiho Villas, Mikkeli, Finland","isPartOf":{"@id":"https:\/\/kaidankiho.com\/fr\/#website"},"datePublished":"2019-05-16T13:11:30+00:00","dateModified":"2025-12-25T08:03:24+00:00","description":"Nelj\u00e4 huvilaamme tarjoavat upeat puitteet m\u00f6kkilomalle tai kokoukselle. Jokaisessa m\u00f6kiss\u00e4 on oma ranta, laituri ja vene.","breadcrumb":{"@id":"https:\/\/kaidankiho.com\/fr\/villas\/#breadcrumb"},"inLanguage":"fr-FR","potentialAction":[{"@type":"ReadAction","target":["https:\/\/kaidankiho.com\/fr\/villas\/"]}]},{"@type":"BreadcrumbList","@id":"https:\/\/kaidankiho.com\/fr\/villas\/#breadcrumb","itemListElement":[{"@type":"ListItem","position":1,"name":"Home","item":"https:\/\/kaidankiho.com\/fr\/"},{"@type":"ListItem","position":2,"name":"Villas"}]},{"@type":"WebSite","@id":"https:\/\/kaidankiho.com\/fr\/#website","url":"https:\/\/kaidankiho.com\/fr\/","name":"Kaidan Kiho, Mikkelin Ristiina","description":"Vuokrahuviloita","publisher":{"@id":"https:\/\/kaidankiho.com\/fr\/#organization"},"alternateName":"Korkeatasoisia vuokrahuviloita","potentialAction":[{"@type":"SearchAction","target":{"@type":"EntryPoint","urlTemplate":"https:\/\/kaidankiho.com\/fr\/?s={search_term_string}"},"query-input":{"@type":"PropertyValueSpecification","valueRequired":true,"valueName":"search_term_string"}}],"inLanguage":"fr-FR"},{"@type":"Organization","@id":"https:\/\/kaidankiho.com\/fr\/#organization","name":"Kaidan kiho","url":"https:\/\/kaidankiho.com\/fr\/","logo":{"@type":"ImageObject","inLanguage":"fr-FR","@id":"https:\/\/kaidankiho.com\/fr\/#\/schema\/logo\/image\/","url":"https:\/\/kaidankiho.com\/wp-content\/uploads\/2019\/06\/kaidankiho-fav.png","contentUrl":"https:\/\/kaidankiho.com\/wp-content\/uploads\/2019\/06\/kaidankiho-fav.png","width":54,"height":54,"caption":"Kaidan kiho"},"image":{"@id":"https:\/\/kaidankiho.com\/fr\/#\/schema\/logo\/image\/"},"sameAs":["https:\/\/www.facebook.com\/kaidankiho","https:\/\/www.instagram.com\/"]}]}},"_links":{"self":[{"href":"https:\/\/kaidankiho.com\/fr\/wp-json\/wp\/v2\/pages\/2518","targetHints":{"allow":["GET"]}}],"collection":[{"href":"https:\/\/kaidankiho.com\/fr\/wp-json\/wp\/v2\/pages"}],"about":[{"href":"https:\/\/kaidankiho.com\/fr\/wp-json\/wp\/v2\/types\/page"}],"author":[{"embeddable":true,"href":"https:\/\/kaidankiho.com\/fr\/wp-json\/wp\/v2\/users\/1"}],"replies":[{"embeddable":true,"href":"https:\/\/kaidankiho.com\/fr\/wp-json\/wp\/v2\/comments?post=2518"}],"version-history":[{"count":0,"href":"https:\/\/kaidankiho.com\/fr\/wp-json\/wp\/v2\/pages\/2518\/revisions"}],"wp:attachment":[{"href":"https:\/\/kaidankiho.com\/fr\/wp-json\/wp\/v2\/media?parent=2518"}],"curies":[{"name":"wp","href":"https:\/\/api.w.org\/{rel}","templated":true}]}}