{"id":2545,"date":"2019-06-10T12:23:22","date_gmt":"2019-06-10T09:23:22","guid":{"rendered":"http:\/\/davas.site\/kaidankiho\/things-to-do\/"},"modified":"2024-02-16T09:52:26","modified_gmt":"2024-02-16T07:52:26","slug":"choses-a-faire","status":"publish","type":"page","link":"https:\/\/kaidankiho.com\/fr\/choses-a-faire\/","title":{"rendered":"Choses \u00e0 faire"},"content":{"rendered":"<h1>Choses \u00e0 faire<\/h1>\n<div>\n<p><strong>As additional service, we offer the famous smoke sauna at Kaidan Kunkku, which can be used until early in the mornings. For all holiday homes, a whirlpool \u2013 optionally self- or readily heated \u2013 can be rent. <\/strong><\/p>\n<p><strong>Furthermore, there is a sauna on the beach, a barbecue hut, electric motors, bathrobes, bicycles, ski boots, and Karaoke equipment.<\/strong><\/p>\n<p><strong>The woods and the lake offer great opportunities for various activities. Fishing trips to Saimaa including fishing permit and trips to the surrounding landscape can be organized in accordance with the guests\u2019 special requests. <\/strong><\/p>\n<p><strong>At a little extra fee, landlady Leena serves breakfast, coffee or meals previously ordered right at the holiday home. It is an adventure watching your host Esko making grilled salmon on the open fire in the barbecue hut or taking a look at the nets underneath the icy surface in winter. And when your holiday comes to an end you don\u2019t have to clean up \u2013 we\u2019ll do the final cleaning for you.<\/strong><\/p>\n<\/div>\n<ul>\n<li>\n<p>        <img decoding=\"async\" src=\"wp-content\/uploads\/2019\/05\/kaidankiho_kylpypalju.jpg\" alt=\"Valmuska -huvila\"><\/p>\n<h4>Tonneau de bain<\/h4>\n<div>\n<p>Soir\u00e9es sauna, enterrement de vie de jeune fille\/gar\u00e7on, anniversaires, ou soir\u00e9es conviviales en famille. Le diam\u00e8tre du tonneau est de 175 cm x 158 cm, le besoin en eau est d\u2019environ 1600 litres. Chauffage avec le po\u00eale int\u00e9gr\u00e9. Places assises pour 6-8 personnes.<\/p>\n<p>Le tonneau est un appareil remorquable, nous pouvons le transf\u00e9rer o\u00f9 vous le souhaitez.<\/p>\n<p>Le temps de chauffage d el\u2019eau du tonneau est de 3 heures, la temp\u00e9rature recommand\u00e9e est de 35-40\u00b0C.<\/p>\n<p><strong>Tarifs 2016 des villas de Kaidan Kiho<\/strong><\/p>\n<ul>\n<li>en semaine \u00e0 partir de 90 \u20ac par jour<\/li>\n<li>le week-end \u00e0 partir de 110 \u20ac par jour<\/li>\n<li>tout le week-end 195 \u20ac<\/li>\n<li>chauffage 120\u20ac<\/li>\n<\/ul>\n<\/div>\n<p><a href=\"en\/things-to-do\/kylpypalju\/\">Read more<\/a><\/p>\n<\/li>\n<li>\n<p>        <img decoding=\"async\" src=\"wp-content\/uploads\/2019\/05\/kaidankiho-surffaus.jpg\" alt=\"Valmuska -huvila\"><\/p>\n<h4>Activit\u00e9s<\/h4>\n<div>\n<p>Une plage priv\u00e9e, Une jet\u00e9e, bateau, nager, sauna, sentier nature, cyclisme, cueillette des champignons et de baies \u2026<\/p>\n<p>La P\u00eache au bord du lac de la maison<\/p>\n<\/div>\n<p><a href=\"en\/things-to-do\/activities\/\">Read more<\/a><\/p>\n<\/li>\n<\/ul>\n<p><!-- {\"name\":\"majoituskoonti\",\"type\":\"layout\",\"children\":[{\"type\":\"section\",\"props\":{\"style\":\"secondary\",\"width\":\"default\",\"vertical_align\":\"middle\",\"title_position\":\"top-left\",\"title_rotation\":\"left\",\"title_breakpoint\":\"xl\",\"image_position\":\"center-center\",\"text_color\":\"\",\"width_expand\":\"\",\"height\":\"\",\"padding\":\"\",\"header_transparent\":\"\",\"animation\":\"\",\"padding_remove_top\":false},\"children\":[{\"type\":\"row\",\"props\":{\"layout\":\",\",\"breakpoint\":\"m\",\"fixed_width\":\"large\",\"width\":\"\",\"width_expand\":\"\",\"height\":\"\",\"margin\":\"\",\"column_gap\":\"\",\"row_gap\":\"\"},\"children\":[{\"type\":\"column\",\"props\":{\"image_position\":\"center-center\",\"media_overlay_gradient\":\"\",\"vertical_align\":\"\",\"style\":\"\",\"text_color\":\"\",\"padding\":\"\"},\"children\":[{\"type\":\"headline\",\"props\":{\"title_element\":\"h1\",\"title_style\":\"heading-small\",\"title_decoration\":\"\",\"title_color\":\"\",\"text_align\":\"\",\"text_align_breakpoint\":\"\",\"text_align_fallback\":\"\",\"maxwidth\":\"\",\"maxwidth_breakpoint\":\"\",\"margin\":\"\",\"animation\":\"\",\"visibility\":\"\",\"content\":\"Choses \\u00e0 faire\",\"block_align\":\"\",\"position\":\"\",\"position_z_index\":\"\",\"block_align_breakpoint\":\"\",\"block_align_fallback\":\"\",\"title_font_family\":\"\"}}]},{\"type\":\"column\",\"props\":{\"image_position\":\"center-center\",\"media_overlay_gradient\":\"\",\"vertical_align\":\"\",\"style\":\"\",\"text_color\":\"\",\"padding\":\"\"},\"children\":[{\"type\":\"text\",\"props\":{\"margin\":\"default\",\"column_breakpoint\":\"m\",\"text_style\":\"\",\"text_color\":\"\",\"text_size\":\"\",\"column\":\"\",\"text_align\":\"\",\"text_align_breakpoint\":\"\",\"text_align_fallback\":\"\",\"maxwidth\":\"xlarge\",\"maxwidth_breakpoint\":\"\",\"animation\":\"\",\"visibility\":\"\",\"content\":\"\n\n<p><strong>As additional service, we offer the famous smoke sauna at Kaidan Kunkku, which can be used until early in the mornings. For all holiday homes, a whirlpool \\u2013 optionally self- or readily heated \\u2013 can be rent. <\\\/strong><\\\/p>\\n\n\n<p><strong>Furthermore, there is a sauna on the beach, a barbecue hut, electric motors, bathrobes, bicycles, ski boots, and Karaoke equipment.<\\\/strong><\\\/p>\\n\n\n<p><strong>The woods and the lake offer great opportunities for various activities. Fishing trips to Saimaa including fishing permit and trips to the surrounding landscape can be organized in accordance with the guests\\u2019 special requests. <\\\/strong><\\\/p>\\n\n\n<p><strong>At a little extra fee, landlady Leena serves breakfast, coffee or meals previously ordered right at the holiday home. It is an adventure watching your host Esko making grilled salmon on the open fire in the barbecue hut or taking a look at the nets underneath the icy surface in winter. And when your holiday comes to an end you don\\u2019t have to clean up \\u2013 we\\u2019ll do the final cleaning for you.<\\\/strong><\\\/p>\",\"block_align\":\"\",\"position\":\"\",\"position_z_index\":\"\",\"block_align_breakpoint\":\"\",\"block_align_fallback\":\"\",\"status\":\"disabled\"}}]}]}]},{\"type\":\"section\",\"props\":{\"style\":\"default\",\"width\":\"default\",\"vertical_align\":\"middle\",\"title_position\":\"top-left\",\"title_rotation\":\"left\",\"title_breakpoint\":\"xl\",\"image_position\":\"center-center\",\"text_color\":\"\",\"width_expand\":\"\",\"height\":\"\",\"padding\":\"\",\"header_transparent\":\"\",\"animation\":\"\"},\"children\":[{\"type\":\"row\",\"props\":{\"layout\":\"1-1\",\"breakpoint\":\"m\",\"fixed_width\":\"large\",\"width\":\"\",\"width_expand\":\"\",\"height\":\"\",\"margin\":\"\",\"column_gap\":\"\",\"row_gap\":\"\"},\"children\":[{\"type\":\"column\",\"props\":{\"image_position\":\"center-center\",\"media_overlay_gradient\":\"\",\"vertical_align\":\"\",\"style\":\"\",\"text_color\":\"\",\"padding\":\"\"},\"children\":[{\"type\":\"grid\",\"props\":{\"show_title\":true,\"show_meta\":true,\"show_content\":true,\"show_image\":true,\"show_link\":true,\"grid_default\":\"1\",\"grid_medium\":\"\",\"filter_style\":\"tab\",\"filter_all\":true,\"filter_position\":\"top\",\"filter_align\":\"left\",\"filter_grid_width\":\"auto\",\"title_element\":\"h4\",\"title_align\":\"top\",\"title_grid_width\":\"1-2\",\"meta_style\":\"\",\"meta_align\":\"below-title\",\"icon_ratio\":4,\"image_align\":\"between\",\"image_grid_width\":\"1-2\",\"image_svg_color\":\"emphasis\",\"link_text\":\"Read more\",\"link_style\":\"default\",\"margin\":\"default\",\"item_animation\":\"\",\"grid_small\":\"2\",\"grid_large\":\"\",\"grid_xlarge\":\"\",\"filter_margin\":\"\",\"title_display\":\"\",\"content_display\":\"\",\"panel_style\":\"card-default\",\"panel_content_padding\":\"\",\"panel_size\":\"small\",\"item_maxwidth\":\"\",\"title_style\":\"h4\",\"title_decoration\":\"\",\"title_color\":\"\",\"title_margin\":\"\",\"meta_color\":\"\",\"meta_margin\":\"\",\"content_style\":\"\",\"content_margin\":\"\",\"image_border\":\"rounded\",\"image_box_shadow\":\"\",\"image_hover_box_shadow\":\"\",\"image_box_decoration\":\"\",\"icon_color\":\"\",\"image_margin\":\"\",\"link_type\":\"element\",\"link_size\":\"\",\"link_margin\":\"\",\"text_align\":\"\",\"text_align_breakpoint\":\"\",\"text_align_fallback\":\"\",\"maxwidth\":\"\",\"maxwidth_breakpoint\":\"\",\"visibility\":\"\",\"panel_card_image\":true,\"margin_remove_top\":true,\"block_align\":\"\",\"title_hover_style\":\"reset\",\"image_transition\":\"\",\"position\":\"\",\"position_z_index\":\"\",\"block_align_breakpoint\":\"\",\"block_align_fallback\":\"\",\"title_font_family\":\"\",\"grid_column_gap\":\"\",\"grid_row_gap\":\"\",\"filter_grid_column_gap\":\"\",\"filter_grid_row_gap\":\"\",\"filter_grid_breakpoint\":\"m\",\"title_grid_column_gap\":\"\",\"title_grid_row_gap\":\"\",\"title_grid_breakpoint\":\"m\",\"image_grid_column_gap\":\"\",\"image_grid_row_gap\":\"\",\"image_grid_breakpoint\":\"m\"},\"children\":[{\"type\":\"grid_item\",\"props\":{\"title\":\"Tonneau de bain\",\"image\":\"wp-content\\\/uploads\\\/2019\\\/05\\\/kaidankiho_kylpypalju.jpg\",\"meta\":\"\",\"content\":\"\n\n<p>Soir\\u00e9es sauna, enterrement de vie de jeune fille\\\/gar\\u00e7on, anniversaires, ou soir\\u00e9es conviviales en famille. Le diam\\u00e8tre du tonneau est de 175 cm x 158 cm, le besoin en eau est d\\u2019environ 1600 litres. Chauffage avec le po\\u00eale int\\u00e9gr\\u00e9. Places assises pour 6-8 personnes.<\\\/p>\\n\n\n<p>Le tonneau est un appareil remorquable, nous pouvons le transf\\u00e9rer o\\u00f9 vous le souhaitez.<\\\/p>\\n\n\n<p>Le temps de chauffage d el\\u2019eau du tonneau est de 3 heures, la temp\\u00e9rature recommand\\u00e9e est de 35-40\\u00b0C.<\\\/p>\\n\n\n<p><strong>Tarifs 2016 des villas de Kaidan Kiho<\\\/strong><\\\/p>\\n\n\n<ul>\\n\n\n<li>en semaine \\u00e0 partir de 90 \\u20ac par jour<\\\/li>\\n\n\n<li>le week-end \\u00e0 partir de 110 \\u20ac par jour<\\\/li>\\n\n\n<li>tout le week-end 195 \\u20ac<\\\/li>\\n\n\n<li>chauffage 120\\u20ac<\\\/li>\\n<\\\/ul>\",\"image_alt\":\"Valmuska -huvila\",\"link\":\"en\\\/things-to-do\\\/kylpypalju\\\/\"}},{\"type\":\"grid_item\",\"props\":{\"title\":\"Activit\\u00e9s\",\"image\":\"wp-content\\\/uploads\\\/2019\\\/05\\\/kaidankiho-surffaus.jpg\",\"meta\":\"\",\"content\":\"\n\n<p>Une plage priv\\u00e9e, Une jet\\u00e9e, bateau, nager, sauna, sentier nature, cyclisme, cueillette des champignons et de baies \\u2026<\\\/p>\\n\n\n<p>La P\\u00eache au bord du lac de la maison<\\\/p>\",\"image_alt\":\"Valmuska -huvila\",\"link\":\"en\\\/things-to-do\\\/activities\\\/\"}}],\"name\":\"kohteet Grid\"}]}]}]}],\"version\":\"1.22.8\",\"props\":[]} --><\/p>\n","protected":false},"excerpt":{"rendered":"<p>Choses \u00e0 faire As additional service, we offer the famous smoke sauna at Kaidan Kunkku, which can be used until early in the mornings. For all holiday homes, a whirlpool \u2013 optionally self- or readily heated \u2013 can be rent. Furthermore, there is a sauna on the beach, a barbecue hut, electric motors, bathrobes, bicycles, [&hellip;]<\/p>\n","protected":false},"author":1,"featured_media":0,"parent":0,"menu_order":0,"comment_status":"closed","ping_status":"closed","template":"","meta":{"footnotes":""},"class_list":["post-2545","page","type-page","status-publish","hentry","wpautop"],"yoast_head":"<!-- This site is optimized with the Yoast SEO plugin v27.3 - https:\/\/yoast.com\/product\/yoast-seo-wordpress\/ -->\n<title>Choses \u00e0 faire - Kaidan Kiho Villas, Mikkeli, Finland<\/title>\n<meta name=\"description\" content=\"There is lot of things to do nearby our cottages.\" \/>\n<meta name=\"robots\" content=\"index, follow, max-snippet:-1, max-image-preview:large, max-video-preview:-1\" \/>\n<link rel=\"canonical\" href=\"https:\/\/kaidankiho.com\/fr\/choses-a-faire\/\" \/>\n<meta property=\"og:locale\" content=\"fr_FR\" \/>\n<meta property=\"og:type\" content=\"article\" \/>\n<meta property=\"og:title\" content=\"Choses \u00e0 faire - Kaidan Kiho Villas, Mikkeli, Finland\" \/>\n<meta property=\"og:description\" content=\"There is lot of things to do nearby our cottages.\" \/>\n<meta property=\"og:url\" content=\"https:\/\/kaidankiho.com\/fr\/choses-a-faire\/\" \/>\n<meta property=\"og:site_name\" content=\"Kaidan Kiho Villas, Mikkeli, Finland\" \/>\n<meta property=\"article:publisher\" content=\"https:\/\/www.facebook.com\/kaidankiho\" \/>\n<meta property=\"article:modified_time\" content=\"2024-02-16T07:52:26+00:00\" \/>\n<meta property=\"og:image\" content=\"https:\/\/kaidankiho.com\/wp-content\/uploads\/2019\/05\/kaidankiho-kilpikonna-kilpikonna-summer.jpg\" \/>\n\t<meta property=\"og:image:width\" content=\"900\" \/>\n\t<meta property=\"og:image:height\" content=\"600\" \/>\n\t<meta property=\"og:image:type\" content=\"image\/jpeg\" \/>\n<meta name=\"twitter:card\" content=\"summary_large_image\" \/>\n<meta name=\"twitter:label1\" content=\"Dur\u00e9e de lecture estim\u00e9e\" \/>\n\t<meta name=\"twitter:data1\" content=\"3 minutes\" \/>\n<script type=\"application\/ld+json\" class=\"yoast-schema-graph\">{\"@context\":\"https:\\\/\\\/schema.org\",\"@graph\":[{\"@type\":\"WebPage\",\"@id\":\"https:\\\/\\\/kaidankiho.com\\\/fr\\\/choses-a-faire\\\/\",\"url\":\"https:\\\/\\\/kaidankiho.com\\\/fr\\\/choses-a-faire\\\/\",\"name\":\"Choses \u00e0 faire - Kaidan Kiho Villas, Mikkeli, Finland\",\"isPartOf\":{\"@id\":\"https:\\\/\\\/kaidankiho.com\\\/fr\\\/#website\"},\"datePublished\":\"2019-06-10T09:23:22+00:00\",\"dateModified\":\"2024-02-16T07:52:26+00:00\",\"description\":\"There is lot of things to do nearby our cottages.\",\"breadcrumb\":{\"@id\":\"https:\\\/\\\/kaidankiho.com\\\/fr\\\/choses-a-faire\\\/#breadcrumb\"},\"inLanguage\":\"fr-FR\",\"potentialAction\":[{\"@type\":\"ReadAction\",\"target\":[\"https:\\\/\\\/kaidankiho.com\\\/fr\\\/choses-a-faire\\\/\"]}]},{\"@type\":\"BreadcrumbList\",\"@id\":\"https:\\\/\\\/kaidankiho.com\\\/fr\\\/choses-a-faire\\\/#breadcrumb\",\"itemListElement\":[{\"@type\":\"ListItem\",\"position\":1,\"name\":\"Home\",\"item\":\"https:\\\/\\\/kaidankiho.com\\\/fr\\\/\"},{\"@type\":\"ListItem\",\"position\":2,\"name\":\"Choses \u00e0 faire\"}]},{\"@type\":\"WebSite\",\"@id\":\"https:\\\/\\\/kaidankiho.com\\\/fr\\\/#website\",\"url\":\"https:\\\/\\\/kaidankiho.com\\\/fr\\\/\",\"name\":\"Kaidan Kiho, Mikkelin Ristiina\",\"description\":\"Vuokrahuviloita\",\"publisher\":{\"@id\":\"https:\\\/\\\/kaidankiho.com\\\/fr\\\/#organization\"},\"alternateName\":\"Korkeatasoisia vuokrahuviloita\",\"potentialAction\":[{\"@type\":\"SearchAction\",\"target\":{\"@type\":\"EntryPoint\",\"urlTemplate\":\"https:\\\/\\\/kaidankiho.com\\\/fr\\\/?s={search_term_string}\"},\"query-input\":{\"@type\":\"PropertyValueSpecification\",\"valueRequired\":true,\"valueName\":\"search_term_string\"}}],\"inLanguage\":\"fr-FR\"},{\"@type\":\"Organization\",\"@id\":\"https:\\\/\\\/kaidankiho.com\\\/fr\\\/#organization\",\"name\":\"Kaidan kiho\",\"url\":\"https:\\\/\\\/kaidankiho.com\\\/fr\\\/\",\"logo\":{\"@type\":\"ImageObject\",\"inLanguage\":\"fr-FR\",\"@id\":\"https:\\\/\\\/kaidankiho.com\\\/fr\\\/#\\\/schema\\\/logo\\\/image\\\/\",\"url\":\"https:\\\/\\\/kaidankiho.com\\\/wp-content\\\/uploads\\\/2019\\\/06\\\/kaidankiho-fav.png\",\"contentUrl\":\"https:\\\/\\\/kaidankiho.com\\\/wp-content\\\/uploads\\\/2019\\\/06\\\/kaidankiho-fav.png\",\"width\":54,\"height\":54,\"caption\":\"Kaidan kiho\"},\"image\":{\"@id\":\"https:\\\/\\\/kaidankiho.com\\\/fr\\\/#\\\/schema\\\/logo\\\/image\\\/\"},\"sameAs\":[\"https:\\\/\\\/www.facebook.com\\\/kaidankiho\",\"https:\\\/\\\/www.instagram.com\\\/\"]}]}<\/script>\n<!-- \/ Yoast SEO plugin. -->","yoast_head_json":{"title":"Choses \u00e0 faire - Kaidan Kiho Villas, Mikkeli, Finland","description":"There is lot of things to do nearby our cottages.","robots":{"index":"index","follow":"follow","max-snippet":"max-snippet:-1","max-image-preview":"max-image-preview:large","max-video-preview":"max-video-preview:-1"},"canonical":"https:\/\/kaidankiho.com\/fr\/choses-a-faire\/","og_locale":"fr_FR","og_type":"article","og_title":"Choses \u00e0 faire - Kaidan Kiho Villas, Mikkeli, Finland","og_description":"There is lot of things to do nearby our cottages.","og_url":"https:\/\/kaidankiho.com\/fr\/choses-a-faire\/","og_site_name":"Kaidan Kiho Villas, Mikkeli, Finland","article_publisher":"https:\/\/www.facebook.com\/kaidankiho","article_modified_time":"2024-02-16T07:52:26+00:00","og_image":[{"width":900,"height":600,"url":"https:\/\/kaidankiho.com\/wp-content\/uploads\/2019\/05\/kaidankiho-kilpikonna-kilpikonna-summer.jpg","type":"image\/jpeg"}],"twitter_card":"summary_large_image","twitter_misc":{"Dur\u00e9e de lecture estim\u00e9e":"3 minutes"},"schema":{"@context":"https:\/\/schema.org","@graph":[{"@type":"WebPage","@id":"https:\/\/kaidankiho.com\/fr\/choses-a-faire\/","url":"https:\/\/kaidankiho.com\/fr\/choses-a-faire\/","name":"Choses \u00e0 faire - Kaidan Kiho Villas, Mikkeli, Finland","isPartOf":{"@id":"https:\/\/kaidankiho.com\/fr\/#website"},"datePublished":"2019-06-10T09:23:22+00:00","dateModified":"2024-02-16T07:52:26+00:00","description":"There is lot of things to do nearby our cottages.","breadcrumb":{"@id":"https:\/\/kaidankiho.com\/fr\/choses-a-faire\/#breadcrumb"},"inLanguage":"fr-FR","potentialAction":[{"@type":"ReadAction","target":["https:\/\/kaidankiho.com\/fr\/choses-a-faire\/"]}]},{"@type":"BreadcrumbList","@id":"https:\/\/kaidankiho.com\/fr\/choses-a-faire\/#breadcrumb","itemListElement":[{"@type":"ListItem","position":1,"name":"Home","item":"https:\/\/kaidankiho.com\/fr\/"},{"@type":"ListItem","position":2,"name":"Choses \u00e0 faire"}]},{"@type":"WebSite","@id":"https:\/\/kaidankiho.com\/fr\/#website","url":"https:\/\/kaidankiho.com\/fr\/","name":"Kaidan Kiho, Mikkelin Ristiina","description":"Vuokrahuviloita","publisher":{"@id":"https:\/\/kaidankiho.com\/fr\/#organization"},"alternateName":"Korkeatasoisia vuokrahuviloita","potentialAction":[{"@type":"SearchAction","target":{"@type":"EntryPoint","urlTemplate":"https:\/\/kaidankiho.com\/fr\/?s={search_term_string}"},"query-input":{"@type":"PropertyValueSpecification","valueRequired":true,"valueName":"search_term_string"}}],"inLanguage":"fr-FR"},{"@type":"Organization","@id":"https:\/\/kaidankiho.com\/fr\/#organization","name":"Kaidan kiho","url":"https:\/\/kaidankiho.com\/fr\/","logo":{"@type":"ImageObject","inLanguage":"fr-FR","@id":"https:\/\/kaidankiho.com\/fr\/#\/schema\/logo\/image\/","url":"https:\/\/kaidankiho.com\/wp-content\/uploads\/2019\/06\/kaidankiho-fav.png","contentUrl":"https:\/\/kaidankiho.com\/wp-content\/uploads\/2019\/06\/kaidankiho-fav.png","width":54,"height":54,"caption":"Kaidan kiho"},"image":{"@id":"https:\/\/kaidankiho.com\/fr\/#\/schema\/logo\/image\/"},"sameAs":["https:\/\/www.facebook.com\/kaidankiho","https:\/\/www.instagram.com\/"]}]}},"_links":{"self":[{"href":"https:\/\/kaidankiho.com\/fr\/wp-json\/wp\/v2\/pages\/2545","targetHints":{"allow":["GET"]}}],"collection":[{"href":"https:\/\/kaidankiho.com\/fr\/wp-json\/wp\/v2\/pages"}],"about":[{"href":"https:\/\/kaidankiho.com\/fr\/wp-json\/wp\/v2\/types\/page"}],"author":[{"embeddable":true,"href":"https:\/\/kaidankiho.com\/fr\/wp-json\/wp\/v2\/users\/1"}],"replies":[{"embeddable":true,"href":"https:\/\/kaidankiho.com\/fr\/wp-json\/wp\/v2\/comments?post=2545"}],"version-history":[{"count":0,"href":"https:\/\/kaidankiho.com\/fr\/wp-json\/wp\/v2\/pages\/2545\/revisions"}],"wp:attachment":[{"href":"https:\/\/kaidankiho.com\/fr\/wp-json\/wp\/v2\/media?parent=2545"}],"curies":[{"name":"wp","href":"https:\/\/api.w.org\/{rel}","templated":true}]}}