{"id":2827,"date":"2019-10-24T13:44:54","date_gmt":"2019-10-24T10:44:54","guid":{"rendered":"http:\/\/davas.site\/kaidankiho\/?page_id=2827"},"modified":"2019-12-05T13:01:20","modified_gmt":"2019-12-05T11:01:20","slug":"vastuullisuus-fr","status":"publish","type":"page","link":"https:\/\/kaidankiho.com\/fr\/vastuullisuus-fr\/","title":{"rendered":"Responsa\u00adbilit\u00e9"},"content":{"rendered":"<p><img decoding=\"async\" class=\"alignright wp-image-184\" src=\"https:\/\/kaidankiho.com\/wp-content\/uploads\/2019\/05\/greenkey_logo.jpg\" alt=\"\" width=\"148\" height=\"187\" \/>Nos villas sont construites \u00e0 partir d&rsquo;un mat\u00e9riau finlandais traditionnel. c&rsquo;est \u00e0 dire en rondins issus des for\u00eats des proches environs.<br \/>\nLe lin entre les rondins, cultiv\u00e9 dans les champs, sert d&rsquo;isolant acoustique et l&rsquo;isolant du plafond<br \/>\nest une laine \u00e9cologique fabriqu\u00e9e \u00e0 partir de fibre de papier recycl\u00e9. Les villas ont \u00e9t\u00e9 peintes avec des peintures naturelles<br \/>\nUula et les mat\u00e9riaux de rev\u00eatement ont \u00e9t\u00e9 s\u00e9lectionn\u00e9s selon des crit\u00e8res de durabilit\u00e9 et de facilit\u00e9 \u00e0 nettoyer.<br \/>\nLes cours sont laiss\u00e9es dans leur \u00e9tat le plus naturel possible. La main d&rsquo;oeuvre et le savoir-faire locaux ont \u00e9t\u00e9 utilis\u00e9s dans les travaux de construction.<\/p>\n<p>La technique de construction des villas prend \u00e9galement en compte les aspects \u00e9cologiques. Dans les villas les plus r\u00e9centes, il n&rsquo;y a pas de<br \/>\nfen\u00eatres \u00e0 ouvrir ou qui g\u00e9n\u00e8rent des d\u00e9perditions d&rsquo;\u00e9nergie\u00a0;\u00a0en \u00e9t\u00e9, l&rsquo;a\u00e9ration est effectu\u00e9e de mani\u00e8re ma\u00eetris\u00e9e avec une pompe \u00e0 chaleur air-air qui s&rsquo;arr\u00eate \u00e9galement si la porte reste ouverte pendant un certain temps. La ventilation est \u00e9quip\u00e9 d&rsquo;un syst\u00e8me de r\u00e9cup\u00e9ration de chaleur. Les douches sont temporis\u00e9es et les WC fonctionnent en sous-pression, ce qui fait \u00e9conomiser jusqu&rsquo;\u00e0 230.000 litres d&rsquo;eau potable du puits par an. Le chauffage et la production d&rsquo;eau chaude des villas sont effectu\u00e9s enti\u00e8rement avec pompe \u00e0 chaleur g\u00e9othermique qui pompe dans le lac.<\/p>\n<p>Le traitement des eaux us\u00e9es se fait dans les b\u00e2timents. L&rsquo;eau du puits est potable.<br \/>\nLes d\u00e9chets de la vila sont tri\u00e9s et les bio-d\u00e9chets sont compost\u00e9s. A proximit\u00e9 des saunas du rivage se trouvent aussi<br \/>\ndes toilettes s\u00e8ches. Le bois coup\u00e9 a \u00e9t\u00e9 abattu dans nos propres for\u00eats. Il existe des consignes pour faire une s\u00e9ance de sauna<br \/>\n\u00e9conomique. Tous les produits nettoyants ont \u00e9t\u00e9 s\u00e9lectionn\u00e9s selon des crit\u00e8res \u00e9cologiques. De nombreux nichoirs ont \u00e9t\u00e9 install\u00e9s dans la cour, et il est agr\u00e9able de suivre les mouvements des oiseaux. Les nich\u00e9es contribuent \u00e9galement \u00e0 r\u00e9duire le nombre de moustiques.<br \/>\nL&rsquo;environnement offre des possibilit\u00e9s \u00e9cologiques pour les loisirs, comme la p\u00eache, la marche \u00e0 pied, la cueillette de baies,<br \/>\nde champignons et pour faire du v\u00e9lo. Les bateaux sont \u00e9quip\u00e9s de moteurs \u00e9lectriques respectueux de l&rsquo;environnement.<\/p>\n<p>Responsabilit\u00e9 sociale<\/p>\n<p>\u00ab\u00a0Nous g\u00e9rons notre entreprise de mani\u00e8re responsable et nous consid\u00e9rons tous nos clients et partenaires avec le m\u00eame respect. Nous avons obtenu le certificat Green Key, gage de notre responsabilit\u00e9 environnementale, et nous appartenons aussi au r\u00e9seau <a href=\"https:\/\/www.gaytravelfinland.com\/\" target=\"_blank\" rel=\"noopener noreferrer\">We speak Gay<\/a>. Chez Kaidan Kiho, nous recevons tous nos clients avec le m\u00eame respect, sans distinction de sexe, d\u2019\u00e2ge, d\u2019origine ethnique ou nationale, de nationalit\u00e9, de langue, de religion ou de convictions philosophiques, d\u2019opinion, de handicap, d\u2019\u00e9tat de sant\u00e9, d\u2019orientation sexuelle ou de tout autre crit\u00e8re personnel\u00a0\u00bb.<\/p>\n<p>Leena et Esko<\/p>\n","protected":false},"excerpt":{"rendered":"<p>Nos villas sont construites \u00e0 partir d&rsquo;un mat\u00e9riau finlandais traditionnel. c&rsquo;est \u00e0 dire en rondins issus des for\u00eats des proches environs. Le lin entre les rondins, cultiv\u00e9 dans les champs, sert d&rsquo;isolant acoustique et l&rsquo;isolant du plafond est une laine \u00e9cologique fabriqu\u00e9e \u00e0 partir de fibre de papier recycl\u00e9. Les villas ont \u00e9t\u00e9 peintes avec [&hellip;]<\/p>\n","protected":false},"author":1,"featured_media":0,"parent":0,"menu_order":0,"comment_status":"closed","ping_status":"closed","template":"","meta":{"footnotes":""},"class_list":["post-2827","page","type-page","status-publish","hentry","wpautop"],"yoast_head":"<!-- This site is optimized with the Yoast SEO plugin v27.0 - https:\/\/yoast.com\/product\/yoast-seo-wordpress\/ -->\n<title>Responsa\u00adbilit\u00e9 - Kaidan Kiho Villas, Mikkeli, Finland<\/title>\n<meta name=\"robots\" content=\"index, follow, max-snippet:-1, max-image-preview:large, max-video-preview:-1\" \/>\n<link rel=\"canonical\" href=\"https:\/\/kaidankiho.com\/fr\/vastuullisuus-fr\/\" \/>\n<meta property=\"og:locale\" content=\"fr_FR\" \/>\n<meta property=\"og:type\" content=\"article\" \/>\n<meta property=\"og:title\" content=\"Responsa\u00adbilit\u00e9 - Kaidan Kiho Villas, Mikkeli, Finland\" \/>\n<meta property=\"og:description\" content=\"Nos villas sont construites \u00e0 partir d&rsquo;un mat\u00e9riau finlandais traditionnel. c&rsquo;est \u00e0 dire en rondins issus des for\u00eats des proches environs. Le lin entre les rondins, cultiv\u00e9 dans les champs, sert d&rsquo;isolant acoustique et l&rsquo;isolant du plafond est une laine \u00e9cologique fabriqu\u00e9e \u00e0 partir de fibre de papier recycl\u00e9. Les villas ont \u00e9t\u00e9 peintes avec [&hellip;]\" \/>\n<meta property=\"og:url\" content=\"https:\/\/kaidankiho.com\/fr\/vastuullisuus-fr\/\" \/>\n<meta property=\"og:site_name\" content=\"Kaidan Kiho Villas, Mikkeli, Finland\" \/>\n<meta property=\"article:publisher\" content=\"https:\/\/www.facebook.com\/kaidankiho\" \/>\n<meta property=\"article:modified_time\" content=\"2019-12-05T11:01:20+00:00\" \/>\n<meta property=\"og:image\" content=\"https:\/\/kaidankiho.com\/wp-content\/uploads\/2019\/05\/greenkey_logo.jpg\" \/>\n<meta name=\"twitter:card\" content=\"summary_large_image\" \/>\n<meta name=\"twitter:label1\" content=\"Dur\u00e9e de lecture estim\u00e9e\" \/>\n\t<meta name=\"twitter:data1\" content=\"2 minutes\" \/>\n<script type=\"application\/ld+json\" class=\"yoast-schema-graph\">{\"@context\":\"https:\/\/schema.org\",\"@graph\":[{\"@type\":\"WebPage\",\"@id\":\"https:\/\/kaidankiho.com\/fr\/vastuullisuus-fr\/\",\"url\":\"https:\/\/kaidankiho.com\/fr\/vastuullisuus-fr\/\",\"name\":\"Responsa\u00adbilit\u00e9 - Kaidan Kiho Villas, Mikkeli, Finland\",\"isPartOf\":{\"@id\":\"https:\/\/kaidankiho.com\/fr\/#website\"},\"primaryImageOfPage\":{\"@id\":\"https:\/\/kaidankiho.com\/fr\/vastuullisuus-fr\/#primaryimage\"},\"image\":{\"@id\":\"https:\/\/kaidankiho.com\/fr\/vastuullisuus-fr\/#primaryimage\"},\"thumbnailUrl\":\"https:\/\/kaidankiho.com\/wp-content\/uploads\/2019\/05\/greenkey_logo.jpg\",\"datePublished\":\"2019-10-24T10:44:54+00:00\",\"dateModified\":\"2019-12-05T11:01:20+00:00\",\"breadcrumb\":{\"@id\":\"https:\/\/kaidankiho.com\/fr\/vastuullisuus-fr\/#breadcrumb\"},\"inLanguage\":\"fr-FR\",\"potentialAction\":[{\"@type\":\"ReadAction\",\"target\":[\"https:\/\/kaidankiho.com\/fr\/vastuullisuus-fr\/\"]}]},{\"@type\":\"ImageObject\",\"inLanguage\":\"fr-FR\",\"@id\":\"https:\/\/kaidankiho.com\/fr\/vastuullisuus-fr\/#primaryimage\",\"url\":\"https:\/\/kaidankiho.com\/wp-content\/uploads\/2019\/05\/greenkey_logo.jpg\",\"contentUrl\":\"https:\/\/kaidankiho.com\/wp-content\/uploads\/2019\/05\/greenkey_logo.jpg\"},{\"@type\":\"BreadcrumbList\",\"@id\":\"https:\/\/kaidankiho.com\/fr\/vastuullisuus-fr\/#breadcrumb\",\"itemListElement\":[{\"@type\":\"ListItem\",\"position\":1,\"name\":\"Home\",\"item\":\"https:\/\/kaidankiho.com\/fr\/\"},{\"@type\":\"ListItem\",\"position\":2,\"name\":\"Responsa\u00adbilit\u00e9\"}]},{\"@type\":\"WebSite\",\"@id\":\"https:\/\/kaidankiho.com\/fr\/#website\",\"url\":\"https:\/\/kaidankiho.com\/fr\/\",\"name\":\"Kaidan Kiho, Mikkelin Ristiina\",\"description\":\"Vuokrahuviloita\",\"publisher\":{\"@id\":\"https:\/\/kaidankiho.com\/fr\/#organization\"},\"alternateName\":\"Korkeatasoisia vuokrahuviloita\",\"potentialAction\":[{\"@type\":\"SearchAction\",\"target\":{\"@type\":\"EntryPoint\",\"urlTemplate\":\"https:\/\/kaidankiho.com\/fr\/?s={search_term_string}\"},\"query-input\":{\"@type\":\"PropertyValueSpecification\",\"valueRequired\":true,\"valueName\":\"search_term_string\"}}],\"inLanguage\":\"fr-FR\"},{\"@type\":\"Organization\",\"@id\":\"https:\/\/kaidankiho.com\/fr\/#organization\",\"name\":\"Kaidan kiho\",\"url\":\"https:\/\/kaidankiho.com\/fr\/\",\"logo\":{\"@type\":\"ImageObject\",\"inLanguage\":\"fr-FR\",\"@id\":\"https:\/\/kaidankiho.com\/fr\/#\/schema\/logo\/image\/\",\"url\":\"https:\/\/kaidankiho.com\/wp-content\/uploads\/2019\/06\/kaidankiho-fav.png\",\"contentUrl\":\"https:\/\/kaidankiho.com\/wp-content\/uploads\/2019\/06\/kaidankiho-fav.png\",\"width\":54,\"height\":54,\"caption\":\"Kaidan kiho\"},\"image\":{\"@id\":\"https:\/\/kaidankiho.com\/fr\/#\/schema\/logo\/image\/\"},\"sameAs\":[\"https:\/\/www.facebook.com\/kaidankiho\",\"https:\/\/www.instagram.com\/\"]}]}<\/script>\n<!-- \/ Yoast SEO plugin. -->","yoast_head_json":{"title":"Responsa\u00adbilit\u00e9 - Kaidan Kiho Villas, Mikkeli, Finland","robots":{"index":"index","follow":"follow","max-snippet":"max-snippet:-1","max-image-preview":"max-image-preview:large","max-video-preview":"max-video-preview:-1"},"canonical":"https:\/\/kaidankiho.com\/fr\/vastuullisuus-fr\/","og_locale":"fr_FR","og_type":"article","og_title":"Responsa\u00adbilit\u00e9 - Kaidan Kiho Villas, Mikkeli, Finland","og_description":"Nos villas sont construites \u00e0 partir d&rsquo;un mat\u00e9riau finlandais traditionnel. c&rsquo;est \u00e0 dire en rondins issus des for\u00eats des proches environs. Le lin entre les rondins, cultiv\u00e9 dans les champs, sert d&rsquo;isolant acoustique et l&rsquo;isolant du plafond est une laine \u00e9cologique fabriqu\u00e9e \u00e0 partir de fibre de papier recycl\u00e9. Les villas ont \u00e9t\u00e9 peintes avec [&hellip;]","og_url":"https:\/\/kaidankiho.com\/fr\/vastuullisuus-fr\/","og_site_name":"Kaidan Kiho Villas, Mikkeli, Finland","article_publisher":"https:\/\/www.facebook.com\/kaidankiho","article_modified_time":"2019-12-05T11:01:20+00:00","og_image":[{"url":"https:\/\/kaidankiho.com\/wp-content\/uploads\/2019\/05\/greenkey_logo.jpg","type":"","width":"","height":""}],"twitter_card":"summary_large_image","twitter_misc":{"Dur\u00e9e de lecture estim\u00e9e":"2 minutes"},"schema":{"@context":"https:\/\/schema.org","@graph":[{"@type":"WebPage","@id":"https:\/\/kaidankiho.com\/fr\/vastuullisuus-fr\/","url":"https:\/\/kaidankiho.com\/fr\/vastuullisuus-fr\/","name":"Responsa\u00adbilit\u00e9 - Kaidan Kiho Villas, Mikkeli, Finland","isPartOf":{"@id":"https:\/\/kaidankiho.com\/fr\/#website"},"primaryImageOfPage":{"@id":"https:\/\/kaidankiho.com\/fr\/vastuullisuus-fr\/#primaryimage"},"image":{"@id":"https:\/\/kaidankiho.com\/fr\/vastuullisuus-fr\/#primaryimage"},"thumbnailUrl":"https:\/\/kaidankiho.com\/wp-content\/uploads\/2019\/05\/greenkey_logo.jpg","datePublished":"2019-10-24T10:44:54+00:00","dateModified":"2019-12-05T11:01:20+00:00","breadcrumb":{"@id":"https:\/\/kaidankiho.com\/fr\/vastuullisuus-fr\/#breadcrumb"},"inLanguage":"fr-FR","potentialAction":[{"@type":"ReadAction","target":["https:\/\/kaidankiho.com\/fr\/vastuullisuus-fr\/"]}]},{"@type":"ImageObject","inLanguage":"fr-FR","@id":"https:\/\/kaidankiho.com\/fr\/vastuullisuus-fr\/#primaryimage","url":"https:\/\/kaidankiho.com\/wp-content\/uploads\/2019\/05\/greenkey_logo.jpg","contentUrl":"https:\/\/kaidankiho.com\/wp-content\/uploads\/2019\/05\/greenkey_logo.jpg"},{"@type":"BreadcrumbList","@id":"https:\/\/kaidankiho.com\/fr\/vastuullisuus-fr\/#breadcrumb","itemListElement":[{"@type":"ListItem","position":1,"name":"Home","item":"https:\/\/kaidankiho.com\/fr\/"},{"@type":"ListItem","position":2,"name":"Responsa\u00adbilit\u00e9"}]},{"@type":"WebSite","@id":"https:\/\/kaidankiho.com\/fr\/#website","url":"https:\/\/kaidankiho.com\/fr\/","name":"Kaidan Kiho, Mikkelin Ristiina","description":"Vuokrahuviloita","publisher":{"@id":"https:\/\/kaidankiho.com\/fr\/#organization"},"alternateName":"Korkeatasoisia vuokrahuviloita","potentialAction":[{"@type":"SearchAction","target":{"@type":"EntryPoint","urlTemplate":"https:\/\/kaidankiho.com\/fr\/?s={search_term_string}"},"query-input":{"@type":"PropertyValueSpecification","valueRequired":true,"valueName":"search_term_string"}}],"inLanguage":"fr-FR"},{"@type":"Organization","@id":"https:\/\/kaidankiho.com\/fr\/#organization","name":"Kaidan kiho","url":"https:\/\/kaidankiho.com\/fr\/","logo":{"@type":"ImageObject","inLanguage":"fr-FR","@id":"https:\/\/kaidankiho.com\/fr\/#\/schema\/logo\/image\/","url":"https:\/\/kaidankiho.com\/wp-content\/uploads\/2019\/06\/kaidankiho-fav.png","contentUrl":"https:\/\/kaidankiho.com\/wp-content\/uploads\/2019\/06\/kaidankiho-fav.png","width":54,"height":54,"caption":"Kaidan kiho"},"image":{"@id":"https:\/\/kaidankiho.com\/fr\/#\/schema\/logo\/image\/"},"sameAs":["https:\/\/www.facebook.com\/kaidankiho","https:\/\/www.instagram.com\/"]}]}},"_links":{"self":[{"href":"https:\/\/kaidankiho.com\/fr\/wp-json\/wp\/v2\/pages\/2827","targetHints":{"allow":["GET"]}}],"collection":[{"href":"https:\/\/kaidankiho.com\/fr\/wp-json\/wp\/v2\/pages"}],"about":[{"href":"https:\/\/kaidankiho.com\/fr\/wp-json\/wp\/v2\/types\/page"}],"author":[{"embeddable":true,"href":"https:\/\/kaidankiho.com\/fr\/wp-json\/wp\/v2\/users\/1"}],"replies":[{"embeddable":true,"href":"https:\/\/kaidankiho.com\/fr\/wp-json\/wp\/v2\/comments?post=2827"}],"version-history":[{"count":0,"href":"https:\/\/kaidankiho.com\/fr\/wp-json\/wp\/v2\/pages\/2827\/revisions"}],"wp:attachment":[{"href":"https:\/\/kaidankiho.com\/fr\/wp-json\/wp\/v2\/media?parent=2827"}],"curies":[{"name":"wp","href":"https:\/\/api.w.org\/{rel}","templated":true}]}}