{"id":1928,"date":"2019-05-23T15:55:58","date_gmt":"2019-05-23T12:55:58","guid":{"rendered":"http:\/\/davas.site\/kaidankiho\/?page_id=1928"},"modified":"2025-12-25T10:04:14","modified_gmt":"2025-12-25T08:04:14","slug":"ville","status":"publish","type":"page","link":"https:\/\/kaidankiho.com\/it\/ville\/","title":{"rendered":"VILLE"},"content":{"rendered":"<h1>LUSSO ECOLOGICO IN UNA TRADIZIONALE VILLA<\/h1>\n<div>\n<p><strong>Le nostre quattro case vacanza sono la cornice ideale per una vacanza o un incontro di lavoro. Scegli la sistemazione pi\u00f9 adatta alle tue necessit\u00e0. Tutte le nostre case vacanza sono accessoriate con tutto ci\u00f2 di cui hai bisogno.<\/strong><\/p>\n<\/div>\n<div>\n<p><strong>Alloggiando in una delle nostre case vacanza di lusso, potrai rilassarti con la coscienza tranquilla: abbiamo studiato le fasi di costruzione e manutenzione nel rispetto dell\u2019ambiente. I materiali di costruzione e i servizi edilizi sono stati selezionati in base alla loro eco-compatibilit\u00e0, senza comunque tralasciare il comfort. <a href=\"https:\/\/kaidankiho.com\/it\/vastuullisuus\/\" target=\"_blank\" rel=\"noopener\">Leggi di pi\u00f9<\/a><\/strong><\/p>\n<p><strong>Nelle nostre case vacanza, potrai bere acqua potabile direttamente dal rubinetto e nelle vicinanze c&#8217;\u00e8 una spiaggia con acqua pulita per nuotare!<\/strong><\/p>\n<p><strong>Al tuo arrivo, verrai accompagnato in un tour introduttivo personale. Ogni casa vacanze ha la propria spiaggia, molo, barca e connessione internet wireless. Ci sono anche coprisedie e lenzuola pulite per la sauna, carta igienica e asciugamani di carta, detergenti ecologici, legna da ardere, ecc.<\/strong><br \/><strong>Potrai trovare liste di articoli pi\u00f9 dettagliate sulla pagina di presentazione di ciascuna casa vacanze.<\/strong><\/p>\n<\/div>\n<ul>\n<li>\n<p>        <img decoding=\"async\" src=\"\/wp-content\/uploads\/2019\/05\/Kaidan-Kunkku-summer-900.jpg\" alt=\"Valmuska -huvila\"><\/p>\n<h4>Ville Kaidan Kunkku<\/h4>\n<div>\n<p>8 + 2 persone. 160 m\u00b2. 3 camere da letto 2 piano.<\/p>\n<p><a class=\"el-content uk-button uk-button-text\" href=\"https:\/\/kaidankiho.com\/it\/ville\/kaidan-kunkku\/\">Leggi di pi\u00fa<\/a><\/p>\n<\/div>\n<\/li>\n<li>\n<p>        <img decoding=\"async\" src=\"\/wp-content\/uploads\/2019\/05\/Kilpikonna-kesa-900.jpg\" alt=\"Valmuska -huvila\"><\/p>\n<h4>Ville Kilpikonna <\/h4>\n<div>\n<p>6 persone. 115 m\u00b2. 2 camere da letto e in soffitta.<\/p>\n<p><a class=\"el-content uk-button uk-button-text\" href=\"https:\/\/kaidankiho.com\/it\/ville\/kilpikonna\/\">Leggi di pi\u00fa<\/a><\/p>\n<\/div>\n<\/li>\n<li>\n<p>        <img decoding=\"async\" src=\"\/wp-content\/uploads\/2019\/05\/kaidankiho-hapero-kesa.jpg\" alt=\"Valmuska -huvila\"><\/p>\n<h4>Ville Hapero<\/h4>\n<div>\n<p>6 persone. 145 m\u00b2. 3 camera da letto con bagno privato.<\/p>\n<p><a class=\"el-content uk-button uk-button-text\" href=\"https:\/\/kaidankiho.com\/it\/ville\/hapero\/\">Leggi di pi\u00fa<\/a><\/p>\n<\/div>\n<\/li>\n<\/ul>\n<p><!--more--><br \/>\n<!-- {\"type\":\"layout\",\"children\":[{\"type\":\"section\",\"props\":{\"image_position\":\"center-center\",\"style\":\"secondary\",\"title_breakpoint\":\"xl\",\"title_position\":\"top-left\",\"title_rotation\":\"left\",\"vertical_align\":\"\",\"width\":\"large\"},\"children\":[{\"type\":\"row\",\"props\":{\"layout\":\"1-2,1-2\"},\"children\":[{\"type\":\"column\",\"props\":{\"image_position\":\"center-center\",\"position_sticky_breakpoint\":\"m\",\"width_medium\":\"1-2\"},\"children\":[{\"type\":\"headline\",\"props\":{\"content\":\"LUSSO ECOLOGICO IN UNA TRADIZIONALE VILLA\",\"title_element\":\"h1\",\"title_style\":\"heading-small\"}},{\"type\":\"text\",\"props\":{\"column_breakpoint\":\"m\",\"content\":\"\n\n<p><strong>Le nostre quattro case vacanza sono la cornice ideale per una vacanza o un incontro di lavoro. Scegli la sistemazione pi\\u00f9 adatta alle tue necessit\\u00e0. Tutte le nostre case vacanza sono accessoriate con tutto ci\\u00f2 di cui hai bisogno.<\\\/strong><\\\/p>\",\"margin\":\"default\"}},{\"type\":\"text\",\"props\":{\"column_breakpoint\":\"m\",\"content\":\"\",\"margin\":\"default\"}}]},{\"type\":\"column\",\"props\":{\"image_position\":\"center-center\",\"position_sticky_breakpoint\":\"m\",\"width_medium\":\"1-2\"},\"children\":[{\"type\":\"text\",\"props\":{\"column_breakpoint\":\"m\",\"content\":\"\n\n<p><strong>Alloggiando in una delle nostre case vacanza di lusso, potrai rilassarti con la coscienza tranquilla: abbiamo studiato le fasi di costruzione e manutenzione nel rispetto dell\\u2019ambiente. I materiali di costruzione e i servizi edilizi sono stati selezionati in base alla loro eco-compatibilit\\u00e0, senza comunque tralasciare il comfort. <a href=\\\"https:\\\/\\\/kaidankiho.com\\\/it\\\/vastuullisuus\\\/\\\" target=\\\"_blank\\\" rel=\\\"noopener\\\">Leggi di pi\\u00f9<\\\/a><\\\/strong><\\\/p>\\n\n\n<p><strong>Nelle nostre case vacanza, potrai bere acqua potabile direttamente dal rubinetto e nelle vicinanze c'\\u00e8 una spiaggia con acqua pulita per nuotare!<\\\/strong><\\\/p>\\n\n\n<p><strong>Al tuo arrivo, verrai accompagnato in un tour introduttivo personale. Ogni casa vacanze ha la propria spiaggia, molo, barca e connessione internet wireless. Ci sono anche coprisedie e lenzuola pulite per la sauna, carta igienica e asciugamani di carta, detergenti ecologici, legna da ardere, ecc.<\\\/strong><br \\\/><strong>Potrai trovare liste di articoli pi\\u00f9 dettagliate sulla pagina di presentazione di ciascuna casa vacanze.<\\\/strong><\\\/p>\",\"margin\":\"default\",\"maxwidth\":\"xlarge\"}}]}]}]},{\"type\":\"section\",\"props\":{\"image_position\":\"center-center\",\"style\":\"default\",\"title_breakpoint\":\"xl\",\"title_position\":\"top-left\",\"title_rotation\":\"left\",\"vertical_align\":\"\",\"width\":\"large\"},\"children\":[{\"type\":\"row\",\"children\":[{\"type\":\"column\",\"props\":{\"image_position\":\"center-center\",\"position_sticky_breakpoint\":\"m\",\"width_medium\":\"1-1\"},\"children\":[{\"type\":\"grid\",\"props\":{\"content_column_breakpoint\":\"m\",\"filter_align\":\"left\",\"filter_all\":true,\"filter_grid_breakpoint\":\"m\",\"filter_grid_width\":\"auto\",\"filter_position\":\"top\",\"filter_style\":\"tab\",\"grid_default\":\"1\",\"grid_medium\":\"3\",\"grid_small\":\"2\",\"icon_width\":80,\"image_align\":\"between\",\"image_border\":\"rounded\",\"image_grid_breakpoint\":\"m\",\"image_grid_width\":\"1-2\",\"image_svg_color\":\"emphasis\",\"item_animation\":true,\"lightbox_bg_close\":true,\"link_style\":\"default\",\"link_text\":\"\",\"margin\":\"default\",\"margin_remove_top\":true,\"meta_align\":\"below-title\",\"meta_element\":\"div\",\"meta_style\":\"\",\"panel_image_no_padding\":true,\"panel_link\":true,\"panel_link_hover\":\"true\",\"panel_padding\":\"small\",\"panel_style\":\"card-default\",\"parallax_easing\":\"1\",\"show_content\":true,\"show_hover_image\":true,\"show_hover_video\":true,\"show_image\":true,\"show_link\":true,\"show_meta\":true,\"show_title\":true,\"show_video\":true,\"title_align\":\"top\",\"title_element\":\"h4\",\"title_grid_breakpoint\":\"m\",\"title_grid_width\":\"1-2\",\"title_hover_style\":\"reset\",\"title_style\":\"h4\"},\"children\":[{\"type\":\"grid_item\",\"props\":{\"content\":\"\n\n<p>8 + 2 persone. 160 m\\u00b2. 3 camere da letto 2 piano.<\\\/p>\\n\n\n<p><a class=\\\"el-content uk-button uk-button-text\\\" href=\\\"https:\\\/\\\/kaidankiho.com\\\/it\\\/ville\\\/kaidan-kunkku\\\/\\\">Leggi di pi\\u00fa<\\\/a><\\\/p>\",\"image\":\"wp-content\\\/uploads\\\/2019\\\/05\\\/Kaidan-Kunkku-summer-900.jpg\",\"image_alt\":\"Valmuska -huvila\",\"meta\":\"\",\"title\":\"Ville Kaidan Kunkku\"}},{\"type\":\"grid_item\",\"props\":{\"content\":\"\n\n<p>6 persone. 115 m\\u00b2. 2 camere da letto e in soffitta.<\\\/p>\\n\n\n<p><a class=\\\"el-content uk-button uk-button-text\\\" href=\\\"https:\\\/\\\/kaidankiho.com\\\/it\\\/ville\\\/kilpikonna\\\/\\\">Leggi di pi\\u00fa<\\\/a><\\\/p>\",\"image\":\"wp-content\\\/uploads\\\/2019\\\/05\\\/Kilpikonna-kesa-900.jpg\",\"image_alt\":\"Valmuska -huvila\",\"meta\":\"\",\"title\":\"Ville Kilpikonna \"}},{\"type\":\"grid_item\",\"props\":{\"content\":\"\n\n<p>6 persone. 145 m\\u00b2. 3 camera da letto con bagno privato.<\\\/p>\\n\n\n<p><a class=\\\"el-content uk-button uk-button-text\\\" href=\\\"https:\\\/\\\/kaidankiho.com\\\/it\\\/ville\\\/hapero\\\/\\\">Leggi di pi\\u00fa<\\\/a><\\\/p>\",\"image\":\"wp-content\\\/uploads\\\/2019\\\/05\\\/kaidankiho-hapero-kesa.jpg\",\"image_alt\":\"Valmuska -huvila\",\"meta\":\"\",\"title\":\"Ville Hapero\"}}],\"name\":\"kohteet it 2\"}]}]}]}],\"version\":\"4.5.32\"} --><\/p>\n","protected":false},"excerpt":{"rendered":"<p>LUSSO ECOLOGICO IN UNA TRADIZIONALE VILLA Le nostre quattro case vacanza sono la cornice ideale per una vacanza o un incontro di lavoro. Scegli la sistemazione pi\u00f9 adatta alle tue necessit\u00e0. Tutte le nostre case vacanza sono accessoriate con tutto ci\u00f2 di cui hai bisogno. Alloggiando in una delle nostre case vacanza di lusso, potrai [&hellip;]<\/p>\n","protected":false},"author":1,"featured_media":0,"parent":0,"menu_order":0,"comment_status":"closed","ping_status":"closed","template":"","meta":{"footnotes":""},"class_list":["post-1928","page","type-page","status-publish","hentry","wpautop"],"yoast_head":"<!-- This site is optimized with the Yoast SEO plugin v27.0 - https:\/\/yoast.com\/product\/yoast-seo-wordpress\/ -->\n<title>VILLE - Kaidan Kiho - Ville in affitto a Mikkeli, Finlandia<\/title>\n<meta name=\"description\" content=\"Nelj\u00e4 huvilaamme tarjoavat upeat puitteet m\u00f6kkilomalle tai kokoukselle. Jokaisessa m\u00f6kiss\u00e4 on oma ranta, laituri ja vene.\" \/>\n<meta name=\"robots\" content=\"index, follow, max-snippet:-1, max-image-preview:large, max-video-preview:-1\" \/>\n<link rel=\"canonical\" href=\"https:\/\/kaidankiho.com\/it\/ville\/\" \/>\n<meta property=\"og:locale\" content=\"it_IT\" \/>\n<meta property=\"og:type\" content=\"article\" \/>\n<meta property=\"og:title\" content=\"VILLE - Kaidan Kiho - Ville in affitto a Mikkeli, Finlandia\" \/>\n<meta property=\"og:description\" content=\"Nelj\u00e4 huvilaamme tarjoavat upeat puitteet m\u00f6kkilomalle tai kokoukselle. Jokaisessa m\u00f6kiss\u00e4 on oma ranta, laituri ja vene.\" \/>\n<meta property=\"og:url\" content=\"https:\/\/kaidankiho.com\/it\/ville\/\" \/>\n<meta property=\"og:site_name\" content=\"Kaidan Kiho - Ville in affitto a Mikkeli, Finlandia\" \/>\n<meta property=\"article:publisher\" content=\"https:\/\/www.facebook.com\/kaidankiho\" \/>\n<meta property=\"article:modified_time\" content=\"2025-12-25T08:04:14+00:00\" \/>\n<meta property=\"og:image\" content=\"https:\/\/kaidankiho.com\/wp-content\/uploads\/2019\/05\/kaidankiho-kilpikonna-kilpikonna-summer.jpg\" \/>\n\t<meta property=\"og:image:width\" content=\"900\" \/>\n\t<meta property=\"og:image:height\" content=\"600\" \/>\n\t<meta property=\"og:image:type\" content=\"image\/jpeg\" \/>\n<meta name=\"twitter:card\" content=\"summary_large_image\" \/>\n<meta name=\"twitter:label1\" content=\"Tempo di lettura stimato\" \/>\n\t<meta name=\"twitter:data1\" content=\"1 minuto\" \/>\n<script type=\"application\/ld+json\" class=\"yoast-schema-graph\">{\"@context\":\"https:\/\/schema.org\",\"@graph\":[{\"@type\":\"WebPage\",\"@id\":\"https:\/\/kaidankiho.com\/it\/ville\/\",\"url\":\"https:\/\/kaidankiho.com\/it\/ville\/\",\"name\":\"VILLE - Kaidan Kiho - Ville in affitto a Mikkeli, Finlandia\",\"isPartOf\":{\"@id\":\"https:\/\/kaidankiho.com\/it\/#website\"},\"datePublished\":\"2019-05-23T12:55:58+00:00\",\"dateModified\":\"2025-12-25T08:04:14+00:00\",\"description\":\"Nelj\u00e4 huvilaamme tarjoavat upeat puitteet m\u00f6kkilomalle tai kokoukselle. Jokaisessa m\u00f6kiss\u00e4 on oma ranta, laituri ja vene.\",\"breadcrumb\":{\"@id\":\"https:\/\/kaidankiho.com\/it\/ville\/#breadcrumb\"},\"inLanguage\":\"it-IT\",\"potentialAction\":[{\"@type\":\"ReadAction\",\"target\":[\"https:\/\/kaidankiho.com\/it\/ville\/\"]}]},{\"@type\":\"BreadcrumbList\",\"@id\":\"https:\/\/kaidankiho.com\/it\/ville\/#breadcrumb\",\"itemListElement\":[{\"@type\":\"ListItem\",\"position\":1,\"name\":\"Home\",\"item\":\"https:\/\/kaidankiho.com\/it\/\"},{\"@type\":\"ListItem\",\"position\":2,\"name\":\"VILLE\"}]},{\"@type\":\"WebSite\",\"@id\":\"https:\/\/kaidankiho.com\/it\/#website\",\"url\":\"https:\/\/kaidankiho.com\/it\/\",\"name\":\"Kaidan Kiho, Mikkelin Ristiina\",\"description\":\"Vuokrahuviloita\",\"publisher\":{\"@id\":\"https:\/\/kaidankiho.com\/it\/#organization\"},\"alternateName\":\"Korkeatasoisia vuokrahuviloita\",\"potentialAction\":[{\"@type\":\"SearchAction\",\"target\":{\"@type\":\"EntryPoint\",\"urlTemplate\":\"https:\/\/kaidankiho.com\/it\/?s={search_term_string}\"},\"query-input\":{\"@type\":\"PropertyValueSpecification\",\"valueRequired\":true,\"valueName\":\"search_term_string\"}}],\"inLanguage\":\"it-IT\"},{\"@type\":\"Organization\",\"@id\":\"https:\/\/kaidankiho.com\/it\/#organization\",\"name\":\"Kaidan kiho\",\"url\":\"https:\/\/kaidankiho.com\/it\/\",\"logo\":{\"@type\":\"ImageObject\",\"inLanguage\":\"it-IT\",\"@id\":\"https:\/\/kaidankiho.com\/it\/#\/schema\/logo\/image\/\",\"url\":\"https:\/\/kaidankiho.com\/wp-content\/uploads\/2019\/06\/kaidankiho-fav.png\",\"contentUrl\":\"https:\/\/kaidankiho.com\/wp-content\/uploads\/2019\/06\/kaidankiho-fav.png\",\"width\":54,\"height\":54,\"caption\":\"Kaidan kiho\"},\"image\":{\"@id\":\"https:\/\/kaidankiho.com\/it\/#\/schema\/logo\/image\/\"},\"sameAs\":[\"https:\/\/www.facebook.com\/kaidankiho\",\"https:\/\/www.instagram.com\/\"]}]}<\/script>\n<!-- \/ Yoast SEO plugin. -->","yoast_head_json":{"title":"VILLE - Kaidan Kiho - Ville in affitto a Mikkeli, Finlandia","description":"Nelj\u00e4 huvilaamme tarjoavat upeat puitteet m\u00f6kkilomalle tai kokoukselle. Jokaisessa m\u00f6kiss\u00e4 on oma ranta, laituri ja vene.","robots":{"index":"index","follow":"follow","max-snippet":"max-snippet:-1","max-image-preview":"max-image-preview:large","max-video-preview":"max-video-preview:-1"},"canonical":"https:\/\/kaidankiho.com\/it\/ville\/","og_locale":"it_IT","og_type":"article","og_title":"VILLE - Kaidan Kiho - Ville in affitto a Mikkeli, Finlandia","og_description":"Nelj\u00e4 huvilaamme tarjoavat upeat puitteet m\u00f6kkilomalle tai kokoukselle. Jokaisessa m\u00f6kiss\u00e4 on oma ranta, laituri ja vene.","og_url":"https:\/\/kaidankiho.com\/it\/ville\/","og_site_name":"Kaidan Kiho - Ville in affitto a Mikkeli, Finlandia","article_publisher":"https:\/\/www.facebook.com\/kaidankiho","article_modified_time":"2025-12-25T08:04:14+00:00","og_image":[{"width":900,"height":600,"url":"https:\/\/kaidankiho.com\/wp-content\/uploads\/2019\/05\/kaidankiho-kilpikonna-kilpikonna-summer.jpg","type":"image\/jpeg"}],"twitter_card":"summary_large_image","twitter_misc":{"Tempo di lettura stimato":"1 minuto"},"schema":{"@context":"https:\/\/schema.org","@graph":[{"@type":"WebPage","@id":"https:\/\/kaidankiho.com\/it\/ville\/","url":"https:\/\/kaidankiho.com\/it\/ville\/","name":"VILLE - Kaidan Kiho - Ville in affitto a Mikkeli, Finlandia","isPartOf":{"@id":"https:\/\/kaidankiho.com\/it\/#website"},"datePublished":"2019-05-23T12:55:58+00:00","dateModified":"2025-12-25T08:04:14+00:00","description":"Nelj\u00e4 huvilaamme tarjoavat upeat puitteet m\u00f6kkilomalle tai kokoukselle. Jokaisessa m\u00f6kiss\u00e4 on oma ranta, laituri ja vene.","breadcrumb":{"@id":"https:\/\/kaidankiho.com\/it\/ville\/#breadcrumb"},"inLanguage":"it-IT","potentialAction":[{"@type":"ReadAction","target":["https:\/\/kaidankiho.com\/it\/ville\/"]}]},{"@type":"BreadcrumbList","@id":"https:\/\/kaidankiho.com\/it\/ville\/#breadcrumb","itemListElement":[{"@type":"ListItem","position":1,"name":"Home","item":"https:\/\/kaidankiho.com\/it\/"},{"@type":"ListItem","position":2,"name":"VILLE"}]},{"@type":"WebSite","@id":"https:\/\/kaidankiho.com\/it\/#website","url":"https:\/\/kaidankiho.com\/it\/","name":"Kaidan Kiho, Mikkelin Ristiina","description":"Vuokrahuviloita","publisher":{"@id":"https:\/\/kaidankiho.com\/it\/#organization"},"alternateName":"Korkeatasoisia vuokrahuviloita","potentialAction":[{"@type":"SearchAction","target":{"@type":"EntryPoint","urlTemplate":"https:\/\/kaidankiho.com\/it\/?s={search_term_string}"},"query-input":{"@type":"PropertyValueSpecification","valueRequired":true,"valueName":"search_term_string"}}],"inLanguage":"it-IT"},{"@type":"Organization","@id":"https:\/\/kaidankiho.com\/it\/#organization","name":"Kaidan kiho","url":"https:\/\/kaidankiho.com\/it\/","logo":{"@type":"ImageObject","inLanguage":"it-IT","@id":"https:\/\/kaidankiho.com\/it\/#\/schema\/logo\/image\/","url":"https:\/\/kaidankiho.com\/wp-content\/uploads\/2019\/06\/kaidankiho-fav.png","contentUrl":"https:\/\/kaidankiho.com\/wp-content\/uploads\/2019\/06\/kaidankiho-fav.png","width":54,"height":54,"caption":"Kaidan kiho"},"image":{"@id":"https:\/\/kaidankiho.com\/it\/#\/schema\/logo\/image\/"},"sameAs":["https:\/\/www.facebook.com\/kaidankiho","https:\/\/www.instagram.com\/"]}]}},"_links":{"self":[{"href":"https:\/\/kaidankiho.com\/it\/wp-json\/wp\/v2\/pages\/1928","targetHints":{"allow":["GET"]}}],"collection":[{"href":"https:\/\/kaidankiho.com\/it\/wp-json\/wp\/v2\/pages"}],"about":[{"href":"https:\/\/kaidankiho.com\/it\/wp-json\/wp\/v2\/types\/page"}],"author":[{"embeddable":true,"href":"https:\/\/kaidankiho.com\/it\/wp-json\/wp\/v2\/users\/1"}],"replies":[{"embeddable":true,"href":"https:\/\/kaidankiho.com\/it\/wp-json\/wp\/v2\/comments?post=1928"}],"version-history":[{"count":0,"href":"https:\/\/kaidankiho.com\/it\/wp-json\/wp\/v2\/pages\/1928\/revisions"}],"wp:attachment":[{"href":"https:\/\/kaidankiho.com\/it\/wp-json\/wp\/v2\/media?parent=1928"}],"curies":[{"name":"wp","href":"https:\/\/api.w.org\/{rel}","templated":true}]}}