{"id":2984,"date":"2019-05-17T08:01:32","date_gmt":"2019-05-17T05:01:32","guid":{"rendered":"http:\/\/davas.site\/kaidankiho\/vastuullisuus\/"},"modified":"2019-12-05T13:06:12","modified_gmt":"2019-12-05T11:06:12","slug":"vastuullisuus","status":"publish","type":"page","link":"https:\/\/kaidankiho.com\/it\/vastuullisuus\/","title":{"rendered":"Responsa&#173;bilit\u00e0"},"content":{"rendered":"<p><img decoding=\"async\" class=\"alignright size-medium wp-image-186\" src=\"https:\/\/kaidankiho.com\/wp-content\/uploads\/2019\/05\/greenkey_logo-238x300.jpg\" alt=\"Greenkey\" width=\"238\" height=\"300\" \/><\/p>\n<p>Le nostre ville sono state costruite utilizzando tradizionali materiali finlandesi come i tronchi d&#8217;albero dei boschi locali. Il materiale isolante utilizzato fra i tronchi \u00e8 il lino coltivato nei campi mentre per l&#8217;isolamento acustico e termico del tetto abbiamo scelto la lana ecologica prodotta dalla fibra di cellulosa. Le ville sono state dipinte con vernici naturali Uula e i materiali di superficie sono stati scelti per la loro resistenza all&#8217;usura e la facilit\u00e0 di pulizia. Gli spazi esterni sono stati mantenuti il pi\u00f9 naturale possibile. Nei lavori di costruzione sono state impiegate manodopera ed esperienza locali.<\/p>\n<p>Anche la tecnologia \u00e8 stata scelta con un occhio all&#8217;aspetto ambientale. Nelle ville pi\u00f9 nuove non ci sono finestre aprili e quindi dispersioni di energia, d&#8217;estate la climatizzazione \u00e8 affidata a un&#8217;efficiente pompa di calore aria-aria che si spegne automaticamente qualora la porta resti aperta per un certo tempo. L&#8217;impianto di ventilazione \u00e8 dotato di un sistema di recupero del calore. Le docce sono temporizzate e i bagni funzionano tramite sottopressione risparmiando cos\u00ec fino a 230.000 litri l&#8217;anno di acqua potabile dal pozzo. Il riscaldamento e l&#8217;acqua calda in tutte le ville vengono ottenuti con le pompe di calore geotermiche dal lago.<\/p>\n<p>Il trattamento delle acque grigie avviene negli immobili. L&#8217;acqua del pozzo \u00e8 potabile.<br \/>\nI rifiuti vengono riciclati e i rifiuti organici vengono utilizzati per la composta. Nelle vicinanze delle sauna a riva ci sono anche dei bagni a secco. La legna da ardere proviene dal nostro bosco. Sono disponibili le istruzioni per fare la sauna risparmiando energia. Tutti i detersivi sono stati scelti su basi ecologiche. Nel cortile si trovano numerose casette per uccelli, le cui attivit\u00e0 sono molto belle da osservare e inoltre gli uccelli scacciano le zanzare. La natura offre opportunit\u00e0 per passatempi ecologici come la pesca, le passeggiate, la raccolta di bacche e funghi e i giri in bicicletta. La barche sono dotate di motori fuoribordo elettrici che rispettano l&#8217;ambiente.<\/p>\n<p>&#8220;Gestiamo la nostra attivit\u00e0 in modo responsabile e trattiamo tutti allo stesso modo. Il certificato Green Key che ci \u00e8 stato conferito \u00e8 un segno della nostra responsabilit\u00e0 ambientale, e siamo anche parte della rete <a href=\"https:\/\/www.gaytravelfinland.com\/\" target=\"_blank\" rel=\"noopener noreferrer\">We speak Gay<\/a>. Alla Kaidan Kiho, uguaglianza significa che trattiamo tutti con pari rispetto, indipendentemente da sesso, et\u00e0, origine etnica o nazionale, cittadinanza, lingua, religione o convinzioni, opinioni, disabilit\u00e0, stato di salute, orientamento sessuale o qualsiasi altro motivo legato alla persona&#8221;.<\/p>\n<p>Leena ed Esko<\/p>\n","protected":false},"excerpt":{"rendered":"<p>Le nostre ville sono state costruite utilizzando tradizionali materiali finlandesi come i tronchi d&#8217;albero dei boschi locali. Il materiale isolante utilizzato fra i tronchi \u00e8 il lino coltivato nei campi mentre per l&#8217;isolamento acustico e termico del tetto abbiamo scelto la lana ecologica prodotta dalla fibra di cellulosa. Le ville sono state dipinte con vernici [&hellip;]<\/p>\n","protected":false},"author":1,"featured_media":0,"parent":0,"menu_order":0,"comment_status":"closed","ping_status":"closed","template":"","meta":{"footnotes":""},"class_list":["post-2984","page","type-page","status-publish","hentry","wpautop"],"yoast_head":"<!-- This site is optimized with the Yoast SEO plugin v27.3 - https:\/\/yoast.com\/product\/yoast-seo-wordpress\/ -->\n<title>Responsa&#173;bilit\u00e0 - Kaidan Kiho - Ville in affitto a Mikkeli, Finlandia<\/title>\n<meta name=\"description\" content=\"Meille on my\u00f6nnetty Green Key -merkki. Meill\u00e4 Kaidan Kihossa Green Key tarkoittaa, ett\u00e4 asiakkaat p\u00e4\u00e4sev\u00e4t nauttimaan huviloidemme ekologisesta luksuksesta.\" \/>\n<meta name=\"robots\" content=\"index, follow, max-snippet:-1, max-image-preview:large, max-video-preview:-1\" \/>\n<link rel=\"canonical\" href=\"https:\/\/kaidankiho.com\/it\/vastuullisuus\/\" \/>\n<meta property=\"og:locale\" content=\"it_IT\" \/>\n<meta property=\"og:type\" content=\"article\" \/>\n<meta property=\"og:title\" content=\"Responsa&#173;bilit\u00e0 - Kaidan Kiho - Ville in affitto a Mikkeli, Finlandia\" \/>\n<meta property=\"og:description\" content=\"Meille on my\u00f6nnetty Green Key -merkki. Meill\u00e4 Kaidan Kihossa Green Key tarkoittaa, ett\u00e4 asiakkaat p\u00e4\u00e4sev\u00e4t nauttimaan huviloidemme ekologisesta luksuksesta.\" \/>\n<meta property=\"og:url\" content=\"https:\/\/kaidankiho.com\/it\/vastuullisuus\/\" \/>\n<meta property=\"og:site_name\" content=\"Kaidan Kiho - Ville in affitto a Mikkeli, Finlandia\" \/>\n<meta property=\"article:publisher\" content=\"https:\/\/www.facebook.com\/kaidankiho\" \/>\n<meta property=\"article:modified_time\" content=\"2019-12-05T11:06:12+00:00\" \/>\n<meta property=\"og:image\" content=\"https:\/\/kaidankiho.com\/wp-content\/uploads\/2019\/05\/greenkey_logo-238x300.jpg\" \/>\n<meta name=\"twitter:card\" content=\"summary_large_image\" \/>\n<meta name=\"twitter:label1\" content=\"Tempo di lettura stimato\" \/>\n\t<meta name=\"twitter:data1\" content=\"2 minuti\" \/>\n<script type=\"application\/ld+json\" class=\"yoast-schema-graph\">{\"@context\":\"https:\\\/\\\/schema.org\",\"@graph\":[{\"@type\":\"WebPage\",\"@id\":\"https:\\\/\\\/kaidankiho.com\\\/it\\\/vastuullisuus\\\/\",\"url\":\"https:\\\/\\\/kaidankiho.com\\\/it\\\/vastuullisuus\\\/\",\"name\":\"Responsa&#173;bilit\u00e0 - Kaidan Kiho - Ville in affitto a Mikkeli, Finlandia\",\"isPartOf\":{\"@id\":\"https:\\\/\\\/kaidankiho.com\\\/it\\\/#website\"},\"primaryImageOfPage\":{\"@id\":\"https:\\\/\\\/kaidankiho.com\\\/it\\\/vastuullisuus\\\/#primaryimage\"},\"image\":{\"@id\":\"https:\\\/\\\/kaidankiho.com\\\/it\\\/vastuullisuus\\\/#primaryimage\"},\"thumbnailUrl\":\"https:\\\/\\\/kaidankiho.com\\\/wp-content\\\/uploads\\\/2019\\\/05\\\/greenkey_logo-238x300.jpg\",\"datePublished\":\"2019-05-17T05:01:32+00:00\",\"dateModified\":\"2019-12-05T11:06:12+00:00\",\"description\":\"Meille on my\u00f6nnetty Green Key -merkki. Meill\u00e4 Kaidan Kihossa Green Key tarkoittaa, ett\u00e4 asiakkaat p\u00e4\u00e4sev\u00e4t nauttimaan huviloidemme ekologisesta luksuksesta.\",\"breadcrumb\":{\"@id\":\"https:\\\/\\\/kaidankiho.com\\\/it\\\/vastuullisuus\\\/#breadcrumb\"},\"inLanguage\":\"it-IT\",\"potentialAction\":[{\"@type\":\"ReadAction\",\"target\":[\"https:\\\/\\\/kaidankiho.com\\\/it\\\/vastuullisuus\\\/\"]}]},{\"@type\":\"ImageObject\",\"inLanguage\":\"it-IT\",\"@id\":\"https:\\\/\\\/kaidankiho.com\\\/it\\\/vastuullisuus\\\/#primaryimage\",\"url\":\"https:\\\/\\\/kaidankiho.com\\\/wp-content\\\/uploads\\\/2019\\\/05\\\/greenkey_logo-238x300.jpg\",\"contentUrl\":\"https:\\\/\\\/kaidankiho.com\\\/wp-content\\\/uploads\\\/2019\\\/05\\\/greenkey_logo-238x300.jpg\"},{\"@type\":\"BreadcrumbList\",\"@id\":\"https:\\\/\\\/kaidankiho.com\\\/it\\\/vastuullisuus\\\/#breadcrumb\",\"itemListElement\":[{\"@type\":\"ListItem\",\"position\":1,\"name\":\"Home\",\"item\":\"https:\\\/\\\/kaidankiho.com\\\/it\\\/\"},{\"@type\":\"ListItem\",\"position\":2,\"name\":\"Responsa&#173;bilit\u00e0\"}]},{\"@type\":\"WebSite\",\"@id\":\"https:\\\/\\\/kaidankiho.com\\\/it\\\/#website\",\"url\":\"https:\\\/\\\/kaidankiho.com\\\/it\\\/\",\"name\":\"Kaidan Kiho, Mikkelin Ristiina\",\"description\":\"Vuokrahuviloita\",\"publisher\":{\"@id\":\"https:\\\/\\\/kaidankiho.com\\\/it\\\/#organization\"},\"alternateName\":\"Korkeatasoisia vuokrahuviloita\",\"potentialAction\":[{\"@type\":\"SearchAction\",\"target\":{\"@type\":\"EntryPoint\",\"urlTemplate\":\"https:\\\/\\\/kaidankiho.com\\\/it\\\/?s={search_term_string}\"},\"query-input\":{\"@type\":\"PropertyValueSpecification\",\"valueRequired\":true,\"valueName\":\"search_term_string\"}}],\"inLanguage\":\"it-IT\"},{\"@type\":\"Organization\",\"@id\":\"https:\\\/\\\/kaidankiho.com\\\/it\\\/#organization\",\"name\":\"Kaidan kiho\",\"url\":\"https:\\\/\\\/kaidankiho.com\\\/it\\\/\",\"logo\":{\"@type\":\"ImageObject\",\"inLanguage\":\"it-IT\",\"@id\":\"https:\\\/\\\/kaidankiho.com\\\/it\\\/#\\\/schema\\\/logo\\\/image\\\/\",\"url\":\"https:\\\/\\\/kaidankiho.com\\\/wp-content\\\/uploads\\\/2019\\\/06\\\/kaidankiho-fav.png\",\"contentUrl\":\"https:\\\/\\\/kaidankiho.com\\\/wp-content\\\/uploads\\\/2019\\\/06\\\/kaidankiho-fav.png\",\"width\":54,\"height\":54,\"caption\":\"Kaidan kiho\"},\"image\":{\"@id\":\"https:\\\/\\\/kaidankiho.com\\\/it\\\/#\\\/schema\\\/logo\\\/image\\\/\"},\"sameAs\":[\"https:\\\/\\\/www.facebook.com\\\/kaidankiho\",\"https:\\\/\\\/www.instagram.com\\\/\"]}]}<\/script>\n<!-- \/ Yoast SEO plugin. -->","yoast_head_json":{"title":"Responsa&#173;bilit\u00e0 - Kaidan Kiho - Ville in affitto a Mikkeli, Finlandia","description":"Meille on my\u00f6nnetty Green Key -merkki. Meill\u00e4 Kaidan Kihossa Green Key tarkoittaa, ett\u00e4 asiakkaat p\u00e4\u00e4sev\u00e4t nauttimaan huviloidemme ekologisesta luksuksesta.","robots":{"index":"index","follow":"follow","max-snippet":"max-snippet:-1","max-image-preview":"max-image-preview:large","max-video-preview":"max-video-preview:-1"},"canonical":"https:\/\/kaidankiho.com\/it\/vastuullisuus\/","og_locale":"it_IT","og_type":"article","og_title":"Responsa&#173;bilit\u00e0 - Kaidan Kiho - Ville in affitto a Mikkeli, Finlandia","og_description":"Meille on my\u00f6nnetty Green Key -merkki. Meill\u00e4 Kaidan Kihossa Green Key tarkoittaa, ett\u00e4 asiakkaat p\u00e4\u00e4sev\u00e4t nauttimaan huviloidemme ekologisesta luksuksesta.","og_url":"https:\/\/kaidankiho.com\/it\/vastuullisuus\/","og_site_name":"Kaidan Kiho - Ville in affitto a Mikkeli, Finlandia","article_publisher":"https:\/\/www.facebook.com\/kaidankiho","article_modified_time":"2019-12-05T11:06:12+00:00","og_image":[{"url":"https:\/\/kaidankiho.com\/wp-content\/uploads\/2019\/05\/greenkey_logo-238x300.jpg","type":"","width":"","height":""}],"twitter_card":"summary_large_image","twitter_misc":{"Tempo di lettura stimato":"2 minuti"},"schema":{"@context":"https:\/\/schema.org","@graph":[{"@type":"WebPage","@id":"https:\/\/kaidankiho.com\/it\/vastuullisuus\/","url":"https:\/\/kaidankiho.com\/it\/vastuullisuus\/","name":"Responsa&#173;bilit\u00e0 - Kaidan Kiho - Ville in affitto a Mikkeli, Finlandia","isPartOf":{"@id":"https:\/\/kaidankiho.com\/it\/#website"},"primaryImageOfPage":{"@id":"https:\/\/kaidankiho.com\/it\/vastuullisuus\/#primaryimage"},"image":{"@id":"https:\/\/kaidankiho.com\/it\/vastuullisuus\/#primaryimage"},"thumbnailUrl":"https:\/\/kaidankiho.com\/wp-content\/uploads\/2019\/05\/greenkey_logo-238x300.jpg","datePublished":"2019-05-17T05:01:32+00:00","dateModified":"2019-12-05T11:06:12+00:00","description":"Meille on my\u00f6nnetty Green Key -merkki. Meill\u00e4 Kaidan Kihossa Green Key tarkoittaa, ett\u00e4 asiakkaat p\u00e4\u00e4sev\u00e4t nauttimaan huviloidemme ekologisesta luksuksesta.","breadcrumb":{"@id":"https:\/\/kaidankiho.com\/it\/vastuullisuus\/#breadcrumb"},"inLanguage":"it-IT","potentialAction":[{"@type":"ReadAction","target":["https:\/\/kaidankiho.com\/it\/vastuullisuus\/"]}]},{"@type":"ImageObject","inLanguage":"it-IT","@id":"https:\/\/kaidankiho.com\/it\/vastuullisuus\/#primaryimage","url":"https:\/\/kaidankiho.com\/wp-content\/uploads\/2019\/05\/greenkey_logo-238x300.jpg","contentUrl":"https:\/\/kaidankiho.com\/wp-content\/uploads\/2019\/05\/greenkey_logo-238x300.jpg"},{"@type":"BreadcrumbList","@id":"https:\/\/kaidankiho.com\/it\/vastuullisuus\/#breadcrumb","itemListElement":[{"@type":"ListItem","position":1,"name":"Home","item":"https:\/\/kaidankiho.com\/it\/"},{"@type":"ListItem","position":2,"name":"Responsa&#173;bilit\u00e0"}]},{"@type":"WebSite","@id":"https:\/\/kaidankiho.com\/it\/#website","url":"https:\/\/kaidankiho.com\/it\/","name":"Kaidan Kiho, Mikkelin Ristiina","description":"Vuokrahuviloita","publisher":{"@id":"https:\/\/kaidankiho.com\/it\/#organization"},"alternateName":"Korkeatasoisia vuokrahuviloita","potentialAction":[{"@type":"SearchAction","target":{"@type":"EntryPoint","urlTemplate":"https:\/\/kaidankiho.com\/it\/?s={search_term_string}"},"query-input":{"@type":"PropertyValueSpecification","valueRequired":true,"valueName":"search_term_string"}}],"inLanguage":"it-IT"},{"@type":"Organization","@id":"https:\/\/kaidankiho.com\/it\/#organization","name":"Kaidan kiho","url":"https:\/\/kaidankiho.com\/it\/","logo":{"@type":"ImageObject","inLanguage":"it-IT","@id":"https:\/\/kaidankiho.com\/it\/#\/schema\/logo\/image\/","url":"https:\/\/kaidankiho.com\/wp-content\/uploads\/2019\/06\/kaidankiho-fav.png","contentUrl":"https:\/\/kaidankiho.com\/wp-content\/uploads\/2019\/06\/kaidankiho-fav.png","width":54,"height":54,"caption":"Kaidan kiho"},"image":{"@id":"https:\/\/kaidankiho.com\/it\/#\/schema\/logo\/image\/"},"sameAs":["https:\/\/www.facebook.com\/kaidankiho","https:\/\/www.instagram.com\/"]}]}},"_links":{"self":[{"href":"https:\/\/kaidankiho.com\/it\/wp-json\/wp\/v2\/pages\/2984","targetHints":{"allow":["GET"]}}],"collection":[{"href":"https:\/\/kaidankiho.com\/it\/wp-json\/wp\/v2\/pages"}],"about":[{"href":"https:\/\/kaidankiho.com\/it\/wp-json\/wp\/v2\/types\/page"}],"author":[{"embeddable":true,"href":"https:\/\/kaidankiho.com\/it\/wp-json\/wp\/v2\/users\/1"}],"replies":[{"embeddable":true,"href":"https:\/\/kaidankiho.com\/it\/wp-json\/wp\/v2\/comments?post=2984"}],"version-history":[{"count":0,"href":"https:\/\/kaidankiho.com\/it\/wp-json\/wp\/v2\/pages\/2984\/revisions"}],"wp:attachment":[{"href":"https:\/\/kaidankiho.com\/it\/wp-json\/wp\/v2\/media?parent=2984"}],"curies":[{"name":"wp","href":"https:\/\/api.w.org\/{rel}","templated":true}]}}