{"id":9616,"date":"2022-12-11T19:46:42","date_gmt":"2022-12-11T17:46:42","guid":{"rendered":"https:\/\/kaidankiho.com\/?page_id=9616"},"modified":"2022-12-11T19:46:42","modified_gmt":"2022-12-11T17:46:42","slug":"i-termini-di-prenotazione","status":"publish","type":"page","link":"https:\/\/kaidankiho.com\/it\/i-termini-di-prenotazione\/","title":{"rendered":"I termini di prenotazione"},"content":{"rendered":"<h1><strong>I termini di prenotazione di Kaidan Kiho si applicano alle ville Kaidan Kunkku, Kilpikonna, Valmuska e Hapero <\/strong><\/h1>\n<p>&nbsp;<\/p>\n<p>Nel quadro del servizio di locazione Kaidan Kiho applica i seguenti termini. I termini diventano vincolanti per entrambe le parti non appena il cliente versa l&#8217;anticipo di cui ai presenti termini. I termini sono validi sia per i contratti nazionali che internazionali. I termini sono in vigore a tempo indeterminato. Tutti i diritti riservati. Al momento di una prenotazione verranno applicati in via principale i presenti termini. In via secondaria verr\u00e0 applicata la legge finlandese.<\/p>\n<p>&nbsp;<\/p>\n<h2><strong>Prenotazione preliminare, prenotazione e pagamento <\/strong><\/h2>\n<p>In alcuni casi Kaidan Kiho pu\u00f2 valutare l&#8217;accettazione di prenotazioni preliminari. La prenotazione preliminare diventer\u00e0 una prenotazione a tutti gli effetti e la fattura verr\u00e0 emessa il giorno della conferma salvo disdetta del cliente prima della data di conferma. La prenotazione viene confermata al versamento dell&#8217;anticipo da parte del cliente, pari al 25% dell&#8217;affitto della villa, entro il termine specificato nella conferma. La somma restante andr\u00e0 pagata non pi\u00f9 tardi di 30 giorni prima dell&#8217;inizio della vacanza. Qualora la data della prenotazione sia inferiore a 30 giorni dall&#8217;inizio della vacanza prenotata, verr\u00e0 emessa una sola fattura che include sia l&#8217;anticipo sia la somma restante. Se il cliente non dovesse effettuare il pagamento delle somme dovute entro i termini stabiliti, Kaidan Kiho potr\u00e0 annullare unilateralmente la prenotazione e rendere nuovamente disponibile la villa. Qualora il cliente non annulli la prenotazione per iscritto e la villa non venga affittata ad altri clienti, il costo della prenotazione verr\u00e0 addebitato al cliente. Dopo il pagamento della fattura, il cliente ricever\u00e0 le istruzioni per raggiungere la villa e il posto dove gli verranno consegnate le chiavi.<\/p>\n<p>Il cliente \u00e8 tenuto a comunicare l&#8217;indirizzo di posta elettronica e il numero di telefono dove inviare l&#8217;eventuale codice della porta. Per la consegna di codici o chiavi supplementari si applicheranno i prezzi in vigore.<\/p>\n<p>&nbsp;<\/p>\n<h2><strong>Annullamento e modifiche della prenotazione <\/strong><\/h2>\n<p>L&#8217;annullamento va effettuato sempre per iscritto a Kaidan Kiho. L&#8217;annullamento si considera effettuato quando Kaidan Kiho ne \u00e8 venuto a conoscenza. In caso di annullamento, l&#8217;anticipo gi\u00e0 versato dal cliente non verr\u00e0 rimborsato. Qualora la prenotazione venga annullata dopo 30 giorni dall&#8217;inizio della vacanza, verr\u00e0 addebitato l&#8217;intero importo della prenotazione. Nel caso in cui Kaidan Kiho riesca ad affittare la villa a un altro cliente, rimborser\u00e0 l&#8217;ammontare dell&#8217;affitto ricevuto dal nuovo cliente. In ogni caso l&#8217;anticipo del 25% non sar\u00e0 rimborsato. L&#8217;annullamento va comunicato immediatamente. La variazione del periodo di affitto da parte del cliente viene considerata come l&#8217;annullamento della prenotazione precedente e quindi come una nuova prenotazione.<\/p>\n<p>Si consiglia di stipulare l&#8217;assicurazione di viaggio che copra anche le spese derivanti dalla cancellazione del viaggio.<\/p>\n<p>&nbsp;<\/p>\n<h2><strong>Diritto di Kaidan Kiho di annullare la prenotazione <\/strong><\/h2>\n<p>Kaidan Kiho si riserva il diritto di annullare la prenotazione o interrompere la fornitura del servizio nel caso di eventi di forza maggiore quali un incendio, una catastrofe naturale, una disposizione delle autorit\u00e0, uno sciopero o un altro evento simile non prevedibile e che non dipende dalla volont\u00e0 di Kaidan Kiho, che rendano impossibile oppure ostacolino seriamente la fornitura del servizio. In caso di annullamento della prenotazione, verr\u00e0 rimborsato l&#8217;intero importo pagato dal cliente e in caso di interruzione del servizio l&#8217;importo corrispondente alla parte del servizio non fornita.<\/p>\n<p>Kaidan Kiho informer\u00e0 il cliente immediatamente in caso di problemi che pregiudichino la fornitura del servizio.<\/p>\n<p>Kaidan Kiho \u00e8 responsabile esclusivamente del rimborso della somma pagata dal cliente.<\/p>\n<p>&nbsp;<\/p>\n<h2><strong>Consegna, utilizzo e restituzione delle chiavi <\/strong><\/h2>\n<p>La villa \u00e8 a disposizione del cliente dalle ore 16:00 del giorno di arrivo alle ore 12:00 del giorno di partenza. La consegna delle chiavi verr\u00e0 concordata separatamente. In caso di smarrimento delle chiavi verranno addebitate le spese per la sostituzione della serratura.<\/p>\n<p>&nbsp;<\/p>\n<h2><strong>Soggiorno presso la villa <\/strong><\/h2>\n<p>L&#8217;affitto include il diritto al libero utilizzo della villa. L&#8217;utilizzo di camper, roulotte e tende da campeggio \u00e8 soggetto all&#8217;autorizzazione del proprietario. Il cliente provvede alla propria biancheria. Il cliente si fa carico della pulizia della villa durante il soggiorno. Il cliente \u00e8 tenuto a gettare la spazzatura e rimettere ogni cosa a suo posto. Le pulizie finali sono include nel prezzo tenendo presente il normale utilizzo dei luoghi, ossia i mobili al proprio posto e intatti, la spazzatura nei cassonetti, e i bagni puliti.<\/p>\n<p>L&#8217;utilizzo di candele, fiamme, fiaccole \u00e8 consentito solo negli appositi spazi su una base metallica, di ceramica o vetro in modo tale che la stearina non coli al di fuori della base. Non \u00e8 consentito introdurre fuoco acceso nelle saune. \u00c8 vietato utilizzare le frasche di betulla nelle saune dell&#8217;edificio principale e nella sauna a fumo.<\/p>\n<p>L&#8217;essiccatura di funghi, bacche e pesci \u00e8 consentita solo nel forno a ricircolazione della cucina. Qualora al termine dell&#8217;affitto la pulizia della villa non corrisponda a quanto summenzionato e sia necessario effettuare delle pulizie supplementari prima dell&#8217;arrivo di un altro cliente, verranno addebitate le spese di pulizia nella misura di 50\u20ac (IVA inclusa, 24%) l&#8217;ora o frazione di essa.<\/p>\n<p>Il limite di velocit\u00e0 nel lago per le barche a motore \u00e8 di 9 km\/h. L&#8217;utilizzo di moto d&#8217;acqua \u00e8 vietato.<\/p>\n<p>La tenda per grigliate e sauna di Hapero e Valmuska sono utilizzabili dal 28 aprile al 31 ottobre.<\/p>\n<p>&nbsp;<\/p>\n<h2><strong>Misure contro il ghiaccio <\/strong><\/h2>\n<p>In caso di ghiaccio nei gradini, nelle terrazze, nei sentieri, nelle strade e nelle banchine \u00e8 possibile utilizzare il pietrisco conservato nell&#8217;apposito contenitore. Durante il soggiorno il cliente \u00e8 responsabile delle necessarie misure contro il ghiaccio. Qualora il pietrisco dovesse terminare, il cliente \u00e8 tenuto a informarne il custode.<\/p>\n<p>In caso di infortuni per caduta a causa del ghiaccio, il cliente \u00e8 tenuto a informarne immediatamente il custode. Se l&#8217;infortunio non \u00e8 stato immediatamente comunicato al custode, Kaidan Kiho non sar\u00e0 responsabile di quanto accaduto. Qualora il cliente dovesse scivolare e infortunarsi per effetto dell&#8217;uso di alcool o altre sostanze inebrianti, Kaidan Kiho non sar\u00e0 assolutamente responsabile di quanto accaduto.<\/p>\n<p>&nbsp;<\/p>\n<h2><strong>Nuoto tramite buco nel ghiaccio nella villa Kaidan Kunkku <\/strong><\/h2>\n<p>Il buco nel ghiaccio si trova all&#8217;estremit\u00e0 della banchina e viene mantenuto aperto tramite la corrente prodotta da un generatore. Prestare attenzione al fatto che lo strato di ghiaccio \u00e8 pi\u00f9 debole su una superficie maggiore delle vicinanze delle parti non completamente gelate. \u00c8 vietato camminare sul ghiaccio a meno di 30 metri dal bordo del buco nel ghiaccio.<\/p>\n<p>Il custode cerca di mantenere le vie di accesso al buco nel ghiaccio nelle migliori condizioni possibili. Tuttavia, a causa delle repentine variazioni del tempo \u00e8 possibile che si formi ghiaccio nelle vie di accesso e sui gradini. In tal caso il cliente deve usare la massima precauzione e prendere le relative misure spazzando la neve dalle vie di accesso e spargendovi il pietrisco. Se necessario contattare il custode.<\/p>\n<p>\u00c8 vietato fare il bagno nel buco nel ghiaccio nel caso di assunzione di alcol o altre sostanze inebrianti.<\/p>\n<p>Il cliente \u00e8 tenuto ad accertarsi delle proprie condizioni di salute e dell&#8217;appropriatezza del bagno in tali condizioni alle proprie condizioni.<\/p>\n<p>Suggeriamo di portare con s\u00e9 le ciabatte e l&#8217;accappatoio.<\/p>\n<p>&nbsp;<\/p>\n<h2><strong>Guasti, difetti e reclami <\/strong><\/h2>\n<p>Tutte le osservazioni relative alla prenotazione e le condizioni della villa vanno fatte immediatamente al custode affinch\u00e9 si possa procedere alla riparazione nella misura del possibile. Qualora non sia possibile eliminare il difetto o la mancanza, \u00e8 necessario presentare immediatamente un reclamo al proprietario. Non verranno presi in considerazione i reclami presentati successivamente. Il cliente ha altres\u00ec l&#8217;obbligo di comunicare immediatamente e risarcire i danni causati alla villa e ai relativi beni mobili. I danni non comunicati verranno addebitati successivamente in relazione alle spese sostenute. Qualora il cliente e Kaidan Kiho non dovessero trovare un accordo relativamente a quanto summenzionato, il cliente pu\u00f2 presentare la questione al Comitato per i reclami dei consumatori. Se nemmeno in questo caso si dovesse trovare una soluzione, le divergenze verranno risolte presso il tribunale pi\u00f9 vicino a Kaidan Kiho.<\/p>\n<p>&nbsp;<\/p>\n<h2><strong>Numero di persone <\/strong><\/h2>\n<p>Il numero massimo consentito di persone corrisponde al numero di letti e letti supplementari della villa. Al momento della prenotazione va comunicato il numero di persone e tale numero non pu\u00f2 essere superato. In caso di persone in pi\u00f9 non comunicate, verranno addebitati 60\u20ac a persona al giorno come supplemento da pagare in contanti.<\/p>\n<p>L&#8217;utilizzo di propri letti supplementari \u00e8 consentito solo su accordo separato. Non \u00e8 consentito dormire sui divani di notte.<\/p>\n<p>&nbsp;<\/p>\n<h2><strong>Fumo e animali domestici <\/strong><\/h2>\n<p>Fumare \u00e8 consentito solo all&#8217;esterno della villa negli appositi spazi. \u00c8 prevista una multa di 200\u20ac nel caso si dovesse fumare all&#8217;interno della villa. Gli animali domestici sono consentiti previa autorizzazione nelle ville Valmuska e Hapero. Non sono ammessi animali domestici nelle ville Kaidan Kunkku e Kilpikonna. L&#8217;introduzione di animali domestici in spazi non autorizzati comporter\u00e0 una multa pari a 200\u20ac al giorno per animale da pagare in contanti.<\/p>\n<p>Kaidan Kiho non \u00e8 responsabile nel caso in cui si fumi senza autorizzazione o nel caso di problemi di allergia causati ai clienti per via di peli di animali. La malattia degli animali domestici non d\u00e0 diritto all&#8217;annullamento della prenotazione.<\/p>\n<p>&nbsp;<\/p>\n<p>Kaidan Kiho<\/p>\n<p>Tel: Esko +358 50 5278814 e Leena +358 45 6349299<\/p>\n<p>Email: <a href=\"mailto:info@kaidankiho.com\">info@kaidankiho.com<\/a><\/p>\n<p>WWW: https:\/\/www.kaidankiho.com<\/p>\n","protected":false},"excerpt":{"rendered":"<p>I termini di prenotazione di Kaidan Kiho si applicano alle ville Kaidan Kunkku, Kilpikonna, Valmuska e Hapero &nbsp; Nel quadro del servizio di locazione Kaidan Kiho applica i seguenti termini. I termini diventano vincolanti per entrambe le parti non appena il cliente versa l&#8217;anticipo di cui ai presenti termini. I termini sono validi sia per [&hellip;]<\/p>\n","protected":false},"author":5,"featured_media":0,"parent":0,"menu_order":0,"comment_status":"closed","ping_status":"closed","template":"","meta":{"footnotes":""},"class_list":["post-9616","page","type-page","status-publish","hentry","wpautop"],"yoast_head":"<!-- This site is optimized with the Yoast SEO plugin v27.3 - https:\/\/yoast.com\/product\/yoast-seo-wordpress\/ -->\n<title>I termini di prenotazione - Kaidan Kiho - Ville in affitto a Mikkeli, Finlandia<\/title>\n<meta name=\"robots\" content=\"index, follow, max-snippet:-1, max-image-preview:large, max-video-preview:-1\" \/>\n<link rel=\"canonical\" href=\"https:\/\/kaidankiho.com\/it\/i-termini-di-prenotazione\/\" \/>\n<meta property=\"og:locale\" content=\"it_IT\" \/>\n<meta property=\"og:type\" content=\"article\" \/>\n<meta property=\"og:title\" content=\"I termini di prenotazione - Kaidan Kiho - Ville in affitto a Mikkeli, Finlandia\" \/>\n<meta property=\"og:description\" content=\"I termini di prenotazione di Kaidan Kiho si applicano alle ville Kaidan Kunkku, Kilpikonna, Valmuska e Hapero &nbsp; Nel quadro del servizio di locazione Kaidan Kiho applica i seguenti termini. I termini diventano vincolanti per entrambe le parti non appena il cliente versa l&#8217;anticipo di cui ai presenti termini. I termini sono validi sia per [&hellip;]\" \/>\n<meta property=\"og:url\" content=\"https:\/\/kaidankiho.com\/it\/i-termini-di-prenotazione\/\" \/>\n<meta property=\"og:site_name\" content=\"Kaidan Kiho - Ville in affitto a Mikkeli, Finlandia\" \/>\n<meta property=\"article:publisher\" content=\"https:\/\/www.facebook.com\/kaidankiho\" \/>\n<meta property=\"og:image\" content=\"https:\/\/kaidankiho.com\/wp-content\/uploads\/2019\/05\/kaidankiho-kilpikonna-kilpikonna-summer.jpg\" \/>\n\t<meta property=\"og:image:width\" content=\"900\" \/>\n\t<meta property=\"og:image:height\" content=\"600\" \/>\n\t<meta property=\"og:image:type\" content=\"image\/jpeg\" \/>\n<meta name=\"twitter:card\" content=\"summary_large_image\" \/>\n<meta name=\"twitter:label1\" content=\"Tempo di lettura stimato\" \/>\n\t<meta name=\"twitter:data1\" content=\"10 minuti\" \/>\n<script type=\"application\/ld+json\" class=\"yoast-schema-graph\">{\"@context\":\"https:\\\/\\\/schema.org\",\"@graph\":[{\"@type\":\"WebPage\",\"@id\":\"https:\\\/\\\/kaidankiho.com\\\/it\\\/i-termini-di-prenotazione\\\/\",\"url\":\"https:\\\/\\\/kaidankiho.com\\\/it\\\/i-termini-di-prenotazione\\\/\",\"name\":\"I termini di prenotazione - Kaidan Kiho - Ville in affitto a Mikkeli, Finlandia\",\"isPartOf\":{\"@id\":\"https:\\\/\\\/kaidankiho.com\\\/it\\\/#website\"},\"datePublished\":\"2022-12-11T17:46:42+00:00\",\"breadcrumb\":{\"@id\":\"https:\\\/\\\/kaidankiho.com\\\/it\\\/i-termini-di-prenotazione\\\/#breadcrumb\"},\"inLanguage\":\"it-IT\",\"potentialAction\":[{\"@type\":\"ReadAction\",\"target\":[\"https:\\\/\\\/kaidankiho.com\\\/it\\\/i-termini-di-prenotazione\\\/\"]}]},{\"@type\":\"BreadcrumbList\",\"@id\":\"https:\\\/\\\/kaidankiho.com\\\/it\\\/i-termini-di-prenotazione\\\/#breadcrumb\",\"itemListElement\":[{\"@type\":\"ListItem\",\"position\":1,\"name\":\"Home\",\"item\":\"https:\\\/\\\/kaidankiho.com\\\/it\\\/\"},{\"@type\":\"ListItem\",\"position\":2,\"name\":\"I termini di prenotazione\"}]},{\"@type\":\"WebSite\",\"@id\":\"https:\\\/\\\/kaidankiho.com\\\/it\\\/#website\",\"url\":\"https:\\\/\\\/kaidankiho.com\\\/it\\\/\",\"name\":\"Kaidan Kiho, Mikkelin Ristiina\",\"description\":\"Vuokrahuviloita\",\"publisher\":{\"@id\":\"https:\\\/\\\/kaidankiho.com\\\/it\\\/#organization\"},\"alternateName\":\"Korkeatasoisia vuokrahuviloita\",\"potentialAction\":[{\"@type\":\"SearchAction\",\"target\":{\"@type\":\"EntryPoint\",\"urlTemplate\":\"https:\\\/\\\/kaidankiho.com\\\/it\\\/?s={search_term_string}\"},\"query-input\":{\"@type\":\"PropertyValueSpecification\",\"valueRequired\":true,\"valueName\":\"search_term_string\"}}],\"inLanguage\":\"it-IT\"},{\"@type\":\"Organization\",\"@id\":\"https:\\\/\\\/kaidankiho.com\\\/it\\\/#organization\",\"name\":\"Kaidan kiho\",\"url\":\"https:\\\/\\\/kaidankiho.com\\\/it\\\/\",\"logo\":{\"@type\":\"ImageObject\",\"inLanguage\":\"it-IT\",\"@id\":\"https:\\\/\\\/kaidankiho.com\\\/it\\\/#\\\/schema\\\/logo\\\/image\\\/\",\"url\":\"https:\\\/\\\/kaidankiho.com\\\/wp-content\\\/uploads\\\/2019\\\/06\\\/kaidankiho-fav.png\",\"contentUrl\":\"https:\\\/\\\/kaidankiho.com\\\/wp-content\\\/uploads\\\/2019\\\/06\\\/kaidankiho-fav.png\",\"width\":54,\"height\":54,\"caption\":\"Kaidan kiho\"},\"image\":{\"@id\":\"https:\\\/\\\/kaidankiho.com\\\/it\\\/#\\\/schema\\\/logo\\\/image\\\/\"},\"sameAs\":[\"https:\\\/\\\/www.facebook.com\\\/kaidankiho\",\"https:\\\/\\\/www.instagram.com\\\/\"]}]}<\/script>\n<!-- \/ Yoast SEO plugin. -->","yoast_head_json":{"title":"I termini di prenotazione - Kaidan Kiho - Ville in affitto a Mikkeli, Finlandia","robots":{"index":"index","follow":"follow","max-snippet":"max-snippet:-1","max-image-preview":"max-image-preview:large","max-video-preview":"max-video-preview:-1"},"canonical":"https:\/\/kaidankiho.com\/it\/i-termini-di-prenotazione\/","og_locale":"it_IT","og_type":"article","og_title":"I termini di prenotazione - Kaidan Kiho - Ville in affitto a Mikkeli, Finlandia","og_description":"I termini di prenotazione di Kaidan Kiho si applicano alle ville Kaidan Kunkku, Kilpikonna, Valmuska e Hapero &nbsp; Nel quadro del servizio di locazione Kaidan Kiho applica i seguenti termini. I termini diventano vincolanti per entrambe le parti non appena il cliente versa l&#8217;anticipo di cui ai presenti termini. I termini sono validi sia per [&hellip;]","og_url":"https:\/\/kaidankiho.com\/it\/i-termini-di-prenotazione\/","og_site_name":"Kaidan Kiho - Ville in affitto a Mikkeli, Finlandia","article_publisher":"https:\/\/www.facebook.com\/kaidankiho","og_image":[{"width":900,"height":600,"url":"https:\/\/kaidankiho.com\/wp-content\/uploads\/2019\/05\/kaidankiho-kilpikonna-kilpikonna-summer.jpg","type":"image\/jpeg"}],"twitter_card":"summary_large_image","twitter_misc":{"Tempo di lettura stimato":"10 minuti"},"schema":{"@context":"https:\/\/schema.org","@graph":[{"@type":"WebPage","@id":"https:\/\/kaidankiho.com\/it\/i-termini-di-prenotazione\/","url":"https:\/\/kaidankiho.com\/it\/i-termini-di-prenotazione\/","name":"I termini di prenotazione - Kaidan Kiho - Ville in affitto a Mikkeli, Finlandia","isPartOf":{"@id":"https:\/\/kaidankiho.com\/it\/#website"},"datePublished":"2022-12-11T17:46:42+00:00","breadcrumb":{"@id":"https:\/\/kaidankiho.com\/it\/i-termini-di-prenotazione\/#breadcrumb"},"inLanguage":"it-IT","potentialAction":[{"@type":"ReadAction","target":["https:\/\/kaidankiho.com\/it\/i-termini-di-prenotazione\/"]}]},{"@type":"BreadcrumbList","@id":"https:\/\/kaidankiho.com\/it\/i-termini-di-prenotazione\/#breadcrumb","itemListElement":[{"@type":"ListItem","position":1,"name":"Home","item":"https:\/\/kaidankiho.com\/it\/"},{"@type":"ListItem","position":2,"name":"I termini di prenotazione"}]},{"@type":"WebSite","@id":"https:\/\/kaidankiho.com\/it\/#website","url":"https:\/\/kaidankiho.com\/it\/","name":"Kaidan Kiho, Mikkelin Ristiina","description":"Vuokrahuviloita","publisher":{"@id":"https:\/\/kaidankiho.com\/it\/#organization"},"alternateName":"Korkeatasoisia vuokrahuviloita","potentialAction":[{"@type":"SearchAction","target":{"@type":"EntryPoint","urlTemplate":"https:\/\/kaidankiho.com\/it\/?s={search_term_string}"},"query-input":{"@type":"PropertyValueSpecification","valueRequired":true,"valueName":"search_term_string"}}],"inLanguage":"it-IT"},{"@type":"Organization","@id":"https:\/\/kaidankiho.com\/it\/#organization","name":"Kaidan kiho","url":"https:\/\/kaidankiho.com\/it\/","logo":{"@type":"ImageObject","inLanguage":"it-IT","@id":"https:\/\/kaidankiho.com\/it\/#\/schema\/logo\/image\/","url":"https:\/\/kaidankiho.com\/wp-content\/uploads\/2019\/06\/kaidankiho-fav.png","contentUrl":"https:\/\/kaidankiho.com\/wp-content\/uploads\/2019\/06\/kaidankiho-fav.png","width":54,"height":54,"caption":"Kaidan kiho"},"image":{"@id":"https:\/\/kaidankiho.com\/it\/#\/schema\/logo\/image\/"},"sameAs":["https:\/\/www.facebook.com\/kaidankiho","https:\/\/www.instagram.com\/"]}]}},"_links":{"self":[{"href":"https:\/\/kaidankiho.com\/it\/wp-json\/wp\/v2\/pages\/9616","targetHints":{"allow":["GET"]}}],"collection":[{"href":"https:\/\/kaidankiho.com\/it\/wp-json\/wp\/v2\/pages"}],"about":[{"href":"https:\/\/kaidankiho.com\/it\/wp-json\/wp\/v2\/types\/page"}],"author":[{"embeddable":true,"href":"https:\/\/kaidankiho.com\/it\/wp-json\/wp\/v2\/users\/5"}],"replies":[{"embeddable":true,"href":"https:\/\/kaidankiho.com\/it\/wp-json\/wp\/v2\/comments?post=9616"}],"version-history":[{"count":0,"href":"https:\/\/kaidankiho.com\/it\/wp-json\/wp\/v2\/pages\/9616\/revisions"}],"wp:attachment":[{"href":"https:\/\/kaidankiho.com\/it\/wp-json\/wp\/v2\/media?parent=9616"}],"curies":[{"name":"wp","href":"https:\/\/api.w.org\/{rel}","templated":true}]}}